{"id":9,"date":"2011-10-14T11:47:42","date_gmt":"2011-10-14T11:47:42","guid":{"rendered":"http:\/\/proyectoideo.wordpress.com\/?page_id=9"},"modified":"2019-11-29T17:47:41","modified_gmt":"2019-11-29T16:47:41","slug":"sesiones-i-deo","status":"publish","type":"page","link":"https:\/\/www.easp.es\/ideo\/?page_id=9","title":{"rendered":"Sesiones i-deo"},"content":{"rendered":"<p>Relaci\u00f3n de sesiones i-deo celebradas:<\/p>\n<p><strong>2019<\/strong><\/p>\n<p><strong>Herramientas de Comunicaci\u00f3n Moodle (1)<\/strong><br \/>\n15 de mayo de 2019. 10 participantes. <a href=\"https:\/\/www.easp.es\/ideo\/?p=715\"><br \/>\n<\/a>Alfredo Ruiz y Jos\u00e9 Luis Mart\u00edn<br \/>\nEscuela Andaluza de Salud P\u00fablica<\/p>\n<p><strong>Herramientas de Comunicaci\u00f3n Moodle (2)<\/strong><br \/>\n16 de mayo de 2019. 11 participantes. <a href=\"https:\/\/www.easp.es\/ideo\/?p=715\"><br \/>\n<\/a>Alfredo Ruiz y Jos\u00e9 Luis Mart\u00edn<br \/>\nEscuela Andaluza de Salud P\u00fablica<\/p>\n<p><strong>Transformaci\u00f3n art\u00edstica del resultado cient\u00edfico: En busca del impacto afectivo<\/strong><br \/>\n23 de septiembre de 2019. 20 participantes. <a href=\"https:\/\/www.easp.es\/ideo\/?p=715\"><br \/>\n<\/a>Vinita Mahtani Chugani<br \/>\nEscuela Andaluza de Salud P\u00fablica<\/p>\n<p><strong>2018<\/strong><\/p>\n<p><strong>Fortaleciendo la propia identidad y las propias potencialidades para contagiar entusiasmo e integraci\u00f3n afectiva en el aula<\/strong><br \/>\n10 de abril de 2018. 8 participantes. <a href=\"https:\/\/www.easp.es\/ideo\/?p=715\"><br \/>\n<\/a>Jos\u00e9 Luis Bimbela\/Viviana Canal\u00eds<br \/>\nEscuela Andaluza de Salud P\u00fablica<\/p>\n<p><strong>Vamos a leer im\u00e1genes: \u00c1lbumes ilustrados saltando fronteras<\/strong><br \/>\n24 de abril de 2018. 12 participantes. <a href=\"https:\/\/www.easp.es\/ideo\/?p=715\"><br \/>\n<\/a>Ainhoa Rodr\u00edguez<br \/>\nEscuela Andaluza de Salud P\u00fablica<\/p>\n<p><strong>Curso Masivo, esfuerzo comedido<\/strong><br \/>\n7 de mayo de 2018. 30 participantes. <a href=\"https:\/\/www.easp.es\/ideo\/?p=715\"><br \/>\n<\/a>Alfredo Ruiz y Jos\u00e9 Luis Mart\u00edn<br \/>\nEscuela Andaluza de Salud P\u00fablica<\/p>\n<p><strong>Novedades Moodle 3.51\u00a0 (1)<\/strong><br \/>\n18 de septiembre de 2018. 21 participantes. <a href=\"https:\/\/www.easp.es\/ideo\/?p=715\"><br \/>\n<\/a>Jos\u00e9 Luis Mart\u00edn y Alfredo Ruiz<br \/>\nEscuela Andaluza de Salud P\u00fablica<\/p>\n<p><strong>Novedades Moodle 3.51\u00a0 (2)<\/strong><br \/>\n20 de septiembre de 2018. 13 participantes. <a href=\"https:\/\/www.easp.es\/ideo\/?p=715\"><br \/>\n<\/a>Jos\u00e9 Luis Mart\u00edn y Alfredo Ruiz<br \/>\nEscuela Andaluza de Salud P\u00fablica<\/p>\n<p><strong>2017<\/strong><\/p>\n<p><strong>Seminario abierto MOOC<\/strong><br \/>\n4 de abril de 2017. 22 participantes. <a href=\"https:\/\/www.easp.es\/ideo\/?p=715\"><br \/>\n<\/a>Mariano Hern\u00e1n<br \/>\nEscuela Andaluza de Salud P\u00fablica<\/p>\n<p><strong>El oficio del profesorado<\/strong><br \/>\n25 de abril de 2017. 12 participantes.<br \/>\nJos\u00e9 Luis Bimbela<br \/>\nEscuela Andaluza de Salud P\u00fablica<\/p>\n<p><strong>Gamificaci\u00f3n y Formaci\u00f3n<\/strong><br \/>\n6 de junio de 2017. 8 participantes.<br \/>\nAzaharaTIC<br \/>\nEscuela Andaluza de Salud P\u00fablica<\/p>\n<p><strong>Uso de Whatsapp en Educaci\u00f3n y otras utilidades<\/strong><br \/>\n10 de noviembre de 2017. 8 participantes.<br \/>\nAzaharaTIC<br \/>\nEscuela Andaluza de Salud P\u00fablica<\/p>\n<p><strong>Identidad digital y reputaci\u00f3n online para investigadores e investigadoras, proyectos de investigaci\u00f3n y consultor\u00eda y programas docentes.<\/strong><br \/>\n19 de diciembre de 2017. 15 participantes.<br \/>\n\u00c1ngel de los Rios<br \/>\nEscuela Andaluza de Salud P\u00fablica<\/p>\n<p><strong>2016<\/strong><\/p>\n<p><strong>Herramienas que nos hacen m\u00e1s f\u00e1cil la vida (1)<\/strong><br \/>\n16 de febrero de 2016. 35 participantes. <a href=\"https:\/\/www.easp.es\/ideo\/?p=715\"><br \/>\n<\/a>David G\u00f3mez\/Juanma Jim\u00e9nez, Jos\u00e9 Luis Mart\u00edn, Diego Rodero, Juan A. Castillo<br \/>\nEscuela Andaluza de Salud P\u00fablica<\/p>\n<p><strong>Herramienas que nos hacen m\u00e1s f\u00e1cil la vida (2)<\/strong><br \/>\n15 de marzo de 2016. 16 participantes. <a href=\"https:\/\/www.easp.es\/ideo\/?p=715\"><br \/>\n<\/a>Tachy Prieto\/Giulia Fern\u00e1ndez\/Pilar S\u00e1nchez\/Alfredo Ruiz<br \/>\nEscuela Andaluza de Salud P\u00fablica<\/p>\n<p><strong>\u00c9tica y formaci\u00f3n<\/strong><br \/>\n12 de abril de 2016. 10 participantes.<br \/>\nJos\u00e9 Luis Bimbela<br \/>\nEscuela Andaluza de Salud P\u00fablica<\/p>\n<p><strong>Flipped classroom<\/strong><br \/>\n10 de mayo de 2016. 22 participantes.<br \/>\nAnibal de la Torre<br \/>\nEscuela Andaluza de Salud P\u00fablica<\/p>\n<p><strong>Iniciaci\u00f3n a GIMP (1)<\/strong><br \/>\n17 de mayo de 2016. 11 participantes.<br \/>\nJuan Antonio Castillo\/Alfredo Ruiz<br \/>\nEscuela Andaluza de Salud P\u00fablica<\/p>\n<p><strong>FRATO<\/strong><br \/>\n31 de mayo de 2016. 42 participantes.<br \/>\nFrancesco Tonucci<br \/>\nEscuela Andaluza de Salud P\u00fablica<\/p>\n<p><strong>Iniciaci\u00f3n a GIMP (2)<\/strong><br \/>\n14 de junio de 2016. 13 participantes.<br \/>\nJuan Antonio Castillo\/Alfredo Ruiz<br \/>\nEscuela Andaluza de Salud P\u00fablica<\/p>\n<p><strong>Grupos de Trabajo ideo<\/strong><br \/>\n28 de junio de 2016. 9 participantes.<br \/>\nMariano Hern\u00e1n<br \/>\nEscuela Andaluza de Salud P\u00fablica<\/p>\n<p><strong>Novedades en Moodle (1)<\/strong><br \/>\n27 de septiembre de 2016. 20 participantes.<br \/>\nJos\u00e9 Luis Mart\u00edn<br \/>\nEscuela Andaluza de Salud P\u00fablica<\/p>\n<p><strong>Novedades en Moodle (2)<\/strong><br \/>\n4 de octubre de 2016. 7 participantes.<br \/>\nJos\u00e9 Luis Mart\u00edn<br \/>\nEscuela Andaluza de Salud P\u00fablica<\/p>\n<p><strong>Taller: Novedades en Moodle (1)<\/strong><br \/>\n14 de noviembre de 2016. 14 participantes.<br \/>\nJos\u00e9 Luis Mart\u00edn<br \/>\nEscuela Andaluza de Salud P\u00fablica<\/p>\n<p><strong>Taller: Novedades en Moodle (2)<\/strong><br \/>\n15 de noviembre de 2016. 8 participantes.<br \/>\nJos\u00e9 Luis Mart\u00edn<br \/>\nEscuela Andaluza de Salud P\u00fablica<\/p>\n<p><strong>2015<\/strong><\/p>\n<p><strong>El proceso de aprendizaje desde mi biograf\u00eda<\/strong><br \/>\n20 de enero de 2015. 15 participantes. <a href=\"https:\/\/www.easp.es\/ideo\/?p=715\">https:\/\/www.easp.es\/ideo\/?p=715<br \/>\n<\/a>Maru Garc\u00eda Cubillo<br \/>\nDirectora del Plan Integral de Formaci\u00f3n del SSPA<\/p>\n<p><strong>Va de Moodle: Alternativas para evaluar y calificar en Moodle<br \/>\n<\/strong>10 de febrero de 2015. 22 participantes. <a href=\"https:\/\/www.easp.es\/ideo\/?p=737\">https:\/\/www.easp.es\/ideo\/?p=737<br \/>\n<\/a>Jos\u00e9 Luis Mart\u00edn y Alfredo Ruiz<br \/>\nEscuela Andaluza de Salud P\u00fablica<\/p>\n<p><strong>C\u00f3mo se desarroll\u00f3 #EASPMOOC13<br \/>\n<\/strong>10 de marzo de 2015. 29 participantes. <a href=\"https:\/\/www.easp.es\/ideo\/?p=748\">https:\/\/www.easp.es\/ideo\/?p=748<br \/>\n<\/a>Mariano Hern\u00e1n<br \/>\nEscuela Andaluza de Salud P\u00fablica<\/p>\n<p><strong>Gu\u00eda cl\u00ednica sobre el ciberacoso para profesionales de la salud<br \/>\n<\/strong>19 de marzo de 2015. 24 participantes. <a href=\"https:\/\/www.easp.es\/ideo\/?p=762\">https:\/\/www.easp.es\/ideo\/?p=762<br \/>\n<\/a>Mar\u00eda Angustias Salmer\u00f3n<br \/>\nHospital Universitario de La Paz<\/p>\n<p><strong>Va de Moodle: Evaluaci\u00f3n por pares en Moodle<br \/>\n<\/strong>14 de abril de 2015. 14 participantes.<br \/>\nJos\u00e9 Luis Mart\u00edn y Alfredo Ruiz<br \/>\nEscuela Andaluza de Salud P\u00fablica<\/p>\n<p><strong>El cine y la salud en los imaginarios del sur<br \/>\n<\/strong>28 de abril de 2015. 62 participantes. <a href=\"https:\/\/www.easp.es\/ideo\/?p=791\">https:\/\/www.easp.es\/ideo\/?p=791<br \/>\n<\/a>Jos\u00e9 S\u00e1nchez Montes<br \/>\nDirector del Festival de Granada \u201cCines del Sur\u201d<\/p>\n<p><strong>En tu casa o en la mia. Herramientas de videocaonferencia<br \/>\n<\/strong>12 de mayode 2015. 13 participantes.<a href=\"https:\/\/www.easp.es\/ideo\/?p=791\"><br \/>\n<\/a>Jos\u00e9 Luis Mart\u00edn y Alfredo Ruiz<br \/>\nEscuela Andaluza de Salud P\u00fablica<\/p>\n<p><strong>Aprendiendo y ense\u00f1ando sobre recursos humanos 2.0<br \/>\n<\/strong>19 de mayo de 2015. 44 participantes.<a href=\"https:\/\/www.easp.es\/ideo\/?p=791\"><br \/>\n<\/a>Virginio Gallardo<br \/>\nEscuela Andaluza de Salud P\u00fablica<\/p>\n<p><strong>Pecha-Kucha primaveral<br \/>\n<\/strong>16 de junio de 2015. 32 participantes.<a href=\"https:\/\/www.easp.es\/ideo\/?p=791\"><br \/>\n<\/a>Carlos Belda<br \/>\nEscuela Andaluza de Salud P\u00fablica<\/p>\n<p><strong>Epigen\u00e9tica y Salutog\u00e9nesis<br \/>\n<\/strong>30 de junio de 2015. 39 participantes.<a href=\"https:\/\/www.easp.es\/ideo\/?p=791\"><br \/>\n<\/a>Rafael Cofi\u00f1o<br \/>\nEscuela Andaluza de Salud P\u00fablica<\/p>\n<p><strong>\u00bfInnovaci\u00f3n Docente? S\u00ed, con toda el alma\u2026 creativa<br \/>\n<\/strong>29 de septiembre de 2015. 15 participantes.<a href=\"https:\/\/www.easp.es\/ideo\/?p=791\"><br \/>\n<\/a>Jos\u00e9 Luis Bimbela<br \/>\nEscuela Andaluza de Salud P\u00fablica<\/p>\n<p><strong>Mejoras en el proceso de docencia y aula virtual<br \/>\n<\/strong>6 de octubre de 2015. 22 participantes.<a href=\"https:\/\/www.easp.es\/ideo\/?p=791\"><br \/>\n<\/a>Juan Jos\u00e9 P\u00e9rez L\u00e1zaro, Mariano Hern\u00e1n, Carmen Lineros, Alfredo Ruiz<br \/>\nEscuela Andaluza de Salud P\u00fablica<\/p>\n<p><strong>Titulares formativos<br \/>\n<\/strong>9 de diciembre de 2015. 11 participantes.<br \/>\n\u00c1ngel Mena<br \/>\nEscuela Andaluza de Salud P\u00fablica<\/p>\n<p><strong>2014<\/strong><\/p>\n<p><strong>Algunas pistas y sugerencias pr\u00e1cticas para una docencia virtual exitosa. Del escepticismo&#8230; A la ilusi\u00f3n<\/strong><br \/>\n25 de febrero de 2014. 22 participantes. <a href=\"http:\/\/ideo.easp.es\/?p=615\">http:\/\/ideo.easp.es\/?p=615<br \/>\n<\/a>Jos\u00e9 Luis Bimbela<br \/>\nEscuela Andaluza de Salud P\u00fablica<\/p>\n<p><strong>Experiencias y soluciones sobre formaci\u00f3n online y e-aprendizaje<br \/>\n<\/strong>11 de marzo de 2014. 18 participantes. <a href=\"http:\/\/ideo.easp.es\/?p=635\">http:\/\/ideo.easp.es\/?p=635<br \/>\n<\/a>Lala Bono y Juanjo P\u00e9rez L\u00e1zaro<br \/>\nEscuela Andaluza de Salud P\u00fablica<\/p>\n<p><strong>Compartir Experiencias<br \/>\n<\/strong>8 de Abril de 2014. 13 participantes. <a href=\"http:\/\/ideo.easp.es\/?p=648\">http:\/\/ideo.easp.es\/?p=648<\/a> <a href=\"http:\/\/ideo.easp.es\/?p=646\">http:\/\/ideo.easp.es\/?p=646<br \/>\n<\/a>Juan Manuel Jim\u00e9nez y Elena Gonzalo<br \/>\nEscuela Andaluza de Salud P\u00fablica<\/p>\n<p><strong>Leer con los hijos, leer con los alumnos, leer con las hijas, leer con las alumnas.<br \/>\n<\/strong>22 de abril de 2014. 36 participantes.<br \/>\nJuan Mata y Andrea Villarubia<br \/>\nFundaci\u00f3n deLibros<\/p>\n<p><strong>Compartir Experiencias<br \/>\n<\/strong>29 de Abril de 2014. 11 participantes.<br \/>\nPiedad Mart\u00edn y Jos\u00e9 Luis Mart\u00edn<br \/>\nEscuela Andaluza de Salud P\u00fablica<\/p>\n<p><strong>Experiencias en proyectos desarrollados con profesionales j\u00f3venes<br \/>\n<\/strong>27 de mayo de 2014. 14 participantes. <a href=\"http:\/\/ideo.easp.es\/?p=644\">http:\/\/ideo.easp.es\/?p=644<br \/>\n<\/a>Luc\u00eda Ruggiero<br \/>\nOrganizaci\u00f3n Panamericana de la Salud<\/p>\n<p><strong>Dr. Knock o el triunfo de la medicina<br \/>\n<\/strong>10 de junio de 2014. 22 participantes.<br \/>\nMaite Cruz<br \/>\nEscuela Andaluza de Salud P\u00fablica<\/p>\n<p><strong>Sesi\u00f3n Informativa Moodle 2.7.1<br \/>\n<\/strong>17 de julio de 2014. 20 participantes.<br \/>\nJos\u00e9 Luis Mart\u00edn<br \/>\nEscuela Andaluza de Salud P\u00fablica<\/p>\n<p><strong>Dime qu\u00e9 Prezi te gusta, dame 20 minutos, y te dir\u00e9 c\u00f3mo hacerlo<br \/>\n<\/strong>16 de septiembre de 2014. 18 participantes.<br \/>\nGiulia Fern\u00e1ndez<br \/>\nEscuela Andaluza de Salud P\u00fablica<\/p>\n<p><strong>Proceso editorial, derechos de autor, creaci\u00f3n de pdf vinculados (CADIME)<br \/>\n<\/strong>25 de septiembre de 2014. 8 participantes. <a href=\"http:\/\/ideo.easp.es\/?p=697\">http:\/\/ideo.easp.es\/?p=697<br \/>\n<\/a>Giulia Fern\u00e1ndez<br \/>\nEscuela Andaluza de Salud P\u00fablica<\/p>\n<p><strong>Educaci\u00f3n, Entornos de Aprendizaje y Aprendizaje Masivo<br \/>\n<\/strong>30 de septiembre de 2014. 60 participantes. <a href=\"http:\/\/ideo.easp.es\/?p=699\">http:\/\/ideo.easp.es\/?p=699<br \/>\n<\/a>Jordi Adell<br \/>\nUniversidad Jaume I<br \/>\nDavid \u00c1lvarez<br \/>\nConecta 13<br \/>\nEsteban Romero<br \/>\nUniversidad de Granada<br \/>\nMariano Hern\u00e1n<br \/>\nEscuela Andaluza de Salud P\u00fablica<\/p>\n<p><strong>Diagramas de flujo y edici\u00f3n en Powerpoint 2013 (CADIME)<br \/>\n<\/strong>7 de octubre de 2014. 8 participantes. <a href=\"http:\/\/ideo.easp.es\/?p=697\">http:\/\/ideo.easp.es\/?p=697<br \/>\n<\/a>Giulia Fern\u00e1ndez<br \/>\nEscuela Andaluza de Salud P\u00fablica<\/p>\n<p><strong>2013<\/strong><\/p>\n<p><strong>MOOC (Massive Online Open Course)<\/strong><br \/>\n21 de marzo de 2013. 16 participantes. <a href=\"http:\/\/ideo.easp.es\/?p=563\">http:\/\/ideo.easp.es\/?p=563<br \/>\n<\/a>David \u00c1lvarez<br \/>\nConecta 13. Granada.<br \/>\nFernando Trujillo.<br \/>\nConecta 13. Profesor de la Universidad de Granada.<\/p>\n<p><strong>Aprendizaje Basado en Problemas<br \/>\n<\/strong>14 de mayo de 2013. 14 participantes.<br \/>\nAdriana Cavalcanti de Aguiar<br \/>\nFunda\u00e7ao Oswaldo Cruz. Universidade do Estado do Rio de Janeiro<\/p>\n<p><strong>Aprendizaje Basado en Problemas: Dise\u00f1ando Ejercicios<br \/>\n<\/strong>28 de mayo de 2013. 7 participantes.<br \/>\nAdriana Cavalcanti de Aguiar<br \/>\nFunda\u00e7ao Oswaldo Cruz. Universidade do Estado do Rio de Janeiro<\/p>\n<p><strong>Ponte PREZIoso\/a<br \/>\n<\/strong>25 de julio de 2013. 31 participantes.<br \/>\nGiulia Fern\u00e1ndez Avagliano.<br \/>\nResponsable de la Unidad de Publicaciones.<br \/>\nEscuela Andaluza de Salud P\u00fablica. Granada.<\/p>\n<p><strong>2012<\/strong><\/p>\n<p><strong>Entornos personales de aprendizaje<\/strong><br \/>\n14 de febrero de 2012. 18 participantes.<br \/>\nDavid \u00c1lvarez<br \/>\nDirector de Formaci\u00f3n y Gesti\u00f3n del Talento. Guadalinfo.<br \/>\nConsejer\u00eda de Innovaci\u00f3n<\/p>\n<p><strong>Materiales Multimedia y eXeLearning<br \/>\n<\/strong>6 de marzo de 2012. 28 participantes.<br \/>\nAn\u00edbal de la Torre<br \/>\nDirector de Contenidos. Instituto de Ense\u00f1anza a Distancia de Andaluc\u00eda (IEDA)<br \/>\nConsejer\u00eda de Educaci\u00f3n<\/p>\n<p><strong>Wiki de Aula y proyecto GrinUGR<br \/>\n<\/strong>20 de marzo de 2012. 12 participantes. <a href=\"http:\/\/ideo.easp.es\/?p=381\">http:\/\/ideo.easp.es\/?p=381<\/a><br \/>\nEsteban Romero Fr\u00edas<br \/>\nProfesor. Facultad de Ciencias de la Educaci\u00f3n<br \/>\nUniversidad de Granada<\/p>\n<p><strong>Cacharreando con Moodle2<br \/>\n<\/strong>10 de abril de 2012. 18 participantes. <a href=\"http:\/\/ideo.easp.es\/?p=122\">http:\/\/ideo.easp.es\/?p=122<\/a><br \/>\nJos\u00e9 Luis Mart\u00edn Jim\u00e9nez<br \/>\nProfesor. \u00c1rea de Conocimiento de Tecnolog\u00edas para la salud y TIC<br \/>\nEscuela Andaluza de Salud P\u00fablica<br \/>\nAlfredo Ruiz Guti\u00e9rrez<br \/>\nAdministrativo. Secretar\u00eda de Docencia. Grupo i-deo<br \/>\nEscuela Andaluza de Salud P\u00fablica<\/p>\n<p><strong>Blog de Aula y PLE de los alumnos<\/strong><br \/>\n9 de mayo de 2012. 10 participantes. <a href=\"http:\/\/ideo.easp.es\/?p=158\">http:\/\/ideo.easp.es\/?p=158<\/a><br \/>\nLola Urbano Santana<br \/>\nProfesora. C.E.I.P. Tom\u00e1s Ybarra<br \/>\nConsejer\u00eda de Educaci\u00f3n<\/p>\n<p><strong>Dispositivos m\u00f3viles y apps sociosanitarias<br \/>\n<\/strong>22 de mayo de 2012. 21 participantes. <a href=\"http:\/\/ideo.easp.es\/?p=183\">http:\/\/ideo.easp.es\/?p=183<br \/>\n<\/a>Diego Rodero Pulido<br \/>\nT\u00e9cnico. \u00c1rea de Conocimiento de Tecnolog\u00edas para la salud y TIC<br \/>\nEscuela Andaluza de Salud P\u00fablica<br \/>\nDiana Gos\u00e1lvez Prados<br \/>\nT\u00e9cnica. \u00c1rea de Conocimiento de Tecnolog\u00edas para la salud y TIC<br \/>\nEscuela Andaluza de Salud P\u00fablica<\/p>\n<p><strong>Aprendizaje Permanente en Educaci\u00f3n Superior<br \/>\n<\/strong>20 de junio de 2012. 14 participantes. <a href=\"http:\/\/ideo.easp.es\/?p=298\">http:\/\/ideo.easp.es\/?p=298<\/a><br \/>\nJordi Adell<br \/>\nProfesor. Director del iTech.<br \/>\nUniversidad de Castell\u00f3n<\/p>\n<p><strong>Innovaci\u00f3n: Goces y sufrimientos, luces y sombras<br \/>\n<\/strong>5 de julio de 2012. 17 participantes. <a href=\"http:\/\/ideo.easp.es\/?p=255\">http:\/\/ideo.easp.es\/?p=255<br \/>\n<\/a>Jos\u00e9 Luis Bimbela Pedrola<br \/>\nProfesor. \u00c1rea de Conocimiento de Ciudadan\u00eda, \u00c9tica y Participaci\u00f3n<br \/>\nEscuela Andaluza de Salud P\u00fablica<\/p>\n<p><strong>Divestad\u00edstica<br \/>\n<\/strong>18 de septiembre de 2012. 18 participantes. <a href=\"http:\/\/ideo.easp.es\/?p=449\">http:\/\/ideo.easp.es\/?p=449<br \/>\n<\/a>Ricardo Oca\u00f1a Riola<br \/>\nProfesor. \u00c1rea de Conocimiento de Tecnolog\u00edas para la salud y TIC<br \/>\nEscuela Andaluza de Salud P\u00fablica<\/p>\n<p><strong>Proyecto LOVA<br \/>\n<\/strong>16 de octubre de 2012. 15 participantes.<br \/>\nLaura Justicia<br \/>\nDirectora. Colegio Alquer\u00eda. Granada<\/p>\n<p><strong>Herramientas Google para trabajo Colaborativo<br \/>\n<\/strong>11 de diciembre de 2012. 14 participantes.<br \/>\nAdriano Calzas Urrutia<br \/>\nProfesor. \u00c1rea de Conocimiento de Ciudadan\u00eda, \u00c9tica y Participaci\u00f3n<br \/>\nEscuela Andaluza de Salud P\u00fablica<\/p>\n<h1><\/h1>\n<h1>2011<\/h1>\n<p><strong>Itinerario formativo para la seguridad del paciente (SPIF) y Gesti\u00f3n de la Calidad<\/strong><br \/>\n7 de junio de 2011. 31 participantes.<br \/>\nJuan Jos\u00e9 P\u00e9rez L\u00e1zaro<br \/>\nProfesor. \u00c1rea de Conocimiento de Sistemas y Servicios Sociosanitarios y de Calidad<br \/>\nEscuela Andaluza de Salud P\u00fablica<br \/>\nIsabel Fern\u00e1ndez Ruiz<br \/>\nProfesora. \u00c1rea de Conocimiento de Sistemas y Servicios Sociosanitarios y de Calidad<br \/>\nEscuela Andaluza de Salud P\u00fablica<\/p>\n<p><strong>Webquest y Recursos de Bio\u00e9tica<\/strong><br \/>\n25 de octubre de 2011. 17 participantes.<br \/>\nPablo Sim\u00f3n Lorda<br \/>\nProfesor. \u00c1rea de Conocimiento de Ciudadan\u00eda, \u00c9tica y Participaci\u00f3n<br \/>\nEscuela Andaluza de Salud P\u00fablica<\/p>\n<p><strong>Campus Virtual de la Organizaci\u00f3n Panamericana de la Salud (OPS)<\/strong><br \/>\n8 de noviembre de 2011. 18 participantes.<br \/>\nMar\u00eda Cristina Davini<br \/>\nOrganizaci\u00f3n Panamericana de la Salud<\/p>\n<p><strong>Gesti\u00f3n de Servicios de Salud<\/strong><br \/>\n14 de diciembre de 2011. 10 participantes.<br \/>\nSergio Minu\u00e9 Lorenzo<br \/>\nProfesor. \u00c1rea de Conocimiento de Sistemas y Servicios Sociosanitarios y de Calidad<br \/>\nEscuela Andaluza de Salud P\u00fablica<\/p>\n<p><strong>Innovaciones en Formaci\u00f3n Online<\/strong><br \/>\n20 de diciembre de 2011. 7 participantes.<br \/>\nJos\u00e9 Luis Mart\u00edn Jim\u00e9nez<br \/>\nProfesor. \u00c1rea de Conocimiento de Tecnolog\u00edas para la salud y TIC<br \/>\nEscuela Andaluza de Salud P\u00fablica<br \/>\nAlfredo Ruiz Guti\u00e9rrez<br \/>\nAdministrativo. Secretar\u00eda de Docencia. Grupo i-deo<br \/>\nEscuela Andaluza de Salud P\u00fablica<\/p>\n","protected":false},"excerpt":{"rendered":"<p>Relaci\u00f3n de sesiones i-deo celebradas: 2019 Herramientas de Comunicaci\u00f3n Moodle (1) 15 de mayo de 2019. 10 participantes. Alfredo Ruiz y Jos\u00e9 Luis Mart\u00edn Escuela Andaluza de Salud P\u00fablica Herramientas de Comunicaci\u00f3n Moodle (2) 16 de mayo de 2019. 11 &hellip; <a href=\"https:\/\/www.easp.es\/ideo\/?page_id=9\">Sigue leyendo <span class=\"meta-nav\">&rarr;<\/span><\/a><\/p>\n","protected":false},"author":276,"featured_media":0,"parent":0,"menu_order":3,"comment_status":"open","ping_status":"open","template":"","meta":{"sfsi_plus_gutenberg_text_before_share":"","sfsi_plus_gutenberg_show_text_before_share":"","sfsi_plus_gutenberg_icon_type":"","sfsi_plus_gutenberg_icon_alignemt":"","sfsi_plus_gutenburg_max_per_row":""},"_links":{"self":[{"href":"https:\/\/www.easp.es\/ideo\/index.php?rest_route=\/wp\/v2\/pages\/9"}],"collection":[{"href":"https:\/\/www.easp.es\/ideo\/index.php?rest_route=\/wp\/v2\/pages"}],"about":[{"href":"https:\/\/www.easp.es\/ideo\/index.php?rest_route=\/wp\/v2\/types\/page"}],"author":[{"embeddable":true,"href":"https:\/\/www.easp.es\/ideo\/index.php?rest_route=\/wp\/v2\/users\/276"}],"replies":[{"embeddable":true,"href":"https:\/\/www.easp.es\/ideo\/index.php?rest_route=%2Fwp%2Fv2%2Fcomments&post=9"}],"version-history":[{"count":27,"href":"https:\/\/www.easp.es\/ideo\/index.php?rest_route=\/wp\/v2\/pages\/9\/revisions"}],"predecessor-version":[{"id":960,"href":"https:\/\/www.easp.es\/ideo\/index.php?rest_route=\/wp\/v2\/pages\/9\/revisions\/960"}],"wp:attachment":[{"href":"https:\/\/www.easp.es\/ideo\/index.php?rest_route=%2Fwp%2Fv2%2Fmedia&parent=9"}],"curies":[{"name":"wp","href":"https:\/\/api.w.org\/{rel}","templated":true}]}}