{"id":1025,"date":"2017-11-17T13:04:23","date_gmt":"2017-11-17T13:04:23","guid":{"rendered":"http:\/\/www.easp.es\/saludentrelibros\/?page_id=1025"},"modified":"2023-10-13T09:04:31","modified_gmt":"2023-10-13T09:04:31","slug":"educadores","status":"publish","type":"page","link":"https:\/\/www.easp.es\/saludentrelibros\/educadores\/","title":{"rendered":"Educadores"},"content":{"rendered":"<p>[vc_row][vc_column width=\u00bb1\/2&#8243;][vc_column_text]<span style=\"color: #333333;\">Los y las Maestras son los profesionales que, junto con<\/span> <a href=\"https:\/\/www.easp.es\/saludentrelibros\/pediatras\/\" rel=\"noopener\">Pediatras<\/a><span style=\"color: #333333;\">, est\u00e1is m\u00e1s cerca de los padres y madres y sois sus referentes cuando afloran inquietudes respecto de la evoluci\u00f3n de sus hijos. Por ello ten\u00e9is un importante rol para fomentar la lectura en voz alta en familia.<\/span><\/p>\n<p><span style=\"color: #333333;\">Una idea sencilla de poner en pr\u00e1ctica es incluir sistem\u00e1ticamente informaci\u00f3n sobre los beneficios de la lectura en voz alta en los encuentros con madres y padres. Es sabido, y cada d\u00eda hay m\u00e1s<\/span> <a href=\"https:\/\/www.easp.es\/saludentrelibros\/articulosrevistascientificas\/\" rel=\"noopener\">evidencias cient\u00edficas<\/a><span style=\"color: #333333;\">, que un ni\u00f1o o una ni\u00f1a que lee tiene un recorrido m\u00e1s agradable y fluido por los a\u00f1os de escolarizaci\u00f3n obligatoria.<\/span>[\/vc_column_text][\/vc_column][vc_column width=\u00bb1\/2&#8243;][vc_column_text]<iframe loading=\"lazy\" src=\"https:\/\/www.youtube.com\/embed\/8Xi0A5eksOg\" width=\"560\" height=\"315\" frameborder=\"0\" allowfullscreen=\"allowfullscreen\"><\/iframe>[\/vc_column_text][\/vc_column][\/vc_row][vc_row][vc_column width=\u00bb1\/2&#8243;][vc_column_text]<iframe loading=\"lazy\" src=\"https:\/\/www.youtube.com\/embed\/uvHRZ-4mCf8\" width=\"560\" height=\"315\" frameborder=\"0\" allowfullscreen=\"allowfullscreen\"><\/iframe>[\/vc_column_text][\/vc_column][vc_column width=\u00bb1\/2&#8243;][vc_column_text]<\/p>\n<h5><span style=\"color: #008080;\">Razones para animar a los padres y madres en la lectura compartida con sus hijos e hijas<\/span><\/h5>\n<p><span style=\"color: #333333;\"><em>Leer juntos&#8230;<\/em><\/span><\/p>\n<ul>\n<li><span style=\"color: #333333;\">Genera apego y afecto entre el adulto y el beb\u00e9 o ni\u00f1o.<\/span><\/li>\n<li><span style=\"color: #333333;\">Ayuda a que el ni\u00f1o o la ni\u00f1a aprenda a expresar sus sentimientos y estados de \u00e1nimo.<\/span><\/li>\n<li><span style=\"color: #333333;\">Refuerza su socializaci\u00f3n.<\/span><\/li>\n<li><span style=\"color: #333333;\">Ayuda a la capacidad de concentraci\u00f3n.<\/span><\/li>\n<li><span style=\"color: #333333;\">Aumenta la imaginaci\u00f3n.<\/span><\/li>\n<li><span style=\"color: #333333;\">Y&#8230; \u00a1es muy divertido!<\/span><\/li>\n<\/ul>\n<p>[\/vc_column_text][\/vc_column][\/vc_row][vc_row][vc_column width=\u00bb1\/2&#8243;][vc_column_text]<\/p>\n<h5><span style=\"color: #008080;\">Ideas de promoci\u00f3n de la lectura en clase<\/span><\/h5>\n<ul>\n<li><span style=\"color: #333333;\">Fijar un d\u00eda de lectura en clase que resulte agradable para los ni\u00f1os y ni\u00f1as, sin controles posteriores, con comentarios en grupo.<\/span><\/li>\n<li><span style=\"color: #333333;\">Proporcionar un espacio para los libros y la lectura, donde se pueda organizar un momento fijo\/concreto\/encuentros peri\u00f3dicos\/regulares de lectura diario o semanal, organizado y dirigido por los maestros y maestras, que pueden recibir el apoyo de voluntarios\/as y contar con el apoyo de la biblioteca local.<\/span><\/li>\n<li><span style=\"color: #333333;\">Poner a disposici\u00f3n de los padres y madres material informativo que puedan encontrar en esta p\u00e1gina web.<\/span><\/li>\n<\/ul>\n<p>[\/vc_column_text][\/vc_column][vc_column width=\u00bb1\/2&#8243;][vc_column_text]<iframe loading=\"lazy\" src=\"https:\/\/www.youtube.com\/embed\/5rj7TKIBGOM\" width=\"560\" height=\"315\" frameborder=\"0\" allowfullscreen=\"allowfullscreen\"><\/iframe>[\/vc_column_text][\/vc_column][\/vc_row][vc_row][vc_column width=\u00bb1\/2&#8243;][vc_column_text]<iframe loading=\"lazy\" src=\"https:\/\/www.youtube.com\/embed\/HTlROVpN_90\" width=\"560\" height=\"315\" frameborder=\"0\" allowfullscreen=\"allowfullscreen\"><\/iframe><\/p>\n<p><span style=\"color: #008080;\">Efectos de la lectura en voz alta en Primaria<\/span><\/p>\n<p>Montse, Gabriela y Julia hacen una lectura compartida y comentan. Llama la atenci\u00f3n la facilidad para expresarse y la riqueza de vocabulario. Son habilidades adquiridas en la infancia que les acompa\u00f1ar\u00e1n a lo largo de su vida estudiantil y de adultas.[\/vc_column_text][\/vc_column][vc_column width=\u00bb1\/2&#8243;][vc_column_text]<\/p>\n<div class=\"wpb_text_column wpb_content_element \">\n<div class=\"wpb_wrapper\">\n<h5><span style=\"color: #008080;\">Momentos para mencionar la importancia de la lectura en voz alta en casa<\/span><\/h5>\n<ul>\n<li><span style=\"color: #333333;\">El comienzo de la escolarizaci\u00f3n es un buen momento para hablar sobre los beneficios de lectura en casa. Las madres y los padres est\u00e1n muy interesados en todo lo que rodea el principio de curso y est\u00e1n muy sensibilizados con la formaci\u00f3n de sus hijos. La lectura en voz alta es una actividad sencilla que hace que se sientan involucrados en el desarrollo intelectual de los peque\u00f1os, adem\u00e1s de la recompensa que suponen los lazos afectivos, el apego que se genera.<\/span><\/li>\n<li><span style=\"color: #333333;\">Otra idea sencilla es incluir sistem\u00e1ticamente informaci\u00f3n sobres los beneficios de la lectura en voz alta en las reuniones de padres y en las tutor\u00edas.<\/span><\/li>\n<\/ul>\n<p>&nbsp;<\/p>\n<\/div>\n<\/div>\n<p>[\/vc_column_text][\/vc_column][\/vc_row]<\/p>\n","protected":false},"excerpt":{"rendered":"<p>Los y las Maestras sois los profesionales que, junto con Pediatras, est\u00e1is m\u00e1s cerca de las familias y sois sus referentes cuando afloran inquietudes respecto a la evoluci\u00f3n de sus hijos. Por eso desarroll\u00e1is un importante papel a la hora de fomentar la lectura en voz alta en familia.<\/p>\n","protected":false},"author":2,"featured_media":2566,"parent":0,"menu_order":0,"comment_status":"closed","ping_status":"closed","template":"","meta":{"footnotes":""},"class_list":["post-1025","page","type-page","status-publish","has-post-thumbnail","hentry"],"aioseo_notices":[],"_links":{"self":[{"href":"https:\/\/www.easp.es\/saludentrelibros\/wp-json\/wp\/v2\/pages\/1025","targetHints":{"allow":["GET"]}}],"collection":[{"href":"https:\/\/www.easp.es\/saludentrelibros\/wp-json\/wp\/v2\/pages"}],"about":[{"href":"https:\/\/www.easp.es\/saludentrelibros\/wp-json\/wp\/v2\/types\/page"}],"author":[{"embeddable":true,"href":"https:\/\/www.easp.es\/saludentrelibros\/wp-json\/wp\/v2\/users\/2"}],"replies":[{"embeddable":true,"href":"https:\/\/www.easp.es\/saludentrelibros\/wp-json\/wp\/v2\/comments?post=1025"}],"version-history":[{"count":45,"href":"https:\/\/www.easp.es\/saludentrelibros\/wp-json\/wp\/v2\/pages\/1025\/revisions"}],"predecessor-version":[{"id":3529,"href":"https:\/\/www.easp.es\/saludentrelibros\/wp-json\/wp\/v2\/pages\/1025\/revisions\/3529"}],"wp:featuredmedia":[{"embeddable":true,"href":"https:\/\/www.easp.es\/saludentrelibros\/wp-json\/wp\/v2\/media\/2566"}],"wp:attachment":[{"href":"https:\/\/www.easp.es\/saludentrelibros\/wp-json\/wp\/v2\/media?parent=1025"}],"curies":[{"name":"wp","href":"https:\/\/api.w.org\/{rel}","templated":true}]}}