{"id":1297,"date":"2017-11-23T13:39:34","date_gmt":"2017-11-23T13:39:34","guid":{"rendered":"https:\/\/www.easp.es\/saludentrelibros\/?page_id=1297"},"modified":"2024-03-17T09:26:07","modified_gmt":"2024-03-17T09:26:07","slug":"materialesbibliografia","status":"publish","type":"page","link":"https:\/\/www.easp.es\/saludentrelibros\/materialesbibliografia\/","title":{"rendered":"Materiales"},"content":{"rendered":"<p>[vc_row][vc_column width=\u00bb1\/2&#8243;][vc_column_text]<span style=\"color: #333333;\">Aqu\u00ed os dejamos una recopilaci\u00f3n de materiales con ideas y sugerencias, revisiones bibliogr\u00e1ficas o art\u00edculos cient\u00edficos que hablan sobre la evidencia del beneficio de la lectura en voz alta, as\u00ed como documentos donde recopilamos dichas evidencias.<\/span><\/p>\n<p><span style=\"color: #333333;\">Agradecemos a todas y todos los trabajadores de las p\u00e1ginas web de los programas internacionales que nos han inspirado, por su generosidad en la difusi\u00f3n de su conocimiento y su experiencia.<\/span><\/p>\n<p><span style=\"color: #333333;\">En el men\u00fa desplegable encontrar\u00e9is:<\/span><\/p>\n<ul>\n<li><a href=\"https:\/\/www.easp.es\/saludentrelibros\/videos\/\" target=\"_blank\" rel=\"noopener noreferrer\">V\u00eddeos de 2 minutos<\/a><span style=\"color: #333333;\"><span style=\"color: #333333;\">: lecturas en familia, qu\u00e9 dicen educadoras y bibliotecarias, entrevistas a pediatras, ejemplos de lecturas en voz alta de 2 minutos,<br \/>\n<\/span><\/span><\/li>\n<li><a href=\"https:\/\/www.easp.es\/saludentrelibros\/articulosrevistascientificas\/\" target=\"_blank\" rel=\"noopener noreferrer\">Art\u00edculos de revistas cient\u00edficas<\/a>\u00a0<span style=\"color: #333333;\">por conceptos clave<\/span><\/li>\n<li><a href=\"https:\/\/www.easp.es\/saludentrelibros\/paginasweb\/\" target=\"_blank\" rel=\"noopener noreferrer\">P\u00e1ginas web de proyectos similares a nivel nacional e internacional<\/a><\/li>\n<li><a href=\"https:\/\/www.easp.es\/saludentrelibros\/guias-para-familias\/\">Gu\u00edas para familias<\/a><\/li>\n<li><a href=\"https:\/\/www.easp.es\/saludentrelibros\/guias-para-pediatras\/\">Gu\u00edas para profesionales<\/a><\/li>\n<li><a href=\"https:\/\/www.easp.es\/saludentrelibros\/articulosperiodico\/\" target=\"_blank\" rel=\"noopener noreferrer\">Noticias sobre lectura en voz alta<\/a><\/li>\n<li><a href=\"https:\/\/www.easp.es\/saludentrelibros\/declaraciondelavozalasletras\/\" target=\"_blank\" rel=\"noopener noreferrer\">Declaraci\u00f3n \u00abDe la voz a las letras\u00bb<\/a><\/li>\n<li><a href=\"https:\/\/www.easp.es\/saludentrelibros\/entrevistas-en-la-radio\/\">Entrevistas en la radio<\/a><\/li>\n<\/ul>\n<p>[\/vc_column_text][vc_single_image image=\u00bb2178&#8243; img_size=\u00bbmedium\u00bb alignment=\u00bbcenter\u00bb][\/vc_column][vc_column width=\u00bb1\/2&#8243;][vc_single_image image=\u00bb2276&#8243; img_size=\u00bbfull\u00bb][\/vc_column][\/vc_row]<\/p>\n","protected":false},"excerpt":{"rendered":"<p>[vc_row][vc_column width=\u00bb1\/2&#8243;][vc_column_text]Aqu\u00ed os dejamos una recopilaci\u00f3n de materiales con ideas y sugerencias, revisiones bibliogr\u00e1ficas o art\u00edculos cient\u00edficos que hablan sobre la evidencia del beneficio de la lectura en voz alta, as\u00ed como documentos donde recopilamos dichas evidencias. Agradecemos a todas<\/p>\n","protected":false},"author":2,"featured_media":0,"parent":0,"menu_order":0,"comment_status":"closed","ping_status":"closed","template":"","meta":{"footnotes":""},"class_list":["post-1297","page","type-page","status-publish","hentry"],"aioseo_notices":[],"_links":{"self":[{"href":"https:\/\/www.easp.es\/saludentrelibros\/wp-json\/wp\/v2\/pages\/1297","targetHints":{"allow":["GET"]}}],"collection":[{"href":"https:\/\/www.easp.es\/saludentrelibros\/wp-json\/wp\/v2\/pages"}],"about":[{"href":"https:\/\/www.easp.es\/saludentrelibros\/wp-json\/wp\/v2\/types\/page"}],"author":[{"embeddable":true,"href":"https:\/\/www.easp.es\/saludentrelibros\/wp-json\/wp\/v2\/users\/2"}],"replies":[{"embeddable":true,"href":"https:\/\/www.easp.es\/saludentrelibros\/wp-json\/wp\/v2\/comments?post=1297"}],"version-history":[{"count":28,"href":"https:\/\/www.easp.es\/saludentrelibros\/wp-json\/wp\/v2\/pages\/1297\/revisions"}],"predecessor-version":[{"id":3560,"href":"https:\/\/www.easp.es\/saludentrelibros\/wp-json\/wp\/v2\/pages\/1297\/revisions\/3560"}],"wp:attachment":[{"href":"https:\/\/www.easp.es\/saludentrelibros\/wp-json\/wp\/v2\/media?parent=1297"}],"curies":[{"name":"wp","href":"https:\/\/api.w.org\/{rel}","templated":true}]}}