{"id":1512,"date":"2017-11-27T12:21:47","date_gmt":"2017-11-27T12:21:47","guid":{"rendered":"https:\/\/www.easp.es\/saludentrelibros\/?page_id=1512"},"modified":"2021-10-14T14:31:38","modified_gmt":"2021-10-14T14:31:38","slug":"equipo","status":"publish","type":"page","link":"https:\/\/www.easp.es\/saludentrelibros\/equipo\/","title":{"rendered":"El Equipo"},"content":{"rendered":"<p>[vc_row][vc_column width=\u00bb1\/6&#8243;][\/vc_column][vc_column width=\u00bb1\/6&#8243;][vc_single_image image=\u00bb1519&#8243;][vc_column_text]<span style=\"color: #008080;\">Mariano Hern\u00e1n Garc\u00eda<\/span><\/p>\n<p>Profesor de la Escuela Andaluza de Salud P\u00fablica[\/vc_column_text][\/vc_column][vc_column width=\u00bb1\/6&#8243;][vc_single_image image=\u00bb1516&#8243;][vc_column_text]<span style=\"color: #008080;\">Andrea Villarrubia Delgado<\/span><\/p>\n<p>Vicepresidenta de la Asociaci\u00f3n Entrelibros[\/vc_column_text][\/vc_column][vc_column width=\u00bb1\/6&#8243;][vc_single_image image=\u00bb1518&#8243;][vc_column_text]<span style=\"color: #008080;\">Juan Mata Anaya<\/span><\/p>\n<p>Profesor de la Universidad de Granada<\/p>\n<p>Presidente de la Asociaci\u00f3n Entrelibros[\/vc_column_text][\/vc_column][vc_column width=\u00bb1\/6&#8243;][vc_single_image image=\u00bb1529&#8243;][vc_column_text]<span style=\"color: #008080;\">Giulia Fern\u00e1ndez Avagliano<\/span><\/p>\n<p>Unidad Publicaciones<\/p>\n<p>Escuela Andaluza de Salud P\u00fablica[\/vc_column_text][\/vc_column][vc_column width=\u00bb1\/6&#8243;][\/vc_column][\/vc_row][vc_row][vc_column width=\u00bb1\/6&#8243;][\/vc_column][vc_column width=\u00bb1\/6&#8243;][vc_single_image image=\u00bb1716&#8243;][vc_column_text]<span style=\"color: #008080;\">Patricia Luna<\/span><\/p>\n<p>Salud Ambiental<\/p>\n<p>Research Assistant<\/p>\n<p>MPH Europubhealth+<\/p>\n<p>[\/vc_column_text][\/vc_column][vc_column width=\u00bb1\/6&#8243;][vc_single_image image=\u00bb3258&#8243;][vc_column_text]<span style=\"color: #008080;\">Meg Capshaw<\/span><\/p>\n<p>Gestora de Actividades de Promoci\u00f3n de la Salud e IEC<\/p>\n<p>M\u00e9dicos Sin Fronteras en M\u00e9xico<\/p>\n<p>MPH Europubhealth+[\/vc_column_text][\/vc_column][vc_column width=\u00bb1\/6&#8243;][vc_single_image image=\u00bb3266&#8243; img_size=\u00bbfull\u00bb][vc_column_text]<span style=\"color: #008080;\">Helena Sullivan Aranega<\/span><\/p>\n<p>Research Assistant<\/p>\n<p>MPH Europubhealth+[\/vc_column_text][\/vc_column][vc_column width=\u00bb1\/6&#8243;][\/vc_column][vc_column width=\u00bb1\/6&#8243;][\/vc_column][\/vc_row]<\/p>\n","protected":false},"excerpt":{"rendered":"<p>[vc_row][vc_column width=\u00bb1\/6&#8243;][\/vc_column][vc_column width=\u00bb1\/6&#8243;][vc_single_image image=\u00bb1519&#8243;][vc_column_text]Mariano Hern\u00e1n Garc\u00eda Profesor de la Escuela Andaluza de Salud P\u00fablica[\/vc_column_text][\/vc_column][vc_column width=\u00bb1\/6&#8243;][vc_single_image image=\u00bb1516&#8243;][vc_column_text]Andrea Villarrubia Delgado Vicepresidenta de la Asociaci\u00f3n Entrelibros[\/vc_column_text][\/vc_column][vc_column width=\u00bb1\/6&#8243;][vc_single_image image=\u00bb1518&#8243;][vc_column_text]Juan Mata Anaya Profesor de la Universidad de Granada Presidente de la Asociaci\u00f3n Entrelibros[\/vc_column_text][\/vc_column][vc_column width=\u00bb1\/6&#8243;][vc_single_image image=\u00bb1529&#8243;][vc_column_text]Giulia<\/p>\n","protected":false},"author":2,"featured_media":0,"parent":0,"menu_order":0,"comment_status":"closed","ping_status":"closed","template":"","meta":{"footnotes":""},"class_list":["post-1512","page","type-page","status-publish","hentry"],"aioseo_notices":[],"_links":{"self":[{"href":"https:\/\/www.easp.es\/saludentrelibros\/wp-json\/wp\/v2\/pages\/1512","targetHints":{"allow":["GET"]}}],"collection":[{"href":"https:\/\/www.easp.es\/saludentrelibros\/wp-json\/wp\/v2\/pages"}],"about":[{"href":"https:\/\/www.easp.es\/saludentrelibros\/wp-json\/wp\/v2\/types\/page"}],"author":[{"embeddable":true,"href":"https:\/\/www.easp.es\/saludentrelibros\/wp-json\/wp\/v2\/users\/2"}],"replies":[{"embeddable":true,"href":"https:\/\/www.easp.es\/saludentrelibros\/wp-json\/wp\/v2\/comments?post=1512"}],"version-history":[{"count":22,"href":"https:\/\/www.easp.es\/saludentrelibros\/wp-json\/wp\/v2\/pages\/1512\/revisions"}],"predecessor-version":[{"id":3272,"href":"https:\/\/www.easp.es\/saludentrelibros\/wp-json\/wp\/v2\/pages\/1512\/revisions\/3272"}],"wp:attachment":[{"href":"https:\/\/www.easp.es\/saludentrelibros\/wp-json\/wp\/v2\/media?parent=1512"}],"curies":[{"name":"wp","href":"https:\/\/api.w.org\/{rel}","templated":true}]}}