{"id":1753,"date":"2019-02-07T16:25:32","date_gmt":"2019-02-07T16:25:32","guid":{"rendered":"https:\/\/www.easp.es\/saludentrelibros\/?page_id=1753"},"modified":"2019-05-02T11:21:20","modified_gmt":"2019-05-02T11:21:20","slug":"proyectosaludentrelibros","status":"publish","type":"page","link":"https:\/\/www.easp.es\/saludentrelibros\/proyectosaludentrelibros\/","title":{"rendered":"El Proyecto Salud entre Libros"},"content":{"rendered":"<p>[vc_row][vc_column width=\u00bb1\/2&#8243;][vc_column_text]<\/p>\n<p style=\"text-align: center;\"><span style=\"color: #333333;\">Salud entre Libros es un Proyecto de la <\/span><span style=\"color: #008080;\"><a style=\"color: #008080;\" href=\"https:\/\/www.easp.es\" rel=\"noopener\">Escuela Andaluza de Salud P\u00fablica (EASP)<\/a><\/span><span style=\"color: #333333;\">, cuyo objetivo es la<\/span><\/p>\n<p>&nbsp;<\/p>\n<h5 style=\"text-align: center;\"><span style=\"color: #008080;\"><strong>Promoci\u00f3n de la salud y el bienestar de la infancia<\/strong><\/span><\/h5>\n<h5 style=\"text-align: center;\"><span style=\"color: #008080;\"><strong>por medio de la recomendaci\u00f3n de la lectura en voz alta<\/strong><\/span><\/h5>\n<p>&nbsp;<\/p>\n<p style=\"text-align: center;\"><span style=\"color: #333333;\">y que cuenta con la colaboraci\u00f3n de la <span style=\"color: #008080;\"><a style=\"color: #008080;\" href=\"https:\/\/www.ugr.es\/\" target=\"_blank\" rel=\"noopener noreferrer\">Universidad de Granada<\/a><\/span> y de la\u00a0 <span style=\"color: #008080;\"><a style=\"color: #008080;\" href=\"http:\/\/www.asociacionentrelibros.es\/\" target=\"_blank\" rel=\"noopener noreferrer\">Asociaci\u00f3n Entrelibros<\/a><\/span>.\u00a0<\/span><\/p>\n<p>[\/vc_column_text][\/vc_column][vc_column width=\u00bb1\/2&#8243;][vc_column_text]<iframe loading=\"lazy\" src=\"https:\/\/www.youtube.com\/embed\/IiuwQ2aqjpE\" width=\"560\" height=\"315\" frameborder=\"0\" allowfullscreen=\"allowfullscreen\"><\/iframe>[\/vc_column_text][\/vc_column][\/vc_row][vc_row][vc_column width=\u00bb1\/2&#8243;][vc_single_image image=\u00bb2253&#8243; img_size=\u00bbfull\u00bb alignment=\u00bbcenter\u00bb][\/vc_column][vc_column width=\u00bb1\/2&#8243;][vc_column_text]<span style=\"color: #333333;\">La promoci\u00f3n de la lectura en voz alta es tambi\u00e9n el objetivo central de<\/span> <a href=\"https:\/\/www.easp.es\/saludentrelibros\/paginasweb\/\" rel=\"noopener\"><span style=\"color: #008080;\">Programas Internacionales<\/span><\/a> <span style=\"color: #333333;\">como<\/span> <a href=\"http:\/\/www.natiperleggere.it\/\" target=\"_blank\" rel=\"noopener noreferrer\"><span style=\"color: #008080;\">Nati per Leggere<\/span><\/a>, <span style=\"color: #008080;\"><a style=\"color: #008080;\" href=\"http:\/\/www.reachoutandread.org\/\" target=\"_blank\" rel=\"noopener noreferrer\">Reach Out and Read<\/a><\/span>, <a href=\"https:\/\/www.booktrust.org.uk\/what-we-do\/programmes-and-campaigns\/bookstart\/families\/\" target=\"_blank\" rel=\"noopener noreferrer\"><span style=\"color: #008080;\">BookStart<\/span><\/a> <span style=\"color: #333333;\">o<\/span> <span style=\"color: #008080;\"><a style=\"color: #008080;\" href=\"https:\/\/www.lesestart.de\/\" target=\"_blank\" rel=\"noopener noreferrer\">Lesestart<\/a><\/span><span style=\"color: #333333;\">. Todos ellos cuentan con los y las Pediatras para la difusi\u00f3n de los beneficios de la lectura en familia sobre el bienestar de los ni\u00f1os y ni\u00f1as. El profesional de<\/span> <span style=\"color: #008080;\"><a style=\"color: #008080;\" href=\"https:\/\/www.easp.es\/saludentrelibros\/pediatras\/\" rel=\"noopener\">Pediatr\u00eda<\/a><\/span><span style=\"color: #333333;\">, as\u00ed como las<\/span> <span style=\"color: #008080;\"><a style=\"color: #008080;\" href=\"https:\/\/www.easp.es\/saludentrelibros\/educadores\/\" rel=\"noopener\">maestras y maestros<\/a><\/span><span style=\"color: #333333;\">, tienen una relaci\u00f3n con los<\/span> <a href=\"https:\/\/www.easp.es\/saludentrelibros\/familias\/\" rel=\"noopener\"><span style=\"color: #008080;\">padres y madres<\/span><\/a> <span style=\"color: #333333;\">muy cercana y dilatada en el tiempo, adem\u00e1s, sus opiniones y consejos son muy valorados en el \u00e1mbito familiar, por lo que se convierten en actores principales de la difusi\u00f3n de estos programas de promoci\u00f3n de la lectura.<\/span>[\/vc_column_text][\/vc_column][\/vc_row]<\/p>\n","protected":false},"excerpt":{"rendered":"<p>[vc_row][vc_column width=\u00bb1\/2&#8243;][vc_column_text] Salud entre Libros es un Proyecto de la Escuela Andaluza de Salud P\u00fablica (EASP), cuyo objetivo es la &nbsp; Promoci\u00f3n de la salud y el bienestar de la infancia por medio de la recomendaci\u00f3n de la lectura en<\/p>\n","protected":false},"author":2,"featured_media":0,"parent":0,"menu_order":0,"comment_status":"closed","ping_status":"closed","template":"","meta":{"footnotes":""},"class_list":["post-1753","page","type-page","status-publish","hentry"],"aioseo_notices":[],"_links":{"self":[{"href":"https:\/\/www.easp.es\/saludentrelibros\/wp-json\/wp\/v2\/pages\/1753","targetHints":{"allow":["GET"]}}],"collection":[{"href":"https:\/\/www.easp.es\/saludentrelibros\/wp-json\/wp\/v2\/pages"}],"about":[{"href":"https:\/\/www.easp.es\/saludentrelibros\/wp-json\/wp\/v2\/types\/page"}],"author":[{"embeddable":true,"href":"https:\/\/www.easp.es\/saludentrelibros\/wp-json\/wp\/v2\/users\/2"}],"replies":[{"embeddable":true,"href":"https:\/\/www.easp.es\/saludentrelibros\/wp-json\/wp\/v2\/comments?post=1753"}],"version-history":[{"count":61,"href":"https:\/\/www.easp.es\/saludentrelibros\/wp-json\/wp\/v2\/pages\/1753\/revisions"}],"predecessor-version":[{"id":2391,"href":"https:\/\/www.easp.es\/saludentrelibros\/wp-json\/wp\/v2\/pages\/1753\/revisions\/2391"}],"wp:attachment":[{"href":"https:\/\/www.easp.es\/saludentrelibros\/wp-json\/wp\/v2\/media?parent=1753"}],"curies":[{"name":"wp","href":"https:\/\/api.w.org\/{rel}","templated":true}]}}