{"id":2540,"date":"2019-06-26T10:56:52","date_gmt":"2019-06-26T10:56:52","guid":{"rendered":"https:\/\/www.easp.es\/saludentrelibros\/?page_id=2540"},"modified":"2024-09-02T10:17:26","modified_gmt":"2024-09-02T10:17:26","slug":"situaciones-especiales","status":"publish","type":"page","link":"https:\/\/www.easp.es\/saludentrelibros\/situaciones-especiales\/","title":{"rendered":"M\u00e1s all\u00e1 del cuento de la noche"},"content":{"rendered":"<p>[vc_row][vc_column][vc_column_text]<\/p>\n<p style=\"text-align: center;\"><span style=\"color: #000000;\">Hay muchas otras situaciones especiales o m\u00e1s rutinarias donde la lectura en voz alta tambi\u00e9n tiene un efecto muy positivo en la infancia,<\/span><\/p>\n<p style=\"text-align: center;\"><span style=\"color: #000000;\">en la adolescencia o en contextos m\u00e1s delicados.<\/span><\/p>\n<p>&nbsp;<\/p>\n<p>[\/vc_column_text][\/vc_column][\/vc_row][vc_row][vc_column width=\u00bb1\/2&#8243;][vc_column_text]<\/p>\n<h6><span style=\"color: #008080;\">Leer juntos facilita la conversaci\u00f3n en familia<\/span><\/h6>\n<p>Los libros tienen una cualidad especial: nos regalan tiempo y pueden ser la excusa para hablar sobre otros temas m\u00e1s all\u00e1 de las cosas cotidianas.<\/p>\n<p><iframe loading=\"lazy\" src=\"https:\/\/www.youtube.com\/embed\/O-3Zd3zwNVQ\" width=\"560\" height=\"315\" frameborder=\"0\" allowfullscreen=\"allowfullscreen\"><\/iframe>[\/vc_column_text][\/vc_column][vc_column width=\u00bb1\/2&#8243;][vc_column_text]<\/p>\n<h6><span style=\"color: #008080;\">Adolescencia<\/span><\/h6>\n<p>\u00bfEres adolescente y te dicen que tienes que leer pero no te apetece? Mira lo que dice la Profe Ana.<\/p>\n<p><iframe loading=\"lazy\" src=\"https:\/\/www.youtube.com\/embed\/qGTWZdXLOQ0\" width=\"560\" height=\"315\" frameborder=\"0\" allowfullscreen=\"allowfullscreen\"><\/iframe>[\/vc_column_text][\/vc_column][\/vc_row][vc_row][vc_column width=\u00bb1\/2&#8243;][vc_column_text]<\/p>\n<h6><span style=\"color: #008080;\">Aprender a interpretar el arte<\/span><\/h6>\n<p>El arte no solo est\u00e1 en los museos, sino tambi\u00e9n en las ilustraciones de los libros, que son tan importantes como la palabra escrita.<\/p>\n<p><iframe loading=\"lazy\" src=\"https:\/\/www.youtube.com\/embed\/QhdOUzZF-RU\" width=\"560\" height=\"315\" frameborder=\"0\" allowfullscreen=\"allowfullscreen\"><\/iframe>[\/vc_column_text][\/vc_column][vc_column width=\u00bb1\/2&#8243;][\/vc_column][\/vc_row]<\/p>\n","protected":false},"excerpt":{"rendered":"<p>M\u00e1s all\u00e1 del cuento de la noche, la lectura en voz alta compartida puede ser una herramienta muy valiosa para trabajar con ni\u00f1os, ni\u00f1as o adolescente en otros contextos o situaciones delicadas.<\/p>\n","protected":false},"author":2,"featured_media":0,"parent":0,"menu_order":0,"comment_status":"closed","ping_status":"closed","template":"","meta":{"footnotes":""},"class_list":["post-2540","page","type-page","status-publish","hentry"],"aioseo_notices":[],"_links":{"self":[{"href":"https:\/\/www.easp.es\/saludentrelibros\/wp-json\/wp\/v2\/pages\/2540","targetHints":{"allow":["GET"]}}],"collection":[{"href":"https:\/\/www.easp.es\/saludentrelibros\/wp-json\/wp\/v2\/pages"}],"about":[{"href":"https:\/\/www.easp.es\/saludentrelibros\/wp-json\/wp\/v2\/types\/page"}],"author":[{"embeddable":true,"href":"https:\/\/www.easp.es\/saludentrelibros\/wp-json\/wp\/v2\/users\/2"}],"replies":[{"embeddable":true,"href":"https:\/\/www.easp.es\/saludentrelibros\/wp-json\/wp\/v2\/comments?post=2540"}],"version-history":[{"count":36,"href":"https:\/\/www.easp.es\/saludentrelibros\/wp-json\/wp\/v2\/pages\/2540\/revisions"}],"predecessor-version":[{"id":3588,"href":"https:\/\/www.easp.es\/saludentrelibros\/wp-json\/wp\/v2\/pages\/2540\/revisions\/3588"}],"wp:attachment":[{"href":"https:\/\/www.easp.es\/saludentrelibros\/wp-json\/wp\/v2\/media?parent=2540"}],"curies":[{"name":"wp","href":"https:\/\/api.w.org\/{rel}","templated":true}]}}