{"id":2609,"date":"2019-06-27T10:51:23","date_gmt":"2019-06-27T10:51:23","guid":{"rendered":"https:\/\/www.easp.es\/saludentrelibros\/?page_id=2609"},"modified":"2021-08-16T18:06:52","modified_gmt":"2021-08-16T18:06:52","slug":"tan-simple-como-leer-en-voz-alta","status":"publish","type":"page","link":"https:\/\/www.easp.es\/saludentrelibros\/tan-simple-como-leer-en-voz-alta\/","title":{"rendered":"Leer en voz alta"},"content":{"rendered":"<p>[vc_row][vc_column][vc_row_inner][vc_column_inner width=\u00bb1\/2&#8243;][vc_column_text]<span style=\"color: #333333;\">Leer con un beb\u00e9, o un ni\u00f1o o ni\u00f1a, crea un v\u00ednculo afectivo, que les har\u00e1 personitas m\u00e1s seguras de s\u00ed mismas, que sabr\u00e1n expresar mejor sus sentimientos y sus pensamientos. En el colegio su aprendizaje se les har\u00e1 m\u00e1s fluido y agradable. Cuando lleguen a la Educaci\u00f3n Secundaria tendr\u00e1n mayor comprensi\u00f3n lectora, lo que les facilitar\u00e1 el estudio y los ejercicios de clase. Adem\u00e1s, para las mam\u00e1s y los pap\u00e1s es muy satisfactorio sentir que, mientras les leemos, nosotros tambi\u00e9n crecemos junto a ellos.<\/span><\/p>\n<p><span style=\"color: #333333;\">F\u00edjate cu\u00e1ntas cosas buenas en una actividad tan simple. Por eso, desde\u00a0esta p\u00e1gina te queremos animar a dedicar unos minutos al d\u00eda a leerles en voz alta.<\/span><\/p>\n<p><span style=\"color: #333333;\">Pero si no tienes el h\u00e1bito de la lectura o no sabes c\u00f3mo empezar a leer en voz alta, no te preocupes, es f\u00e1cil y hay un mont\u00f3n de peque\u00f1os trucos para que el momento de lectura sea agradable tanto para ti como para el ni\u00f1o o ni\u00f1a. Pincha en la parte de <span style=\"color: #008080;\"><a style=\"color: #008080;\" href=\"https:\/\/www.easp.es\/saludentrelibros\/familias\/\" rel=\"noopener\">Familias<\/a><\/span>\u00a0del men\u00fa, ah\u00ed encontrar\u00e1s ideas y consejos pr\u00e1cticos.<\/span><\/p>\n<p><span style=\"color: #333333;\">Para empezar, aqu\u00ed te dejamos unos v\u00eddeos muy breves que demuestran todo lo que puede llegar a caber en pocos minutos de lectura y lo que significa para ellos.<\/span>[\/vc_column_text][vc_column_text]<iframe loading=\"lazy\" src=\"https:\/\/www.youtube.com\/embed\/JSQi850I-SY\" width=\"560\" height=\"315\" frameborder=\"0\" allowfullscreen=\"allowfullscreen\"><\/iframe>[\/vc_column_text][\/vc_column_inner][vc_column_inner width=\u00bb1\/2&#8243;][vc_column_text]<iframe loading=\"lazy\" src=\"https:\/\/www.youtube.com\/embed\/Cny7sgioIiE\" width=\"560\" height=\"315\" frameborder=\"0\" allowfullscreen=\"allowfullscreen\"><\/iframe>[\/vc_column_text][vc_column_text]<iframe loading=\"lazy\" src=\"https:\/\/www.youtube.com\/embed\/LmUBtFZFmGo\" width=\"560\" height=\"315\" frameborder=\"0\" allowfullscreen=\"allowfullscreen\"><\/iframe>[\/vc_column_text][vc_column_text]<\/p>\n<h5><\/h5>\n<h5 style=\"text-align: center;\"><em><span style=\"color: #008080;\">Y color\u00edn colorado, este cuento se ha acabado,<\/span><\/em><\/h5>\n<h5 style=\"text-align: center;\"><em><span style=\"color: #008080;\">y el tuyo no ha comenzado&#8230;<\/span><\/em><\/h5>\n<p>[\/vc_column_text][\/vc_column_inner][\/vc_row_inner][\/vc_column][\/vc_row]<\/p>\n","protected":false},"excerpt":{"rendered":"<p>\u00bfY si te dijeran que un gesto tan sencillo como leer en voz alta a nuestros hijos e hijas desde que son beb\u00e9s tiene unos efectos s\u00faper positivos en su desarrollo? Para animaros a introducir esta actividad en la rutina diaria de los ni\u00f1os y ni\u00f1as, os hemos preparado una serie de v\u00eddeos y comentarios muy breves con ideas y experiencias pr\u00e1cticas de lecturas en voz alta.<\/p>\n","protected":false},"author":2,"featured_media":2614,"parent":0,"menu_order":0,"comment_status":"closed","ping_status":"closed","template":"","meta":{"footnotes":""},"class_list":["post-2609","page","type-page","status-publish","has-post-thumbnail","hentry"],"aioseo_notices":[],"_links":{"self":[{"href":"https:\/\/www.easp.es\/saludentrelibros\/wp-json\/wp\/v2\/pages\/2609","targetHints":{"allow":["GET"]}}],"collection":[{"href":"https:\/\/www.easp.es\/saludentrelibros\/wp-json\/wp\/v2\/pages"}],"about":[{"href":"https:\/\/www.easp.es\/saludentrelibros\/wp-json\/wp\/v2\/types\/page"}],"author":[{"embeddable":true,"href":"https:\/\/www.easp.es\/saludentrelibros\/wp-json\/wp\/v2\/users\/2"}],"replies":[{"embeddable":true,"href":"https:\/\/www.easp.es\/saludentrelibros\/wp-json\/wp\/v2\/comments?post=2609"}],"version-history":[{"count":15,"href":"https:\/\/www.easp.es\/saludentrelibros\/wp-json\/wp\/v2\/pages\/2609\/revisions"}],"predecessor-version":[{"id":3045,"href":"https:\/\/www.easp.es\/saludentrelibros\/wp-json\/wp\/v2\/pages\/2609\/revisions\/3045"}],"wp:featuredmedia":[{"embeddable":true,"href":"https:\/\/www.easp.es\/saludentrelibros\/wp-json\/wp\/v2\/media\/2614"}],"wp:attachment":[{"href":"https:\/\/www.easp.es\/saludentrelibros\/wp-json\/wp\/v2\/media?parent=2609"}],"curies":[{"name":"wp","href":"https:\/\/api.w.org\/{rel}","templated":true}]}}