{"id":27,"date":"2017-01-11T12:54:30","date_gmt":"2017-01-11T12:54:30","guid":{"rendered":"http:\/\/www.easp.es\/saludentrelibros\/?page_id=27"},"modified":"2024-09-02T10:26:58","modified_gmt":"2024-09-02T10:26:58","slug":"familias","status":"publish","type":"page","link":"https:\/\/www.easp.es\/saludentrelibros\/familias\/","title":{"rendered":"Familias"},"content":{"rendered":"<p>[vc_row][vc_column width=\u00bb1\/2&#8243;][vc_column_text]<iframe loading=\"lazy\" src=\"https:\/\/www.youtube.com\/embed\/YfcetGu7tnc\" width=\"560\" height=\"315\" frameborder=\"0\" allowfullscreen=\"allowfullscreen\"><\/iframe>[\/vc_column_text][vc_column_text]<\/p>\n<h5><span style=\"color: #008080;\">Leer un ratito juntos<\/span><\/h5>\n<p style=\"text-align: left;\"><span style=\"color: #333333;\">Para algunas familias leer antes de acostarse es buena idea, otras prefieren hacerlo en otro momento del d\u00eda. Lo importante es que sea una experiencia agradable tanto para el ni\u00f1o o la ni\u00f1a como para la persona adulta que lee, y que se haga con regularidad.<\/span><\/p>\n<p style=\"text-align: left;\"><span style=\"color: #333333;\">No hace falta que el padre o la madre sea un gran lector para empezar a leer voz alta a sus hijos o hijas. Se trata simplemente de mantener una\u00a0conversaci\u00f3n sobre un libro entre el ni\u00f1o o la ni\u00f1a\u00a0y la persona adulta.<\/span><\/p>\n<p>[\/vc_column_text][vc_column_text]<iframe loading=\"lazy\" src=\"https:\/\/www.youtube.com\/embed\/GV08L4-LLyA\" width=\"560\" height=\"315\" frameborder=\"0\" allowfullscreen=\"allowfullscreen\"><\/iframe>[\/vc_column_text][vc_column_text]<\/p>\n<h5><span style=\"color: #008080;\">Tips para la lectura interactiva con los m\u00e1s peque\u00f1os<\/span><\/h5>\n<p><span style=\"color: #333333;\">A continuaci\u00f3n os proponemos unas <span style=\"color: #008080;\">frases que puedes usar mientras le\u00e9is<\/span>, se\u00a0trata de lectura interactiva o dial\u00f3gica<span style=\"color: #808080;\"> [1]<\/span><\/span><\/p>\n<p><span style=\"color: #333333;\">Pero tened siempre en cuenta que estas t\u00e9cnicas de est\u00edmulo no tienen que agobiar, no se trata de interrogarle, sino de invitarle a que participe de la lectura.<\/span>[\/vc_column_text][\/vc_column][vc_column width=\u00bb1\/2&#8243;][vc_column_text]<\/p>\n<h5 style=\"text-align: center;\"><em><span style=\"color: #008080;\">\u00c9rase una vez&#8230; <\/span><\/em><\/h5>\n<h5 style=\"text-align: center;\"><span style=\"color: #008080;\">y su historia da comienzo con tus palabras<\/span><\/h5>\n<p>&nbsp;<\/p>\n<p><span style=\"color: #333333;\">\u00abSoy la madre de Mateo.\u00a0El pediatra de mi hijo me invitaba a leerle libros al ni\u00f1o cuando apenas ten\u00eda tres meses,\u00a0me parec\u00eda una situaci\u00f3n c\u00f3mica, me sent\u00eda rid\u00edcula, pero por confianza en el m\u00e9dico (y por temor\u2026 porque siempre me preguntaba si le le\u00eda libros al ni\u00f1o) segu\u00eda su consejo.\u00a0Mi hijo ha empezado a hablar pronto y desde muy peque\u00f1o ha tenido un nivel ling\u00fc\u00edstico envidiable. Cada d\u00eda soy yo la que me quedo sin palabras escuch\u00e1ndole; y muchas veces me acuerdo de las 1.000 recomendaciones que me hac\u00eda el pediatra sobre la importancia de los libros para los ni\u00f1os desde la m\u00e1s tierna edad. Estoy muy agradecida.\u00bb<\/span><\/p>\n<p style=\"padding-left: 30px; text-align: right;\"><span style=\"color: #808080;\">(<a style=\"color: #808080;\" href=\"https:\/\/www.medicoebambino.com\/?id=1103_167.pdf_c\" target=\"_blank\" rel=\"noopener noreferrer\">Manetti S, et al. Strumenti per i pediatri. Medico e Bambino 3\/2011<\/a>)<\/span><\/p>\n<p>[\/vc_column_text][vc_column_text]<\/p>\n<h5><span style=\"color: #008080;\">Ideas sencillas para hacer de la lectura en voz alta un h\u00e1bito agradable<\/span><\/h5>\n<ul>\n<li><span style=\"color: #333333;\">Poner voces especiales a los personajes.<\/span><\/li>\n<li><span style=\"color: #333333;\">Usar la m\u00edmica con las manos.<\/span><\/li>\n<li><span style=\"color: #333333;\">Se\u00f1alar las figuras en los dibujos.<\/span><\/li>\n<li><span style=\"color: #333333;\">Repetir palabras de uso cotidiano.<\/span><\/li>\n<li><span style=\"color: #333333;\">Ir variando el ritmo de la lectura, m\u00e1s lenta o m\u00e1s r\u00e1pida.<\/span><\/li>\n<li><span style=\"color: #333333;\">Hacerle preguntas sobre los personajes, pero sin agobiar, solo como invitaci\u00f3n a que comente algo.<\/span><\/li>\n<li><span style=\"color: #333333;\">Que el ni\u00f1o cuente la historia a su manera.<\/span><\/li>\n<li><span style=\"color: #333333;\">Hacer visitas a la Biblioteca p\u00fablica m\u00e1s cercana,\u00a0suelen tener espacios muy bonitos reservados para los m\u00e1s peque\u00f1os.<\/span><\/li>\n<li><span style=\"color: #333333;\">Poner libros a su disposici\u00f3n, cuantos m\u00e1s mejor. Si en casa no hay libros, id a la biblioteca p\u00fablica.<\/span><\/li>\n<li><span style=\"color: #333333;\">Aprovechar los momentos de espera, durante un viaje, en el m\u00e9dico, haciendo cola.<\/span><\/li>\n<li><span style=\"color: #333333;\">Ojo, si el ni\u00f1o se inquieta, no insistir e intentarlo en otro momento, poco a poco.<\/span><\/li>\n<\/ul>\n<p>[\/vc_column_text][vc_column_text]<iframe loading=\"lazy\" src=\"https:\/\/www.youtube.com\/embed\/lDO9MljzdpQ\" width=\"560\" height=\"315\" frameborder=\"0\" allowfullscreen=\"allowfullscreen\"><\/iframe>[\/vc_column_text][\/vc_column][\/vc_row][vc_row][vc_column width=\u00bb1\/2&#8243;][vc_column_text]<span style=\"color: #008080;\">Estimulaci\u00f3n<\/span><\/p>\n<ul>\n<li><span style=\"color: #333333;\">Invitar al ni\u00f1o a que diga algo del libro<\/span><\/li>\n<li><span style=\"color: #333333;\"><em>Padre\/Madre: \u201c\u00bfQu\u00e9 es esto?\u201d<\/em><\/span><\/li>\n<\/ul>\n<p><span style=\"color: #008080;\">Evaluaci\u00f3n de\u00a0 la respuesta<\/span><\/p>\n<ul>\n<li><span style=\"color: #333333;\">Evaluar o afianzar la respuesta del menor.<\/span><\/li>\n<li><span style=\"color: #333333;\"><em>Hijo\/a: \u201cUn cami\u00f3n\u201d<\/em><\/span><\/li>\n<li><span style=\"color: #333333;\"><em>P\/M: \u201c\u00a1S\u00ed!\u201d, \u201c\u00a1Eso es!\u201d<\/em><\/span><\/li>\n<\/ul>\n<p><span style=\"color: #008080;\">Ampliaci\u00f3n de la informaci\u00f3n<\/span><\/p>\n<ul>\n<li><span style=\"color: #333333;\">Ampliar, a\u00f1adir informaci\u00f3n a la respuesta o reacci\u00f3n del peque\u00f1o.<\/span><\/li>\n<li><span style=\"color: #333333;\"><em>P\/M: \u201cS\u00ed, es un cami\u00f3n rojo de bomberos\u201d<\/em><\/span><\/li>\n<\/ul>\n<p><span style=\"color: #008080;\">Repetici\u00f3n<\/span><\/p>\n<ul>\n<li><span style=\"color: #333333;\">Repetir lo que ha dicho para asegurarnos de que el ni\u00f1o ha aprendido de la informaci\u00f3n adicional que le hemos dado.<\/span><\/li>\n<li><span style=\"color: #333333;\"><em>P\/M: \u201c\u00bfPuedes decir \u2018cami\u00f3n de bomberos\u2019?\u201d<\/em><\/span><\/li>\n<\/ul>\n<p><span style=\"color: #008080;\">Invitaciones a completar<\/span><\/p>\n<ul>\n<li><span style=\"color: #333333;\">Dejar \u201cun espacio en blanco\u201d para que complete una rima o una frase.<\/span><\/li>\n<li><span style=\"color: #333333;\"><em>P\/M: \u201cEl cami\u00f3n es de color\u2026\u201d<\/em><\/span><\/li>\n<\/ul>\n<p><span style=\"color: #008080;\">Preguntas abiertas<\/span><\/p>\n<ul>\n<li><span style=\"color: #333333;\">Se puede llevar a cabo en libros con im\u00e1genes.<\/span><\/li>\n<li><span style=\"color: #333333;\"><em>P\/M: \u201c\u00bfQu\u00e9 est\u00e1 pasando en este dibujo?\u201d<\/em><\/span><\/li>\n<\/ul>\n<p><span style=\"color: #008080;\">Preguntas focalizadas<\/span><\/p>\n<ul>\n<li><span style=\"color: #333333;\">Hacer preguntas que empiecen por: qu\u00e9, d\u00f3nde, cu\u00e1ndo, por qu\u00e9\u00a0 y c\u00f3mo<\/span><\/li>\n<li><span style=\"color: #333333;\"><span style=\"color: #333333;\"><em>P\/M: \u201c\u00bfC\u00f3mo se llama esto?\u201d<\/em><\/span><\/span><\/li>\n<\/ul>\n<p>&nbsp;<\/p>\n<hr \/>\n<p><span style=\"color: #008080;\">A partir de 4-5 a\u00f1os<\/span><\/p>\n<p><span style=\"color: #008080;\">Estimular la memoria<\/span><\/p>\n<ul>\n<li><span style=\"color: #333333;\">Preguntar acerca de lo que ha pasado en el cuento<\/span><\/li>\n<li><span style=\"color: #333333;\"><em>P\/M: \u201c\u00bfQu\u00e9 le ha pasado al cami\u00f3n rojo de los bomberos?\u201d<\/em><\/span><\/li>\n<\/ul>\n<p><span style=\"color: #008080;\">Asociaciones con el mundo real<\/span><\/p>\n<ul>\n<li><span style=\"color: #333333;\">Relacionar lo que se ve en el libro con experiencias vividas junto al ni\u00f1o.<\/span><\/li>\n<li><span style=\"color: #333333;\"><em>P\/M: \u201cMira, una cabra. \u00bfTe acuerdas de las cabritas que vimos en la granja escuela?\u201d<\/em><\/span><\/li>\n<\/ul>\n<p><span style=\"color: #808080;\">(Whitehurst G. Dialogic Reading: an effective way to read to preschoolers)<\/span>[\/vc_column_text][\/vc_column][vc_column width=\u00bb1\/2&#8243;][vc_single_image image=\u00bb2255&#8243; img_size=\u00bbfull\u00bb alignment=\u00bbcenter\u00bb][vc_single_image image=\u00bb2256&#8243; img_size=\u00bbfull\u00bb][\/vc_column][\/vc_row][vc_row][vc_column][vc_separator][\/vc_column][\/vc_row][vc_row][vc_column width=\u00bb1\/4&#8243;][\/vc_column][vc_column width=\u00bb1\/4&#8243; css=\u00bb.vc_custom_1725272511323{background-color: #f2f2f2 !important;}\u00bb][vc_column_text]<\/p>\n<p style=\"text-align: center;\"><strong><a href=\"https:\/\/www.easp.es\/saludentrelibros\/guias-para-familias\/\">Consejos y Gu\u00edas para madres y padres<\/a><\/strong><\/p>\n<p>[\/vc_column_text][\/vc_column][vc_column width=\u00bb1\/4&#8243; css=\u00bb.vc_custom_1725272521954{background-color: #f2f2f2 !important;}\u00bb][vc_column_text]<\/p>\n<p style=\"text-align: center;\"><a href=\"https:\/\/www.easp.es\/saludentrelibros\/situaciones-especiales\/\"><b>M\u00e1s all\u00e1 del cuento de la noche<\/b><\/a><\/p>\n<p>[\/vc_column_text][\/vc_column][vc_column width=\u00bb1\/4&#8243;][\/vc_column][\/vc_row]<\/p>\n","protected":false},"excerpt":{"rendered":"<p>Para algunas familias leer antes de acostarse es buena idea, otras prefieren hacerlo en otro momento del d\u00eda. Lo importante es que sea una experiencia agradable y ligera tanto para el ni\u00f1o o la ni\u00f1a como para la persona adulta que acompa\u00f1a, lee o comenta durante la lectura en voz alta.<\/p>\n","protected":false},"author":2,"featured_media":2551,"parent":0,"menu_order":0,"comment_status":"closed","ping_status":"closed","template":"","meta":{"footnotes":""},"class_list":["post-27","page","type-page","status-publish","has-post-thumbnail","hentry"],"aioseo_notices":[],"_links":{"self":[{"href":"https:\/\/www.easp.es\/saludentrelibros\/wp-json\/wp\/v2\/pages\/27","targetHints":{"allow":["GET"]}}],"collection":[{"href":"https:\/\/www.easp.es\/saludentrelibros\/wp-json\/wp\/v2\/pages"}],"about":[{"href":"https:\/\/www.easp.es\/saludentrelibros\/wp-json\/wp\/v2\/types\/page"}],"author":[{"embeddable":true,"href":"https:\/\/www.easp.es\/saludentrelibros\/wp-json\/wp\/v2\/users\/2"}],"replies":[{"embeddable":true,"href":"https:\/\/www.easp.es\/saludentrelibros\/wp-json\/wp\/v2\/comments?post=27"}],"version-history":[{"count":139,"href":"https:\/\/www.easp.es\/saludentrelibros\/wp-json\/wp\/v2\/pages\/27\/revisions"}],"predecessor-version":[{"id":3590,"href":"https:\/\/www.easp.es\/saludentrelibros\/wp-json\/wp\/v2\/pages\/27\/revisions\/3590"}],"wp:featuredmedia":[{"embeddable":true,"href":"https:\/\/www.easp.es\/saludentrelibros\/wp-json\/wp\/v2\/media\/2551"}],"wp:attachment":[{"href":"https:\/\/www.easp.es\/saludentrelibros\/wp-json\/wp\/v2\/media?parent=27"}],"curies":[{"name":"wp","href":"https:\/\/api.w.org\/{rel}","templated":true}]}}