{"id":2762,"date":"2021-01-21T18:10:37","date_gmt":"2021-01-21T18:10:37","guid":{"rendered":"https:\/\/www.easp.es\/saludentrelibros\/?page_id=2762"},"modified":"2026-04-22T07:43:44","modified_gmt":"2026-04-22T07:43:44","slug":"salud-entre-libros","status":"publish","type":"page","link":"https:\/\/www.easp.es\/saludentrelibros\/","title":{"rendered":"Salud entre libros"},"content":{"rendered":"<p>[vc_row][vc_column width=\u00bb1\/3&#8243;][vc_single_image image=\u00bb3625&#8243; img_size=\u00bblarge\u00bb][\/vc_column][vc_column width=\u00bb1\/3&#8243;][vc_single_image image=\u00bb3612&#8243; img_size=\u00bblarge\u00bb][\/vc_column][vc_column width=\u00bb1\/3&#8243;][vc_single_image image=\u00bb3616&#8243; img_size=\u00bblarge\u00bb][vc_single_image image=\u00bb3611&#8243; img_size=\u00bblarge\u00bb][\/vc_column][\/vc_row][vc_row][vc_column width=\u00bb2\/3&#8243;][vc_column_text]<\/p>\n<p style=\"text-align: center;\">Folleto Familias, 2 p\u00e1ginas<\/p>\n<p>[\/vc_column_text][\/vc_column][vc_column width=\u00bb1\/3&#8243;][vc_column_text]<\/p>\n<p style=\"text-align: center;\">Folleto Profesionales, 1 p\u00e1gina<\/p>\n<p>[\/vc_column_text][\/vc_column][vc_column][vc_separator color=\u00bbcustom\u00bb accent_color=\u00bb#0e9e9e\u00bb][\/vc_column][\/vc_row][vc_row][vc_column width=\u00bb2\/3&#8243;][vc_empty_space height=\u00bb50px\u00bb][vc_custom_heading text=\u00bbLeer en Voz Alta\u00bb font_container=\u00bbtag:h1|text_align:left\u00bb google_fonts=\u00bbfont_family:Delius%3Aregular|font_style:400%20regular%3A400%3Anormal\u00bb css=\u00bb.vc_custom_1671349701538{margin-top: 20px !important;margin-bottom: 0px !important;border-bottom-width: 0px !important;padding-top: 0px !important;padding-right: 40px !important;padding-left: 40px !important;}\u00bb][vc_column_text]<\/p>\n<h5><\/h5>\n<h5 style=\"padding-left: 40px;\"><a href=\"https:\/\/www.easp.es\/saludentrelibros\/tan-simple-como-leer-en-voz-alta\/\" target=\"_blank\" rel=\"noopener\"><span style=\"color: #424040;\">\u00bfY si te dijeran que un gesto tan sencillo como leer en voz alta a nuestros hijos e hijas desde que son beb\u00e9s tiene un efecto muy positivo en su desarrollo?<\/span><\/a><\/h5>\n<h5 style=\"padding-left: 40px;\"><a href=\"https:\/\/www.easp.es\/saludentrelibros\/tan-simple-como-leer-en-voz-alta\/\"><span style=\"color: #424040;\">Introducir este h\u00e1bito en la rutina diaria es saludable para los ni\u00f1os y ni\u00f1as, pero tambi\u00e9n lo es para la persona adulta que lee con ellos.<\/span><\/a><\/h5>\n<p>[\/vc_column_text][vc_empty_space height=\u00bb150px\u00bb][\/vc_column][vc_column width=\u00bb1\/3&#8243;][vc_empty_space height=\u00bb50px\u00bb][vc_single_image image=\u00bb2934&#8243; img_size=\u00bbfull\u00bb onclick=\u00bbcustom_link\u00bb link=\u00bbhttps:\/\/www.easp.es\/saludentrelibros\/tan-simple-como-leer-en-voz-alta\/\u00bb][\/vc_column][\/vc_row][vc_row equal_height=\u00bbyes\u00bb css=\u00bb.vc_custom_1611255248204{padding-right: 40px !important;padding-left: 40px !important;}\u00bb el_class=\u00bb.bloque01&#8243;][vc_column][vc_separator color=\u00bbcustom\u00bb accent_color=\u00bb#0e9e9e\u00bb][vc_row_inner equal_height=\u00bbyes\u00bb][vc_column_inner width=\u00bb1\/3&#8243; css=\u00bb.vc_custom_1611256585290{margin-right: 10px !important;margin-left: 10px !important;padding-top: 0px !important;padding-right: 0px !important;padding-left: 0px !important;background-color: #f2f2f2 !important;}\u00bb][vc_single_image image=\u00bb2808&#8243; img_size=\u00bb400&#215;300&#8243; alignment=\u00bbcenter\u00bb css=\u00bb.vc_custom_1629128372261{margin-top: 0px !important;margin-right: 0px !important;margin-bottom: 0px !important;margin-left: 0px !important;border-top-width: 0px !important;border-right-width: 0px !important;border-bottom-width: 0px !important;border-left-width: 0px !important;padding-top: 0px !important;padding-right: 0px !important;padding-bottom: 0px !important;padding-left: 0px !important;}\u00bb][vc_custom_heading text=\u00bbProfesionales Sociosanitarias\u00bb google_fonts=\u00bbfont_family:Delius%3Aregular|font_style:400%20regular%3A400%3Anormal\u00bb css=\u00bb.vc_custom_1737742660952{margin-top: 20px !important;margin-bottom: 0px !important;border-bottom-width: 0px !important;padding-top: 0px !important;padding-right: 40px !important;padding-left: 40px !important;}\u00bb][vc_column_text css=\u00bb.vc_custom_1629128253872{margin-top: 0px !important;margin-bottom: 0px !important;padding-top: 0px !important;padding-right: 40px !important;padding-bottom: 0px !important;padding-left: 40px !important;}\u00bb el_class=\u00bbtextopequeno\u00bb]Las y los Pediatras son excelentes interlocutores para recomendar la lectura en voz alta porque son los primeros profesionales de Atenci\u00f3n Primaria que entran en contacto con la familia, dando lugar a una relaci\u00f3n de confianza a lo largo de los primeros a\u00f1os de los ni\u00f1os y las ni\u00f1as. En Granada hemos entrevistado a la Pediatra Ana Garach.[\/vc_column_text][vc_btn title=\u00bbLeer m\u00e1s\u00bb style=\u00bbflat\u00bb color=\u00bbwhite\u00bb size=\u00bbsm\u00bb css=\u00bb.vc_custom_1737742737398{padding-top: 20px !important;padding-right: 40px !important;padding-bottom: 0px !important;padding-left: 40px !important;}\u00bb link=\u00bburl:https%3A%2F%2Fwww.easp.es%2Fsaludentrelibros%2Fsanitarios%2F|title:Leer%20en%20voz%20alta||\u00bb][\/vc_column_inner][vc_column_inner width=\u00bb1\/3&#8243; css=\u00bb.vc_custom_1611256595514{margin-right: 10px !important;margin-left: 10px !important;padding-top: 0px !important;padding-right: 0px !important;padding-left: 0px !important;background-color: #ffffff !important;}\u00bb][vc_single_image image=\u00bb2806&#8243; img_size=\u00bb400&#215;300&#8243; alignment=\u00bbcenter\u00bb css=\u00bb.vc_custom_1629128393127{margin-top: 0px !important;margin-right: 0px !important;margin-bottom: 0px !important;margin-left: 0px !important;border-top-width: 0px !important;border-right-width: 0px !important;border-bottom-width: 0px !important;border-left-width: 0px !important;padding-top: 0px !important;padding-right: 0px !important;padding-bottom: 0px !important;padding-left: 0px !important;}\u00bb][vc_custom_heading text=\u00bbFamilias\u00bb google_fonts=\u00bbfont_family:Delius%3Aregular|font_style:400%20regular%3A400%3Anormal\u00bb css=\u00bb.vc_custom_1671349957968{margin-top: 20px !important;margin-bottom: 0px !important;border-bottom-width: 0px !important;padding-top: 0px !important;padding-right: 40px !important;padding-left: 40px !important;}\u00bb][vc_column_text css=\u00bb.vc_custom_1629128473216{margin-top: 0px !important;margin-bottom: 0px !important;padding-top: 0px !important;padding-right: 40px !important;padding-bottom: 0px !important;padding-left: 40px !important;}\u00bb el_class=\u00bbtextopequeno\u00bb]Para algunas familias leer antes de acostarse es buena idea, otras prefieren hacerlo en otro momento del d\u00eda. Lo importante es que sea una experiencia agradable y ligera tanto para el ni\u00f1o o la ni\u00f1a como para la persona adulta que acompa\u00f1a, lee o comenta durante la lectura en voz alta.[\/vc_column_text][vc_btn title=\u00bbLeer m\u00e1s\u00bb style=\u00bbflat\u00bb size=\u00bbsm\u00bb css=\u00bb.vc_custom_1643088477645{padding-top: 20px !important;padding-right: 40px !important;padding-bottom: 0px !important;padding-left: 40px !important;}\u00bb link=\u00bburl:https%3A%2F%2Fwww.easp.es%2Fsaludentrelibros%2Ffamilias%2F|title:Leer%20en%20voz%20alta||\u00bb][\/vc_column_inner][vc_column_inner width=\u00bb1\/3&#8243; css=\u00bb.vc_custom_1611256606018{margin-right: 10px !important;margin-left: 10px !important;padding-top: 0px !important;padding-right: 0px !important;padding-left: 0px !important;background-color: #f2f2f2 !important;}\u00bb][vc_single_image image=\u00bb2991&#8243; img_size=\u00bb400x 300&#8243; alignment=\u00bbcenter\u00bb css=\u00bb.vc_custom_1629129895729{margin-top: 0px !important;margin-right: 0px !important;margin-bottom: 0px !important;margin-left: 0px !important;border-top-width: 0px !important;border-right-width: 0px !important;border-bottom-width: 0px !important;border-left-width: 0px !important;padding-top: 0px !important;padding-right: 0px !important;padding-bottom: 0px !important;padding-left: 0px !important;}\u00bb][vc_custom_heading text=\u00bbOtros escenarios\u00bb google_fonts=\u00bbfont_family:Delius%3Aregular|font_style:400%20regular%3A400%3Anormal\u00bb css=\u00bb.vc_custom_1671349971330{margin-top: 20px !important;margin-bottom: 0px !important;border-bottom-width: 0px !important;padding-top: 0px !important;padding-right: 40px !important;padding-left: 40px !important;}\u00bb][vc_column_text css=\u00bb.vc_custom_1629129155565{margin-top: 0px !important;margin-bottom: 0px !important;padding-top: 0px !important;padding-right: 40px !important;padding-bottom: 0px !important;padding-left: 40px !important;}\u00bb el_class=\u00bbtextopequeno\u00bb]M\u00e1s all\u00e1 del cuento de la noche, la lectura en voz alta compartida puede ser una herramienta muy valiosa para trabajar con ni\u00f1os, ni\u00f1as o adolescente en otros contextos o situaciones delicadas.[\/vc_column_text][vc_btn title=\u00bbLeer m\u00e1s\u00bb style=\u00bbflat\u00bb color=\u00bbwhite\u00bb size=\u00bbsm\u00bb css=\u00bb.vc_custom_1629130803058{padding-top: 20px !important;padding-right: 40px !important;padding-bottom: 0px !important;padding-left: 40px !important;}\u00bb link=\u00bburl:https%3A%2F%2Fwww.easp.es%2Fsaludentrelibros%2Fsituaciones-especiales%2F|title:Leer%20en%20voz%20alta||\u00bb][vc_column_text css=\u00bb.vc_custom_1629128465901{margin-top: 0px !important;margin-bottom: 0px !important;padding-top: 0px !important;padding-right: 40px !important;padding-bottom: 0px !important;padding-left: 40px !important;}\u00bb el_class=\u00bbtextopequeno\u00bb][\/vc_column_text][\/vc_column_inner][\/vc_row_inner][vc_row_inner equal_height=\u00bbyes\u00bb][vc_column_inner width=\u00bb1\/3&#8243; css=\u00bb.vc_custom_1611256849210{margin-right: 10px !important;margin-left: 10px !important;padding-top: 0px !important;padding-right: 0px !important;padding-left: 0px !important;background-color: #ffffff !important;}\u00bb][vc_single_image image=\u00bb2805&#8243; img_size=\u00bb400&#215;300&#8243; alignment=\u00bbcenter\u00bb css=\u00bb.vc_custom_1611257309577{margin-top: 0px !important;margin-right: 0px !important;margin-bottom: 0px !important;margin-left: 0px !important;border-top-width: 0px !important;border-right-width: 0px !important;border-bottom-width: 0px !important;border-left-width: 0px !important;padding-top: 0px !important;padding-right: 0px !important;padding-bottom: 0px !important;padding-left: 0px !important;}\u00bb][vc_custom_heading text=\u00bbEducadoras\/es\u00bb google_fonts=\u00bbfont_family:Delius%3Aregular|font_style:400%20regular%3A400%3Anormal\u00bb css=\u00bb.vc_custom_1671349986632{margin-top: 20px !important;margin-bottom: 0px !important;border-bottom-width: 0px !important;padding-top: 0px !important;padding-right: 40px !important;padding-left: 40px !important;}\u00bb][vc_column_text css=\u00bb.vc_custom_1611257064792{margin-top: 0px !important;margin-bottom: 0px !important;padding-top: 0px !important;padding-right: 40px !important;padding-bottom: 0px !important;padding-left: 40px !important;}\u00bb el_class=\u00bbtextopequeno\u00bb]Los y las Maestras sois los profesionales que, junto con Pediatras, est\u00e1is m\u00e1s cerca de las familias y sois sus referentes cuando afloran inquietudes respecto a la evoluci\u00f3n de sus hijos. Por eso desarroll\u00e1is un importante papel a la hora de fomentar la lectura en voz alta en familia.[\/vc_column_text][vc_btn title=\u00bbLeer m\u00e1s\u00bb style=\u00bbflat\u00bb size=\u00bbsm\u00bb css=\u00bb.vc_custom_1643088810865{padding-top: 20px !important;padding-right: 40px !important;padding-bottom: 0px !important;padding-left: 40px !important;}\u00bb link=\u00bburl:https%3A%2F%2Fwww.easp.es%2Fsaludentrelibros%2Feducadores%2F|title:Leer%20en%20voz%20alta||\u00bb][\/vc_column_inner][vc_column_inner width=\u00bb1\/3&#8243; css=\u00bb.vc_custom_1611256897118{margin-right: 10px !important;margin-left: 10px !important;padding-top: 0px !important;padding-right: 0px !important;padding-left: 0px !important;background-color: #f2f2f2 !important;}\u00bb][vc_single_image image=\u00bb2920&#8243; img_size=\u00bb400&#215;300&#8243; alignment=\u00bbcenter\u00bb css=\u00bb.vc_custom_1625137426298{margin-top: 0px !important;margin-right: 0px !important;margin-bottom: 0px !important;margin-left: 0px !important;border-top-width: 0px !important;border-right-width: 0px !important;border-bottom-width: 0px !important;border-left-width: 0px !important;padding-top: 0px !important;padding-right: 0px !important;padding-bottom: 0px !important;padding-left: 0px !important;}\u00bb][vc_custom_heading text=\u00bbBibliotecas\u00bb google_fonts=\u00bbfont_family:Delius%3Aregular|font_style:400%20regular%3A400%3Anormal\u00bb css=\u00bb.vc_custom_1671349998801{margin-top: 20px !important;margin-bottom: 0px !important;border-bottom-width: 0px !important;padding-top: 0px !important;padding-right: 40px !important;padding-left: 40px !important;}\u00bb][vc_column_text css=\u00bb.vc_custom_1611257084450{margin-top: 0px !important;margin-bottom: 0px !important;padding-top: 0px !important;padding-right: 40px !important;padding-bottom: 0px !important;padding-left: 40px !important;}\u00bb el_class=\u00bbtextopequeno\u00bb]En todos los programas internacionales de recomendaci\u00f3n de la lectura en voz alta se hace hincapi\u00e9 en la importancia de la colaboraci\u00f3n entre el\/la Pediatra con la biblioteca m\u00e1s cercana. En Granada hemos hablado con la bibliotecaria Margot Corbacho que colabora con la Consulta de Pediatr\u00eda de un barrio popular.[\/vc_column_text][vc_btn title=\u00bbLeer m\u00e1s\u00bb style=\u00bbflat\u00bb color=\u00bbwhite\u00bb size=\u00bbsm\u00bb css=\u00bb.vc_custom_1706621360925{padding-top: 20px !important;padding-right: 40px !important;padding-bottom: 0px !important;padding-left: 40px !important;}\u00bb link=\u00bburl:https%3A%2F%2Fwww.easp.es%2Fsaludentrelibros%2Fbibliotecas%2F|title:Leer%20en%20voz%20alta||\u00bb][\/vc_column_inner][vc_column_inner width=\u00bb1\/3&#8243; css=\u00bb.vc_custom_1611256862531{margin-right: 10px !important;margin-left: 10px !important;padding-top: 0px !important;padding-right: 0px !important;padding-left: 0px !important;background-color: #ffffff !important;}\u00bb][vc_single_image image=\u00bb2992&#8243; img_size=\u00bb400&#215;300&#8243; alignment=\u00bbcenter\u00bb css=\u00bb.vc_custom_1629130166356{margin-top: 0px !important;margin-right: 0px !important;margin-bottom: 0px !important;margin-left: 0px !important;border-top-width: 0px !important;border-right-width: 0px !important;border-bottom-width: 0px !important;border-left-width: 0px !important;padding-top: 0px !important;padding-right: 0px !important;padding-bottom: 0px !important;padding-left: 0px !important;}\u00bb][vc_custom_heading text=\u00bbV\u00eddeos, testimonios, consejos\u00bb google_fonts=\u00bbfont_family:Delius%3Aregular|font_style:400%20regular%3A400%3Anormal\u00bb css=\u00bb.vc_custom_1671350013519{margin-top: 20px !important;margin-bottom: 0px !important;border-bottom-width: 0px !important;padding-top: 0px !important;padding-right: 40px !important;padding-left: 40px !important;}\u00bb][vc_column_text css=\u00bb.vc_custom_1629131219779{margin-top: 0px !important;margin-bottom: 0px !important;padding-top: 0px !important;padding-right: 40px !important;padding-bottom: 0px !important;padding-left: 40px !important;}\u00bb el_class=\u00bbtextopequeno\u00bb]\u00a1Todo lo que cabe en un par de minutos de lectura!<\/p>\n<p>En este apartado encontrar\u00e9is ejemplos de lecturas breves, testimonios de madres y padres, adem\u00e1s de consejos de maestras y bibliotecarias sobre c\u00f3mo introducir la lectura en voz alta en la rutina diaria.<\/p>\n<p>[\/vc_column_text][vc_btn title=\u00bbLeer m\u00e1s\u00bb style=\u00bbflat\u00bb size=\u00bbsm\u00bb css=\u00bb.vc_custom_1629130783452{padding-top: 20px !important;padding-right: 40px !important;padding-bottom: 0px !important;padding-left: 40px !important;}\u00bb link=\u00bburl:https%3A%2F%2Fwww.easp.es%2Fsaludentrelibros%2Fvideos%2F|title:Leer%20en%20voz%20alta||\u00bb][\/vc_column_inner][\/vc_row_inner][vc_empty_space][vc_separator color=\u00bbcustom\u00bb accent_color=\u00bb#0e9e9e\u00bb][\/vc_column][\/vc_row][vc_row][vc_column css=\u00bb.vc_custom_1671474439519{background-color: #0e9e9e !important;}\u00bb][vc_custom_heading text=\u00bbNoticias sobre los beneficios de la Lectura en Voz Alta\u00bb font_container=\u00bbtag:h2|text_align:center|color:%23ffffff\u00bb google_fonts=\u00bbfont_family:Delius%3Aregular|font_style:400%20regular%3A400%3Anormal\u00bb link=\u00bburl:https%3A%2F%2Fwww.easp.es%2Fsaludentrelibros%2Farticulosperiodico%2F|||\u00bb][vc_images_carousel images=\u00bb3580,3189,3187,3183,3179,3176,3173,3165,1924,1922,1921,1918,1926,1930,1934,2130,3191&#8243; img_size=\u00bbfull\u00bb onclick=\u00bbcustom_link\u00bb speed=\u00bb2000&#8243; slides_per_view=\u00bb3&#8243; autoplay=\u00bbyes\u00bb wrap=\u00bbyes\u00bb css_animation=\u00bbfadeIn\u00bb custom_links=\u00bb#E-8_aHR0cHMlM0ElMkYlMkZ3d3cuZWFzcC5lcyUyRnNhbHVkZW50cmVsaWJyb3MlMkZhcnRpY3Vsb3NwZXJpb2RpY28lMkY=\u00bb][\/vc_column][\/vc_row][vc_row][vc_column][vc_custom_heading text=\u00bbNoticias sobre Salud Entre Libros\u00bb font_container=\u00bbtag:h2|text_align:center\u00bb google_fonts=\u00bbfont_family:Delius%3Aregular|font_style:400%20regular%3A400%3Anormal\u00bb][\/vc_column][\/vc_row][vc_row][vc_column width=\u00bb1\/6&#8243;][vc_single_image image=\u00bb3216&#8243; img_size=\u00bbfull\u00bb onclick=\u00bbcustom_link\u00bb img_link_target=\u00bb_blank\u00bb link=\u00bbhttps:\/\/www.cope.es\/programas\/la-tarde\u00bb][vc_column_text]<span style=\"color: #333333;\">Entrevista al equipo de Salud entre Libros en <a href=\"https:\/\/www.cope.es\/programas\/la-tarde\" target=\"_blank\" rel=\"noopener\">La Tarde con Pilar Cisneros<\/a>\u00a0<\/span><\/p>\n<p><a href=\"https:\/\/salud-entre-libros.s3.eu-west-3.amazonaws.com\/SALUD-ENTRE-LIBROS-COPE18AG21.mp3\" target=\"_blank\" rel=\"noopener\">Podcast de la entrevista<\/a> (duraci\u00f3n\u00a0 17 minutos)[\/vc_column_text][\/vc_column][vc_column width=\u00bb1\/6&#8243;][vc_single_image image=\u00bb3228&#8243; img_size=\u00bbfull\u00bb onclick=\u00bbcustom_link\u00bb img_link_target=\u00bb_blank\u00bb link=\u00bbhttps:\/\/www.emartv.es\/2021\/08\/10\/escuela-salud-lectura-ninos\/\u00bb][vc_column_text]<a href=\"https:\/\/www.easp.es\/saludentrelibros\/wp-content\/uploads\/2022\/01\/OndaLocal_audio_recortado.mp3\"><span style=\"color: #333333;\">Hemos estado en Onda Local de Andaluc\u00eda<\/span><\/a>[\/vc_column_text][\/vc_column][vc_column width=\u00bb1\/6&#8243;][vc_single_image image=\u00bb3226&#8243; img_size=\u00bbfull\u00bb onclick=\u00bbcustom_link\u00bb img_link_target=\u00bb_blank\u00bb link=\u00bbhttps:\/\/www.granadaesnoticia.com\/provincia\/un-estudio-senala-que-leer-en-voz-alta-a-los-menores-contribuye-a-mejorar-su-salud\u00bb][vc_column_text]<span style=\"color: #333333;\"><a style=\"color: #333333;\" href=\"https:\/\/www.granadaesnoticia.com\/provincia\/un-estudio-senala-que-leer-en-voz-alta-a-los-menores-contribuye-a-mejorar-su-salud\" target=\"_blank\" rel=\"noopener\">Un estudio se\u00f1ala que leer en voz alta a los menores contribuye a mejorar su salud<\/a><\/span>[\/vc_column_text][\/vc_column][vc_column width=\u00bb1\/6&#8243;][vc_single_image image=\u00bb3230&#8243; img_size=\u00bbfull\u00bb onclick=\u00bbcustom_link\u00bb img_link_target=\u00bb_blank\u00bb link=\u00bbhttps:\/\/sevilla.abc.es\/andalucia\/sevi-estudio-andaluz-revela-beneficios-lectura-alta-para-menores-202108081444_noticia.html\u00bb][vc_column_text]<span style=\"color: #333333;\"><a style=\"color: #333333;\" href=\"https:\/\/sevilla.abc.es\/andalucia\/sevi-estudio-andaluz-revela-beneficios-lectura-alta-para-menores-202108081444_noticia.html\" target=\"_blank\" rel=\"noopener\">Un estudio andaluz revela los beneficios de la lectura en voz alta para los menores<\/a><\/span>[\/vc_column_text][\/vc_column][vc_column width=\u00bb1\/6&#8243;][vc_single_image image=\u00bb3234&#8243; img_size=\u00bbfull\u00bb onclick=\u00bbcustom_link\u00bb img_link_target=\u00bb_blank\u00bb link=\u00bbhttps:\/\/www.eldiario.es\/andalucia\/lacajanegra\/escuela-andaluz-salud-publica-difunde-beneficios-lectura-voz-alta-menores_1_8204936.html\u00bb][vc_column_text]<\/p>\n<p class=\"title\"><span style=\"color: #333333;\"><a style=\"color: #333333;\" href=\"https:\/\/www.eldiario.es\/andalucia\/lacajanegra\/escuela-andaluz-salud-publica-difunde-beneficios-lectura-voz-alta-menores_1_8204936.html\" target=\"_blank\" rel=\"noopener\">La Escuela Andaluz de Salud P\u00fablica difunde los beneficios de la lectura en voz alta para los menores<\/a><\/span><\/p>\n<p>[\/vc_column_text][\/vc_column][vc_column width=\u00bb1\/6&#8243;][vc_single_image image=\u00bb3236&#8243; img_size=\u00bbfull\u00bb onclick=\u00bbcustom_link\u00bb img_link_target=\u00bb_blank\u00bb link=\u00bbhttps:\/\/www.actasanitaria.com\/dimes_y_diretes\/leer-en-voz-alta-a-los-menores-contribuye-a-mejorar-su-salud\/\u00bb][vc_column_text]<span style=\"color: #333333;\"><a style=\"color: #333333;\" href=\"https:\/\/www.actasanitaria.com\/dimes_y_diretes\/leer-en-voz-alta-a-los-menores-contribuye-a-mejorar-su-salud\/\" target=\"_blank\" rel=\"noopener\">Leer en voz alta a los menores contribuye a mejorar su salud<\/a><\/span>[\/vc_column_text][\/vc_column][\/vc_row][vc_row][vc_column width=\u00bb1\/6&#8243;][\/vc_column][vc_column width=\u00bb1\/6&#8243;][vc_single_image image=\u00bb3238&#8243; img_size=\u00bbfull\u00bb onclick=\u00bbcustom_link\u00bb img_link_target=\u00bb_blank\u00bb link=\u00bbhttps:\/\/www.europapress.es\/esandalucia\/sevilla\/noticia-escuela-andaluz-salud-difunde-beneficios-lectura-voz-alta-menores-20210808115940.html\u00bb][vc_column_text]<\/p>\n<p class=\"titular\"><span style=\"color: #333333;\"><a style=\"color: #333333;\" href=\"https:\/\/www.europapress.es\/esandalucia\/sevilla\/noticia-escuela-andaluz-salud-difunde-beneficios-lectura-voz-alta-menores-20210808115940.html\" target=\"_blank\" rel=\"noopener\">La Escuela Andaluza de Salud difunde los beneficios de la lectura en voz alta para los menores<\/a><\/span><\/p>\n<p>[\/vc_column_text][\/vc_column][vc_column width=\u00bb1\/6&#8243;][vc_single_image image=\u00bb3232&#8243; img_size=\u00bbfull\u00bb onclick=\u00bbcustom_link\u00bb img_link_target=\u00bb_blank\u00bb link=\u00bbhttps:\/\/www.granadahoy.com\/vivir\/Leer-voz-alta-salud-menores-Granada_0_1599740412.html\u00bb][vc_column_text]<\/p>\n<p class=\"pg-bkn-headline\"><span style=\"color: #000000;\"><a style=\"color: #000000;\" href=\"https:\/\/www.granadahoy.com\/vivir\/Leer-voz-alta-salud-menores-Granada_0_1599740412.html\" target=\"_blank\" rel=\"noopener\">Leer en voz alta para mejorar la salud de los menores de Granada<\/a><\/span><\/p>\n<p>[\/vc_column_text][\/vc_column][vc_column width=\u00bb1\/6&#8243;][vc_single_image image=\u00bb3252&#8243; img_size=\u00bbfull\u00bb alignment=\u00bbcenter\u00bb onclick=\u00bbcustom_link\u00bb img_link_target=\u00bb_blank\u00bb link=\u00bbhttps:\/\/canallector.com\/docs\/3341\/\u00bb][vc_column_text]<span style=\"color: #000000;\"><a style=\"color: #000000;\" href=\"https:\/\/canallector.com\/docs\/3341\/\" target=\"_blank\" rel=\"noopener\">Salud entre Libros en Canal Lector<\/a><\/span><\/p>\n<p>[\/vc_column_text][\/vc_column][vc_column width=\u00bb1\/6&#8243;][vc_single_image image=\u00bb3255&#8243; img_size=\u00bbfull\u00bb onclick=\u00bbcustom_link\u00bb img_link_target=\u00bb_blank\u00bb link=\u00bbhttps:\/\/www.comunidadbaratz.com\/blog\/salud-entre-libros-un-proyecto-de-promocion-de-la-salud-y-bienestar-de-la-infancia-a-traves-de-la-lectura-en-voz-alta\/\u00bb][vc_column_text]<\/p>\n<p class=\"title\"><span style=\"color: #000000;\"><a style=\"color: #000000;\" title=\"Permalink to \u00abSalud entre Libros\u00bb, un proyecto de promoci\u00f3n de la salud y bienestar de la infancia a trav\u00e9s de la lectura en voz alta\" href=\"https:\/\/www.comunidadbaratz.com\/blog\/salud-entre-libros-un-proyecto-de-promocion-de-la-salud-y-bienestar-de-la-infancia-a-traves-de-la-lectura-en-voz-alta\/\" target=\"_blank\" rel=\"noopener\">\u00abSalud entre Libros\u00bb, un proyecto de promoci\u00f3n de la salud y bienestar de la infancia a trav\u00e9s de la lectura en voz alta<\/a><\/span><\/p>\n<p>[\/vc_column_text][\/vc_column][\/vc_row][vc_row css=\u00bb.vc_custom_1671533217761{margin-top: 80px !important;background-color: #f2f2f2 !important;}\u00bb][vc_column][vc_custom_heading text=\u00bbInstagram\u00bb font_container=\u00bbtag:h2|text_align:center\u00bb google_fonts=\u00bbfont_family:Delius%3Aregular|font_style:400%20regular%3A400%3Anormal\u00bb][\/vc_column][\/vc_row][vc_row][vc_column][vc_single_image image=\u00bb3584&#8243; img_size=\u00bbfull\u00bb alignment=\u00bbcenter\u00bb onclick=\u00bbcustom_link\u00bb link=\u00bbhttps:\/\/www.instagram.com\/salud_entre_libros\/\u00bb][\/vc_column][\/vc_row]<\/p>\n","protected":false},"excerpt":{"rendered":"<p>[vc_row][vc_column width=\u00bb1\/3&#8243;][vc_single_image image=\u00bb3625&#8243; img_size=\u00bblarge\u00bb][\/vc_column][vc_column width=\u00bb1\/3&#8243;][vc_single_image image=\u00bb3612&#8243; img_size=\u00bblarge\u00bb][\/vc_column][vc_column width=\u00bb1\/3&#8243;][vc_single_image image=\u00bb3616&#8243; img_size=\u00bblarge\u00bb][vc_single_image image=\u00bb3611&#8243; img_size=\u00bblarge\u00bb][\/vc_column][\/vc_row][vc_row][vc_column width=\u00bb2\/3&#8243;][vc_column_text] Folleto Familias, 2 p\u00e1ginas [\/vc_column_text][\/vc_column][vc_column width=\u00bb1\/3&#8243;][vc_column_text] Folleto Profesionales, 1 p\u00e1gina [\/vc_column_text][\/vc_column][vc_column][vc_separator color=\u00bbcustom\u00bb accent_color=\u00bb#0e9e9e\u00bb][\/vc_column][\/vc_row][vc_row][vc_column width=\u00bb2\/3&#8243;][vc_empty_space height=\u00bb50px\u00bb][vc_custom_heading text=\u00bbLeer en Voz Alta\u00bb font_container=\u00bbtag:h1|text_align:left\u00bb google_fonts=\u00bbfont_family:Delius%3Aregular|font_style:400%20regular%3A400%3Anormal\u00bb css=\u00bb.vc_custom_1671349701538{margin-top: 20px !important;margin-bottom: 0px !important;border-bottom-width: 0px<\/p>\n","protected":false},"author":5,"featured_media":0,"parent":0,"menu_order":0,"comment_status":"closed","ping_status":"closed","template":"","meta":{"footnotes":""},"class_list":["post-2762","page","type-page","status-publish","hentry"],"aioseo_notices":[],"_links":{"self":[{"href":"https:\/\/www.easp.es\/saludentrelibros\/wp-json\/wp\/v2\/pages\/2762","targetHints":{"allow":["GET"]}}],"collection":[{"href":"https:\/\/www.easp.es\/saludentrelibros\/wp-json\/wp\/v2\/pages"}],"about":[{"href":"https:\/\/www.easp.es\/saludentrelibros\/wp-json\/wp\/v2\/types\/page"}],"author":[{"embeddable":true,"href":"https:\/\/www.easp.es\/saludentrelibros\/wp-json\/wp\/v2\/users\/5"}],"replies":[{"embeddable":true,"href":"https:\/\/www.easp.es\/saludentrelibros\/wp-json\/wp\/v2\/comments?post=2762"}],"version-history":[{"count":235,"href":"https:\/\/www.easp.es\/saludentrelibros\/wp-json\/wp\/v2\/pages\/2762\/revisions"}],"predecessor-version":[{"id":3626,"href":"https:\/\/www.easp.es\/saludentrelibros\/wp-json\/wp\/v2\/pages\/2762\/revisions\/3626"}],"wp:attachment":[{"href":"https:\/\/www.easp.es\/saludentrelibros\/wp-json\/wp\/v2\/media?parent=2762"}],"curies":[{"name":"wp","href":"https:\/\/api.w.org\/{rel}","templated":true}]}}