{"id":3055,"date":"2021-08-17T09:34:43","date_gmt":"2021-08-17T09:34:43","guid":{"rendered":"https:\/\/www.easp.es\/saludentrelibros\/?page_id=3055"},"modified":"2024-03-03T08:32:01","modified_gmt":"2024-03-03T08:32:01","slug":"preguntas-frecuentes","status":"publish","type":"page","link":"https:\/\/www.easp.es\/saludentrelibros\/preguntas-frecuentes\/","title":{"rendered":"Preguntas frecuentes"},"content":{"rendered":"<p>[vc_row][vc_column width=\u00bb1\/2&#8243;][vc_column_text]Introducir un h\u00e1bito saludable en la rutina diaria lleva su tiempo.<\/p>\n<p>A todas y a todos nos falta tiempo, llegamos cansados al final del d\u00eda. No es f\u00e1cil sacar unos minutos para leer en voz alta.<\/p>\n<p>Lo que os podemos asegurar es que al final lo vais a disfrutar tanto como vuestros peque\u00f1os.<\/p>\n<p>Aqu\u00ed vamos a ir dando respuesta de forma sencilla a las preguntas m\u00e1s frecuentes, pod\u00e9is dejarnos vuestros comentarios en <a href=\"https:\/\/www.instagram.com\/salud_entre_libros\/\" target=\"_blank\" rel=\"noopener\">nuestro perfil en Instagram<\/a> <a href=\"https:\/\/www.instagram.com\/salud_entre_libros\/\" target=\"_blank\" rel=\"noopener\">@saludentrelibros<\/a>. A continuaci\u00f3n pod\u00e9is ver algunas de las preguntas que nos est\u00e1n llegando y que iremos contestando.[\/vc_column_text][\/vc_column][vc_column width=\u00bb1\/2&#8243;][vc_single_image image=\u00bb3077&#8243; img_size=\u00bbfull\u00bb][\/vc_column][\/vc_row][vc_row][vc_column width=\u00bb1\/3&#8243; css=\u00bb.vc_custom_1629195423661{background-color: #f2f2f2 !important;}\u00bb][vc_single_image image=\u00bb3382&#8243; img_size=\u00bbfull\u00bb][vc_column_text]<\/p>\n<h4 style=\"text-align: center;\"><span style=\"color: #008080;\">\u00bfPor qu\u00e9 es importante la lectura en voz alta?<\/span><\/h4>\n<p>La lectura en voz alta en la primera infancia crea momentos de c\u00e1lida intimidad entre quienes leen y quienes escuchan. Los libros compartidos act\u00faan como reclamo para el encuentro, llaman a juntarse y relacionarse.<\/p>\n<p>Leer a otro un libro en voz alta es siempre una expresi\u00f3n de amor. El hecho de compartir palabras, historias, reflexiones, emociones&#8230; crea v\u00ednculos afectivos muy intensos.<\/p>\n<p>Es muy importante que ni\u00f1as y ni\u00f1os asocien desde el principio el acto de leer al cari\u00f1o y a la atenci\u00f3n. Aunque solo fuese por esta raz\u00f3n, ya estar\u00eda justificado leer libros a ni\u00f1os y ni\u00f1as desde que nacen, igual que los alimentamos, los cuidamos, los dormimos o jugamos con ellos.<\/p>\n<p>La lectura en voz alta convoca y aglutina, ofrece sosiego y felicidad, crea apego entre los adultos que leen y los ni\u00f1os y ni\u00f1as que escuchan.[\/vc_column_text][\/vc_column][vc_column width=\u00bb1\/3&#8243; css=\u00bb.vc_custom_1644685168667{background-color: #ffffff !important;}\u00bb][vc_single_image image=\u00bb3359&#8243; img_size=\u00bbfull\u00bb][vc_column_text]<\/p>\n<h4 style=\"text-align: center;\"><span style=\"color: #008080;\">\u00bfQu\u00e9 es la lectura compartida?<\/span><\/h4>\n<p>B\u00e1sicamente leer juntos en voz alta. Mientras t\u00fa lees indicando con el dedo en las ilustraciones del libro, el ni\u00f1o o ni\u00f1a va siguiendo el cuento que vas leyendo o las ilustraciones que vas se\u00f1alando y comentando.<\/p>\n<p>Hay un concepto muy interesante, que es la lectura dial\u00f3gica. Se puede resumir en una breve interacci\u00f3n entre un ni\u00f1o o ni\u00f1a y la persona adulta que lee en voz alta poniendo en pr\u00e1ctica estas propuestas:<\/p>\n<ul>\n<li>Pide al ni\u00f1o que diga algo sobre el libro o los dibujos<\/li>\n<li>Eval\u00faa la respuesta del ni\u00f1o<\/li>\n<li>Reformula la respuesta que te ha dado y agr\u00e9gale informaci\u00f3n<\/li>\n<li>Repite el mensaje para asegurarte de que el peque\u00f1o haya comprendido la informaci\u00f3n que le has dado<\/li>\n<\/ul>\n<p>[\/vc_column_text][\/vc_column][vc_column width=\u00bb1\/3&#8243; css=\u00bb.vc_custom_1644685256286{background-color: #f2f2f2 !important;}\u00bb][vc_single_image image=\u00bb3371&#8243; img_size=\u00bbfull\u00bb][vc_column_text]<\/p>\n<h4 style=\"text-align: center;\"><span style=\"color: #008080;\">A mi hijo no le gusta lectura, <\/span><span style=\"color: #008080;\">\u00bfqu\u00e9 puedo hacer para animarlo?<\/span><\/h4>\n<p>Saca unos minutos al d\u00eda para leer juntos en voz alta. No te preocupes y sobre todo, no te desanimes. Hoy en d\u00eda un libro es menos atractivo que una pantalla porque no ofrece tantos est\u00edmulos, pero hay libros preciosos que te pueden ayudar. Ir juntos a la biblioteca o a una librer\u00eda para escogerlos puede ser un buen comienzo.\u00a0Pero no lo hagas como una obligaci\u00f3n, sino como una actividad relajada, que pueda ser divertida para los dos.<\/p>\n<p>Una vez que hayas elegido el libro o el cuento, conc\u00e9ntrate en los minutos que le vas a dedicar a la lectura y lee en voz alta. Aunque el ni\u00f1o o la ni\u00f1a se distraiga, sigue leyendo en voz alta, haciendo voces y ense\u00f1ando las ilustraciones.<\/p>\n<p>No te desanimes, cada d\u00eda vais aumentando los minutos que le pod\u00e9is dedicar. Y cuando acab\u00e9is, cel\u00e9bralo con frases que le animen a seguir al d\u00eda siguiente.<\/p>\n<p>A fin de cuentas, lo importante es que las y los hijos noten que el momento de la lectura es un espacio para estar\u00a0 juntos de forma relajada, un momento en el que sientan que durante esos minutos estamos relajadas, relajados, que no entran las rega\u00f1inas, que el m\u00f3vil est\u00e1 apagado y que toda nuestra atenci\u00f3n est\u00e1 puesta en ellas y ellos.[\/vc_column_text][\/vc_column][\/vc_row][vc_row][vc_column][vc_empty_space][\/vc_column][\/vc_row][vc_row][vc_column][vc_row_inner][vc_column_inner width=\u00bb1\/3&#8243; css=\u00bb.vc_custom_1644685268054{background-color: #ffffff !important;}\u00bb][vc_single_image image=\u00bb3368&#8243; img_size=\u00bblarge\u00bb][vc_column_text]<\/p>\n<h4 style=\"text-align: center;\"><span style=\"color: #008080;\">Mis hijas no disfrutan los libros que yo le\u00eda de peque\u00f1a. \u00bfD\u00f3nde puedo encontrar recomendaciones para nuevos libros?<\/span><\/h4>\n<p>Es l\u00f3gico y tienes que respetarlo, cada generaci\u00f3n tiene gustos diferentes. Les puedes ense\u00f1ar los libros de tu infancia a modo anecd\u00f3tico y comentarles c\u00f3mo eran las cosas cuando t\u00fa ten\u00edas su edad.<\/p>\n<p>En las bibliotecas de barrio y en las librer\u00edas infantiles hay una enorme variedad de libros ilustrados. D\u00e9jalos que elijan para que a la hora de leerles en voz alta les parezca m\u00e1s interesante.[\/vc_column_text][\/vc_column_inner][vc_column_inner width=\u00bb1\/3&#8243; css=\u00bb.vc_custom_1644669120688{background-color: #f2f2f2 !important;}\u00bb][vc_single_image image=\u00bb3364&#8243; img_size=\u00bblarge\u00bb][vc_column_text]<\/p>\n<h4 style=\"text-align: center;\"><span style=\"color: #008080;\">Mi hijo nunca escucha cuando le leo un cuento. \u00bfTiene l\u00f3gica insistir?<\/span><\/h4>\n<p>S\u00ed, por todos los beneficios que tiene ese momento de la lectura en voz alta. A nivel afectivo sienten que estamos ah\u00ed enteramente para ellos durante esos minutos. Y a nivel intelectual aprenden del modelo que les est\u00e1s ense\u00f1ando: se puede disfrutar leyendo.<\/p>\n<p>En esta misma web tienes gu\u00edas y consejos de lectura para padres y madres.[\/vc_column_text][\/vc_column_inner][vc_column_inner width=\u00bb1\/3&#8243; css=\u00bb.vc_custom_1644685349170{background-color: #ffffff !important;}\u00bb][vc_single_image image=\u00bb3360&#8243; img_size=\u00bblarge\u00bb][vc_column_text]<\/p>\n<h4 style=\"text-align: center;\"><span style=\"color: #008080;\">Pero\u2026 \u00bfla beb\u00e9 entiende lo que le leo? \u00bfDisfruta de lo que le decimos?<\/span><\/h4>\n<p>Ya desde el primer d\u00eda nos dirigimos a \u00e9l con un lenguaje cari\u00f1oso, cercano, seguro. Y eso tiene un efecto positivo en el ni\u00f1o. Nuestras palabras, canciones, susurros, le tranquilizan, le gustan. Desde que nace, el beb\u00e9 siente y est\u00e1 preparado para recibir afecto. El ni\u00f1o nota el tono de nuestra voz, el cari\u00f1o en nuestras palabras. Le gustan las rimas, canciones y cuentos que le contamos. Disfruta cuando le demostramos lo que sentimos hacia \u00e9l.<\/p>\n<p>(Ana Garach, Pediatra)[\/vc_column_text][\/vc_column_inner][\/vc_row_inner][vc_row_inner][vc_column_inner][\/vc_column_inner][\/vc_row_inner][\/vc_column][\/vc_row][vc_row][vc_column width=\u00bb1\/3&#8243; css=\u00bb.vc_custom_1629195665439{background-color: #f2f2f2 !important;}\u00bb][vc_single_image image=\u00bb3358&#8243; img_size=\u00bbfull\u00bb][vc_column_text]<\/p>\n<h4 style=\"text-align: center;\"><span style=\"color: #008080;\">Si le leo a mis hijos, \u00bfrealmente les estoy ayudando a que m\u00e1s adelante se convierta en un buen lector?<\/span><\/h4>\n<p>Cuando nace un ni\u00f1o, su cerebro no est\u00e1 preparado para leer. No hay ninguna \u00e1rea cerebral espec\u00edfica de la lectura. Es lo contrario de lo que ocurre con el lenguaje, o con la vista. Normalmente, un ni\u00f1o va a\u00a0hablar solo,\u00a0 por imitaci\u00f3n o est\u00edmulo de los que le rodean. Esto, no pasa con la lectura. Para aprender a leer, al ni\u00f1o hay que ense\u00f1arle. Se tienen que crear circuitos neuronales complejos que conectan distintas \u00e1reas cerebrales. Este proceso no es f\u00e1cil. Hay ni\u00f1os que tardan m\u00e1s y otros que tardan menos.<\/p>\n<p>Muchos estudios han demostrado que para ayudar a esta tarea hay que iniciar a nuestros hijos en la lectura desde etapas muy precoces. No es solo para trabajar sus afectos y mejorar su vocabulario, sino tambi\u00e9n para ayudarles a que m\u00e1s tarde aprendan a leer de forma correcta. Esto les ayudar\u00e1 a progresar adecuadamente en la escuela y a tener una buena\u00a0autoestima.<\/p>\n<h4>(Ana Garach, Pediatra)<\/h4>\n<p>[\/vc_column_text][\/vc_column][vc_column width=\u00bb1\/3&#8243; css=\u00bb.vc_custom_1629198991433{background-color: #ffffff !important;}\u00bb][vc_single_image image=\u00bb3386&#8243; img_size=\u00bbfull\u00bb][vc_column_text]<\/p>\n<h4 style=\"text-align: center;\"><span style=\"color: #008080;\">\u00a0\u00bfCada cu\u00e1nto tiempo deber\u00eda leerle en voz alta a mi hijo?<\/span><\/h4>\n<p>Si se logra que el h\u00e1bito de la lectura sea a diario, como una de las rutinas en el cuidado de nuestro hijo, tendr\u00e1 muchos beneficios sobre \u00e9l. As\u00ed como intentamos acostumbrarlo a un horario de alimentaci\u00f3n, a ba\u00f1arlo m\u00e1s o menos a la misma hora, etc, ser\u00eda muy positivo buscar la rutina de la lectura en voz alta. Podr\u00eda ser antes de dormir. Ya cuando \u00e9l va siendo un poco mayor, seguro que buscar\u00e1 otros ratos para hacer lo que con gran probabilidad se va a convertir en algo que le apasiona: leer un cuento.<\/p>\n<p style=\"text-align: center;\">(Ana Garach, Pediatra)<\/p>\n<p>[\/vc_column_text][\/vc_column][vc_column width=\u00bb1\/3&#8243; css=\u00bb.vc_custom_1629199005313{background-color: #f2f2f2 !important;}\u00bb][vc_single_image image=\u00bb3389&#8243; img_size=\u00bbfull\u00bb][vc_column_text]<\/p>\n<h4 style=\"text-align: center;\"><span style=\"color: #008080;\">\u00bfC\u00f3mo encuentro tiempo para leerle a mi hijo?<\/span><\/h4>\n<p>No es f\u00e1cil, pero tenemos una buena noticia: con unos minutos al d\u00eda es suficiente. Y si te pide m\u00e1s tiempo y no se lo puedes dedicar durante la semana, h\u00e1blalo antes de empezar a leer, comenta de cu\u00e1nto tiempo dispones y llegad a un acuerdo para ampliar esos ratitos de lectura durante el fin de semana, por ejemplo.<\/p>\n<p>Para ti tambi\u00e9n ser\u00e1 beneficioso reservar esos momentos para relajarte y compartirlos con tus hijos o hijas. Os quedar\u00e1n unos recuerdos maravillosos.[\/vc_column_text][\/vc_column][\/vc_row][vc_row][vc_column][vc_empty_space][\/vc_column][\/vc_row][vc_row][vc_column width=\u00bb1\/3&#8243; css=\u00bb.vc_custom_1629195598778{background-color: #ffffff !important;}\u00bb][vc_single_image image=\u00bb3384&#8243; img_size=\u00bbfull\u00bb][vc_column_text]<\/p>\n<h4 style=\"text-align: center;\"><span style=\"color: #008080;\">\u00bfC\u00f3mo puedo hacer que la lectura compartida sea m\u00e1s divertida?<\/span><\/h4>\n<p>En el <span style=\"color: #008080;\"><a style=\"color: #008080;\" href=\"https:\/\/www.easp.es\/saludentrelibros\/guias-para-familias\/\">apartado de Consejos para madres y padres<\/a><\/span> tienes muchas ideas para poner en pr\u00e1ctica. Son breves y est\u00e1n explicadas de manera sencilla y por edades.[\/vc_column_text][\/vc_column][vc_column width=\u00bb1\/3&#8243; css=\u00bb.vc_custom_1629195611462{background-color: #f2f2f2 !important;}\u00bb][vc_single_image image=\u00bb3361&#8243; img_size=\u00bbfull\u00bb][vc_column_text]<\/p>\n<h4 style=\"text-align: center;\"><span style=\"color: #008080;\">\u00bfNecesito leer un libro o podemos usar una tablet?<\/span><\/h4>\n<p>Ser\u00eda poco realista decir que no se usen tablets o pantallas para leer con menores. Si tienes libros infantiles en la tablet, adelante, puedes poner en pr\u00e1ctica los mismos consejos de lectura en voz alta que te hemos dado para los libros en papel.<\/p>\n<p>Lo que cuenta es compartir esos momentos de lectura y que tu voz le ponga palabras a lo que el ni\u00f1o o la ni\u00f1a ven en las ilustraciones del cuento.<\/p>\n<p>&#8230; Y de vez en cuando pod\u00e9is introducir alg\u00fan libro en papel, pasaros por una biblioteca p\u00fablica o entrar juntos a alguna librer\u00eda infantil.[\/vc_column_text][\/vc_column][vc_column width=\u00bb1\/3&#8243; css=\u00bb.vc_custom_1629195628126{background-color: #ffffff !important;}\u00bb][vc_single_image image=\u00bb3391&#8243; img_size=\u00bbfull\u00bb][vc_column_text]<\/p>\n<h4 style=\"text-align: center;\"><span style=\"color: #008080;\">\u00bfC\u00f3mo puedo leer un cuento a mis hijos cuando todos tienen edades tan diferentes?<\/span><\/h4>\n<p>En el <span style=\"color: #008080;\"><a style=\"color: #008080;\" href=\"https:\/\/www.easp.es\/saludentrelibros\/guias-para-familias\/\">apartado de Consejos para madres y padres<\/a>\u00a0<\/span>os\u00a0 hemos dejando una serie de tips para leer en voz alta a diferentes edades. Si los menores de diferentes edades est\u00e1n juntos, puede ser divertido ponerse alrededor del libro que t\u00fa tengas abierto hacia ellos y que vay\u00e1is leyendo y comentando juntos, respetando el turno de cada uno.[\/vc_column_text][\/vc_column][\/vc_row][vc_row][vc_column][vc_empty_space][\/vc_column][\/vc_row][vc_row][vc_column width=\u00bb1\/3&#8243; css=\u00bb.vc_custom_1644685401907{background-color: #f2f2f2 !important;}\u00bb][vc_single_image image=\u00bb3393&#8243; img_size=\u00bbfull\u00bb][vc_column_text]<\/p>\n<h4 style=\"text-align: center;\"><span style=\"color: #008080;\">\u00bfNecesito disponer de mucho tiempo para leerles a mis hijos?<\/span><\/h4>\n<p>Lo m\u00e1s importante de la relaci\u00f3n que establezcas con ellas con libros o cuentos mediando es que sientan que te est\u00e1s ocupando de ellas, que\u00a0 es una actividad entre vosotras. No es tanto un compromiso como un grato memento de valor emocional para todas las personas que disfrutan de ello.[\/vc_column_text][vc_column_text][\/vc_column_text][\/vc_column][vc_column width=\u00bb1\/3&#8243; css=\u00bb.vc_custom_1644685413372{background-color: #ffffff !important;}\u00bb][vc_single_image image=\u00bb3395&#8243; img_size=\u00bbfull\u00bb][vc_column_text]<\/p>\n<h4 style=\"text-align: center;\"><span style=\"color: #008080;\">\u00bfD\u00f3nde puedo encontrar recomendaciones para leer a ni\u00f1as o ni\u00f1os?<\/span><\/h4>\n<p>En el <span style=\"color: #008080;\"><a style=\"color: #008080;\" href=\"https:\/\/www.easp.es\/saludentrelibros\/guias-para-familias\/\">apartado de Consejos para madres y padres<\/a>\u00a0<\/span>os\u00a0 hemos dejando una serie de tips para leer en voz alta a diferentes edades.[\/vc_column_text][\/vc_column][vc_column width=\u00bb1\/3&#8243; css=\u00bb.vc_custom_1644685430292{background-color: #f2f2f2 !important;}\u00bb][vc_single_image image=\u00bb3396&#8243; img_size=\u00bbfull\u00bb][vc_column_text]<\/p>\n<h4 style=\"text-align: center;\"><span style=\"color: #008080;\">\u00bfPara qu\u00e9 leer en voz alta si ya leen por su cuenta?<\/span><\/h4>\n<p>Para crear momentos de conexi\u00f3n. Momentos en los que ambos, madre o padre con el ni\u00f1o o la ni\u00f1a, sientan la presencia real del otro. Es decir, sentir que estamos juntos con nuestra atenci\u00f3n puesta en ellos.[\/vc_column_text][\/vc_column][\/vc_row][vc_row][vc_column][vc_empty_space][\/vc_column][\/vc_row][vc_row][vc_column width=\u00bb1\/3&#8243; css=\u00bb.vc_custom_1644685401907{background-color: #f2f2f2 !important;}\u00bb][vc_column_text][\/vc_column_text][vc_column_text][\/vc_column_text][\/vc_column][vc_column width=\u00bb1\/3&#8243; css=\u00bb.vc_custom_1644685413372{background-color: #ffffff !important;}\u00bb][vc_single_image image=\u00bb3357&#8243; img_size=\u00bbfull\u00bb][vc_column_text]<\/p>\n<h4 style=\"text-align: center;\"><span style=\"color: #008080;\">\u00bfHay beneficios para la persona adulta que lee?<\/span><\/h4>\n<p>Los beneficios en la persona adulta que lee se desprenden de los argumentos generales de la lectura en voz alta: bienestar, satisfacci\u00f3n por relacionarse \u00edntimamente con la infancia, alegr\u00eda de compartir experiencias, felicidad por hablar de la vida&#8230;[\/vc_column_text][\/vc_column][vc_column width=\u00bb1\/3&#8243; css=\u00bb.vc_custom_1644685430292{background-color: #f2f2f2 !important;}\u00bb][vc_column_text][\/vc_column_text][\/vc_column][\/vc_row]<\/p>\n","protected":false},"excerpt":{"rendered":"<p>[vc_row][vc_column width=\u00bb1\/2&#8243;][vc_column_text]Introducir un h\u00e1bito saludable en la rutina diaria lleva su tiempo. A todas y a todos nos falta tiempo, llegamos cansados al final del d\u00eda. No es f\u00e1cil sacar unos minutos para leer en voz alta. Lo que os<\/p>\n","protected":false},"author":2,"featured_media":0,"parent":0,"menu_order":0,"comment_status":"closed","ping_status":"closed","template":"","meta":{"footnotes":""},"class_list":["post-3055","page","type-page","status-publish","hentry"],"aioseo_notices":[],"_links":{"self":[{"href":"https:\/\/www.easp.es\/saludentrelibros\/wp-json\/wp\/v2\/pages\/3055","targetHints":{"allow":["GET"]}}],"collection":[{"href":"https:\/\/www.easp.es\/saludentrelibros\/wp-json\/wp\/v2\/pages"}],"about":[{"href":"https:\/\/www.easp.es\/saludentrelibros\/wp-json\/wp\/v2\/types\/page"}],"author":[{"embeddable":true,"href":"https:\/\/www.easp.es\/saludentrelibros\/wp-json\/wp\/v2\/users\/2"}],"replies":[{"embeddable":true,"href":"https:\/\/www.easp.es\/saludentrelibros\/wp-json\/wp\/v2\/comments?post=3055"}],"version-history":[{"count":66,"href":"https:\/\/www.easp.es\/saludentrelibros\/wp-json\/wp\/v2\/pages\/3055\/revisions"}],"predecessor-version":[{"id":3059,"href":"https:\/\/www.easp.es\/saludentrelibros\/wp-json\/wp\/v2\/pages\/3055\/revisions\/3059"}],"wp:attachment":[{"href":"https:\/\/www.easp.es\/saludentrelibros\/wp-json\/wp\/v2\/media?parent=3055"}],"curies":[{"name":"wp","href":"https:\/\/api.w.org\/{rel}","templated":true}]}}