{"id":365,"date":"2017-05-18T14:35:53","date_gmt":"2017-05-18T14:35:53","guid":{"rendered":"http:\/\/www.easp.es\/saludentrelibros\/?page_id=365"},"modified":"2025-01-24T18:33:52","modified_gmt":"2025-01-24T18:33:52","slug":"paginasweb","status":"publish","type":"page","link":"https:\/\/www.easp.es\/saludentrelibros\/paginasweb\/","title":{"rendered":"P\u00e1ginas web de inter\u00e9s"},"content":{"rendered":"<p>[vc_row][vc_column][vc_custom_heading text=\u00bbProyectos Pioneros Internacionales\u00bb font_container=\u00bbtag:h2|text_align:center\u00bb][\/vc_column][\/vc_row][vc_row][vc_column width=\u00bb1\/3&#8243; css=\u00bb.vc_custom_1629208054077{background-color: #f2f2f2 !important;}\u00bb][vc_single_image image=\u00bb246&#8243; img_size=\u00bbfull\u00bb onclick=\u00bbcustom_link\u00bb img_link_target=\u00bb_blank\u00bb link=\u00bbhttp:\/\/www.reachoutandread.org\/\u00bb][vc_column_text]<\/p>\n<h6 style=\"text-align: center;\"><span style=\"color: #000000;\"><a style=\"color: #000000;\" href=\"http:\/\/www.reachoutandread.org\/\" target=\"_blank\" rel=\"noopener noreferrer\">Reach Out and Read (Estados Unidos)<\/a><\/span><\/h6>\n<p><span style=\"color: #333333;\">Este proyecto lleva m\u00e1s de 25 apoyando la labor de los Pediatras en el fomento de la lectura durante las visitas a la consulta, donde los padres reciben un juego de libros gratuitamente.<\/span><\/p>\n<p><span style=\"color: #333333;\">En esta web hay una ampl\u00edsima selecci\u00f3n de art\u00edculos cient\u00edficos sobre los efectos de la lectura en voz alta desde los primeros meses de vida, as\u00ed como experiencias en muy diversos contextos e informaci\u00f3n para el voluntariado.<\/span>[\/vc_column_text][\/vc_column][vc_column width=\u00bb1\/3&#8243; css=\u00bb.vc_custom_1629208071178{background-color: #ffffff !important;}\u00bb][vc_single_image image=\u00bb3094&#8243; img_size=\u00bbfull\u00bb alignment=\u00bbcenter\u00bb onclick=\u00bbcustom_link\u00bb img_link_target=\u00bb_blank\u00bb link=\u00bbhttp:\/\/www.natiperleggere.it\/\u00bb][vc_column_text]<\/p>\n<h6 style=\"text-align: center;\"><span style=\"color: #000000;\"><a style=\"color: #000000;\" href=\"http:\/\/www.natiperleggere.it\/\" target=\"_blank\" rel=\"noopener noreferrer\">Nati per Leggere (Italia)<\/a><\/span><\/h6>\n<p><span style=\"color: #333333;\">Este gran proyecto es pionero en Europa y cuenta con la implicaci\u00f3n de la <em>Associazione Culturale Pediatri, Associazione Italiana Biblioteche, Centro per la Salute del Bambino<\/em>, adem\u00e1s de otras ONGs dedicadas al fomento de la lectura en la infancia. Tambi\u00e9n facilita un conjunto de libros para que se entreguen durante las visitas rutinarias a la consulta de Pediatr\u00eda. En esta p\u00e1gina se puede encontrar mucha informaci\u00f3n para los diferentes profesionales implicados en el fomento de la lectura. Se hace especial hincapi\u00e9 en la colaboraci\u00f3n de las Bibliotecas de barrio con las consultas de los Pediatras.<\/span>[\/vc_column_text][\/vc_column][vc_column width=\u00bb1\/3&#8243; css=\u00bb.vc_custom_1629208250170{background-color: #f2f2f2 !important;}\u00bb][vc_single_image image=\u00bb563&#8243; img_size=\u00bbfull\u00bb onclick=\u00bbcustom_link\u00bb img_link_target=\u00bb_blank\u00bb link=\u00bbhttp:\/\/www.asociacionentrelibros.es\/\u00bb][vc_column_text]<\/p>\n<h6 style=\"text-align: center;\"><span style=\"color: #000000;\"><a style=\"color: #000000;\" href=\"http:\/\/www.asociacionentrelibros.es\/\" target=\"_blank\" rel=\"noopener noreferrer\">Asociaci\u00f3n Entrelibros (Granada, Espa\u00f1a)<\/a><\/span><\/h6>\n<p><span style=\"color: #333333;\">Este fascinante proyecto nace en Granada hace m\u00e1s de 15 a\u00f1os. El objetivo primordial de la Asociaci\u00f3n Entrelibros es hacer presente la literatura y la filosof\u00eda all\u00ed donde pueda aportar bienestar, emoci\u00f3n, conocimiento, sosiego, confianza\u2026 Mediante la lectura en voz alta, la conversaci\u00f3n y la escucha atenta, las voluntarias y los voluntarios de la Asociaci\u00f3n Entrelibros promueven experiencias lectoras que aspiran a ser experiencias de vida. Esta Asociaci\u00f3n es muy conocida en Granada por desarrollar actividades semanales con ni\u00f1os hospitalizados, ni\u00f1os con espectro autista, en centros penitenciarios, con mujeres v\u00edctimas de maltrato, centros de d\u00eda para mayores y est\u00e1 muy presente en la vida cultural granadina.<\/span>[\/vc_column_text][\/vc_column][\/vc_row][vc_row][vc_column][vc_empty_space][\/vc_column][\/vc_row][vc_row][vc_column width=\u00bb1\/3&#8243; css=\u00bb.vc_custom_1629208142483{background-color: #ffffff !important;}\u00bb][vc_single_image image=\u00bb638&#8243; img_size=\u00bbfull\u00bb onclick=\u00bbcustom_link\u00bb img_link_target=\u00bb_blank\u00bb link=\u00bbhttps:\/\/www.booktrust.org.uk\/what-we-do\/programmes-and-campaigns\/bookstart\/\u00bb][vc_column_text]<\/p>\n<h6 style=\"text-align: center;\"><a href=\"https:\/\/www.booktrust.org.uk\/what-we-do\/programmes-and-campaigns\/bookstart\/\" target=\"_blank\" rel=\"noopener\"><span style=\"color: #000000;\">BookStart y BookTrust (Reino Unido)<\/span><\/a><\/h6>\n<p>Otro proyecto que da su apoyo a la Consulta de Pediatr\u00eda ofreciendo paquetes de libros para las familias.[\/vc_column_text][\/vc_column][vc_column width=\u00bb1\/3&#8243; css=\u00bb.vc_custom_1629208229049{background-color: #f2f2f2 !important;}\u00bb][vc_single_image image=\u00bb243&#8243; img_size=\u00bbfull\u00bb onclick=\u00bbcustom_link\u00bb img_link_target=\u00bb_blank\u00bb link=\u00bbhttps:\/\/www.lesestart.de\/\u00bb css=\u00bb.vc_custom_1629208192828{background-color: #f2f2f2 !important;}\u00bb][vc_column_text]<\/p>\n<h6 style=\"text-align: center;\"><span style=\"color: #000000;\"><a style=\"color: #000000;\" href=\"https:\/\/www.lesestart.de\/\" target=\"_blank\" rel=\"noopener noreferrer\">LeseStart (Alemania)<\/a><\/span><\/h6>\n<p><span style=\"color: #333333;\">Otro gran proyecto europeo que no se dirige solo a la consulta de Pediatr\u00eda sino que adem\u00e1s dedica un gran apartado a educadores y trabajadores sociales. Adem\u00e1s cuenta con gran cantidad de material y folletos editados en diversos idiomas incluido el castellano.<\/span>[\/vc_column_text][\/vc_column][vc_column width=\u00bb1\/3&#8243; css=\u00bb.vc_custom_1629208263328{background-color: #ffffff !important;}\u00bb][vc_single_image image=\u00bb645&#8243; img_size=\u00bbfull\u00bb onclick=\u00bbcustom_link\u00bb img_link_target=\u00bb_blank\u00bb link=\u00bbhttp:\/\/www.nepourlire.ch\/buchstart\/fr\/\u00bb][vc_column_text]<\/p>\n<h6 style=\"text-align: center;\"><a href=\"https:\/\/www.nepourlire.ch\/fr\" target=\"_blank\" rel=\"noopener\"><span style=\"color: #000000;\">N\u00e9 pour lire (Suiza)<\/span><\/a><\/h6>\n<p>[\/vc_column_text][\/vc_column][\/vc_row][vc_row][vc_column][vc_empty_space height=\u00bb60px\u00bb][vc_separator][\/vc_column][\/vc_row][vc_row][vc_column][vc_custom_heading text=\u00bbIniciativas en espa\u00f1ol\u00bb font_container=\u00bbtag:h2|text_align:center\u00bb][\/vc_column][\/vc_row][vc_row][vc_column width=\u00bb1\/3&#8243; css=\u00bb.vc_custom_1629217190400{background-color: #f2f2f2 !important;}\u00bb][vc_single_image image=\u00bb2239&#8243; img_size=\u00bbfull\u00bb onclick=\u00bbcustom_link\u00bb img_link_target=\u00bb_blank\u00bb link=\u00bbhttps:\/\/www.leer.org\/\u00bb][vc_column_text]<\/p>\n<h6><\/h6>\n<h6 style=\"text-align: center;\"><a href=\"https:\/\/www.leer.org\/\" target=\"_blank\" rel=\"noopener\"><span style=\"color: #000000;\">Fundaci\u00f3n Leer (Argentina)<\/span><\/a><\/h6>\n<p>Nos ha llamado la atenci\u00f3n una de las frases de su p\u00e1gina de inicio: \u00abPoder acceder a libros a trav\u00e9s de distintos dispositivos permite seguir formando nuevos lectores\u00bb. Creemos que es importante aceptar que nuestras ni\u00f1as y ni\u00f1os conviven a diario con dispositivos m\u00f3viles e intentar fomentar la lectura tambi\u00e9n a trav\u00e9s de las pantallas.[\/vc_column_text][\/vc_column][vc_column width=\u00bb1\/3&#8243; css=\u00bb.vc_custom_1629208293421{background-color: #ffffff !important;}\u00bb][vc_single_image image=\u00bb2236&#8243; img_size=\u00bbfull\u00bb onclick=\u00bbcustom_link\u00bb img_link_target=\u00bb_blank\u00bb link=\u00bbhttps:\/\/cerlalc.org\/\u00bb][vc_column_text]<\/p>\n<h6 style=\"text-align: center;\"><a href=\"https:\/\/cerlalc.org\/\" target=\"_blank\" rel=\"noopener\"><span style=\"color: #000000;\">Centro Regional para el Fomento del Libro en Am\u00e9rica Latina y el Caribe<\/span><\/a><\/h6>\n<p>En\u00a0 esta complet\u00edsima p\u00e1gina hemos varias publicaciones tanto sobre lectura en voz alta como claves para una mejor lectura digital en con los ni\u00f1os y ni\u00f1as.<\/p>\n<p>&nbsp;<\/p>\n<p>[\/vc_column_text][\/vc_column][vc_column width=\u00bb1\/3&#8243; css=\u00bb.vc_custom_1629216697456{background-color: #f2f2f2 !important;}\u00bb][vc_single_image image=\u00bb2144&#8243; img_size=\u00bbfull\u00bb onclick=\u00bbcustom_link\u00bb img_link_target=\u00bb_blank\u00bb link=\u00bbhttp:\/\/www.colorincolorado.org\/es\/consejos-de-lectura-para-padres\u00bb][vc_column_text]<\/p>\n<h6 style=\"text-align: center;\"><a href=\"http:\/\/www.colorincolorado.org\/es\/consejos-de-lectura-para-padres\" target=\"_blank\" rel=\"noopener\"><span style=\"color: #000000;\">Color\u00edn Colorado (Reading Rockets)<\/span><\/a><\/h6>\n<p style=\"text-align: left;\">En esta preciosa p\u00e1gina hay un sinf\u00edn de infograf\u00edas y consejos seg\u00fan la edad del beb\u00e9 o del ni\u00f1o o ni\u00f1a.<\/p>\n<p>[\/vc_column_text][\/vc_column][\/vc_row][vc_row][vc_column][vc_empty_space][\/vc_column][\/vc_row][vc_row][vc_column width=\u00bb1\/3&#8243; css=\u00bb.vc_custom_1629208278609{background-color: #f2f2f2 !important;}\u00bb][vc_single_image image=\u00bb3173&#8243; img_size=\u00bbfull\u00bb alignment=\u00bbcenter\u00bb onclick=\u00bbcustom_link\u00bb img_link_target=\u00bb_blank\u00bb link=\u00bbhttps:\/\/www.elisayuste.com\/charlando-sobre-promocion-de-la-lectura\/\u00bb][vc_column_text]<\/p>\n<h6 style=\"text-align: center;\"><span style=\"color: #000000;\"><a style=\"color: #000000;\" href=\"https:\/\/www.elisayuste.com\/charlando-sobre-promocion-de-la-lectura\/\" target=\"_blank\" rel=\"noopener\">Elisa Yuste, consultora en cultura y lectura<\/a><\/span><\/h6>\n<p>Charlando sobre promoci\u00f3n de la lectura en casa[\/vc_column_text][\/vc_column][vc_column width=\u00bb1\/3&#8243; css=\u00bb.vc_custom_1629217838715{background-color: #ffffff !important;}\u00bb][vc_single_image image=\u00bb2142&#8243; img_size=\u00bbfull\u00bb onclick=\u00bbcustom_link\u00bb img_link_target=\u00bb_blank\u00bb link=\u00bbhttp:\/\/fundaciongsr.org\/campamento-de-lectura\/\u00bb][vc_column_text]<\/p>\n<h6 style=\"text-align: center;\"><a href=\"http:\/\/fundaciongsr.org\/campamento-de-lectura\/\" target=\"_blank\" rel=\"noopener\"><span style=\"color: #000000;\">Fundaci\u00f3n Germ\u00e1n S\u00e1nchez Ruip\u00e9rez<\/span><\/a><\/h6>\n<p>Desde sus or\u00edgenes se ha dedicado a la actividad educativa y cultural y centra la mayor parte de sus programas en la difusi\u00f3n y extensi\u00f3n de la cultura del libro y de la lectura.[\/vc_column_text][\/vc_column][vc_column width=\u00bb1\/3&#8243; css=\u00bb.vc_custom_1629216697456{background-color: #f2f2f2 !important;}\u00bb][vc_single_image image=\u00bb3099&#8243; img_size=\u00bbfull\u00bb onclick=\u00bbcustom_link\u00bb img_link_target=\u00bb_blank\u00bb link=\u00bbhttps:\/\/www.rif.org\/\u00bb][vc_column_text]<\/p>\n<h6 style=\"text-align: center;\"><a href=\"https:\/\/www.rif.org\/\" target=\"_blank\" rel=\"noopener\"><span style=\"color: #000000;\">Reading is Fundamental<\/span><\/a><\/h6>\n<p>\u00c9sta es una de las p\u00e1ginas m\u00e1s importantes por la cantidad de contenidos que ofrece.[\/vc_column_text][\/vc_column][\/vc_row][vc_row][vc_column][vc_empty_space][\/vc_column][\/vc_row][vc_row][vc_column width=\u00bb1\/3&#8243; css=\u00bb.vc_custom_1629208333670{background-color: #ffffff !important;}\u00bb][vc_single_image image=\u00bb2926&#8243; img_size=\u00bbfull\u00bb onclick=\u00bbcustom_link\u00bb img_link_target=\u00bb_blank\u00bb link=\u00bbhttps:\/\/leemosuncuento.wordpress.com\/\u00bb][vc_column_text]<\/p>\n<h6 style=\"text-align: center;\"><span style=\"color: #000000;\"><a style=\"color: #000000;\" href=\"https:\/\/leemosuncuento.wordpress.com\/\" target=\"_blank\" rel=\"noopener noreferrer\">Pap\u00e1, \u00bfleemos un cuento?<\/a><\/span><\/h6>\n<p><span style=\"color: #333333;\">En este entra\u00f1able blog, Pap\u00e1, David G\u00f3mez, y Sergio, su hijo con espectro autista, cuentan sus aventuras con la lectura porque l<\/span>a creatividad de Sergio merece ser compartida.<\/p>\n<p data-adtags-visited=\"true\">En el\u00a0<span class=\"_5afx\"><span class=\"_58cl _5afz\" aria-label=\"hashtag\">#a<\/span><span class=\"_58cm\">utismo<\/span><\/span>\u00a0florecen muchas capacidades, Sergio es un ejemplo de ello. Su capacidad imaginativa y su productividad no tiene l\u00edmites, tanto en forma de historias o como de im\u00e1genes\u00a0<span class=\"_5mfr\"><span class=\"_6qdm\">\ud83e\udd17<\/span><\/span><\/p>\n<p>[\/vc_column_text][\/vc_column][vc_column width=\u00bb1\/3&#8243; css=\u00bb.vc_custom_1629208656540{background-color: #f2f2f2 !important;}\u00bb][vc_single_image image=\u00bb2147&#8243; img_size=\u00bbfull\u00bb onclick=\u00bbcustom_link\u00bb img_link_target=\u00bb_blank\u00bb link=\u00bbhttp:\/\/www.talkwithmebaby.org\/en_espanol\u00bb][vc_column_text]<\/p>\n<h6 style=\"text-align: center;\"><a href=\"http:\/\/www.talkwithmebaby.org\/en_espanol\" target=\"_blank\" rel=\"noopener\"><span style=\"color: #000000;\">Hablemos. Los beb\u00e9s necesitan muchas palabras amorosas\u00a0(Talk with me baby)<\/span><\/a><\/h6>\n<p><span style=\"color: #333333;\">P\u00e1gina realmente interesante por la forma tan atractiva y pr\u00e1ctica en que presenta sus contenidos.<\/span>[\/vc_column_text][\/vc_column][vc_column width=\u00bb1\/3&#8243; css=\u00bb.vc_custom_1629216494999{background-color: #ffffff !important;}\u00bb][vc_single_image image=\u00bb3176&#8243; img_size=\u00bbfull\u00bb alignment=\u00bbcenter\u00bb onclick=\u00bbcustom_link\u00bb img_link_target=\u00bb_blank\u00bb link=\u00bbhttps:\/\/www.hacerfamilia.com\/videos\/video-claves-promover-lectura-infancia-20190705084941.html\u00bb][vc_column_text]<\/p>\n<h6 class=\"titular_principal\" style=\"text-align: center;\"><span style=\"color: #000000;\"><a style=\"color: #000000;\" href=\"https:\/\/www.hacerfamilia.com\/videos\/video-claves-promover-lectura-infancia-20190705084941.html\" target=\"_blank\" rel=\"noopener\">Hacer Familia<\/a><\/span><\/h6>\n<p class=\"titular_principal\">Claves para promover la lectura en la infancia. \u00a1Leer con tus hijos es la mejor recomendaci\u00f3n para que ellos lean! Pero, los ni\u00f1os necesitan m\u00e1s. No es as\u00ed de f\u00e1cil. Elisa Yuste, consultora y especialista en lectura en la Era Digital, nos revela otros secretos para crezca en tus hijos el inter\u00e9s por la lectura.<\/p>\n<p>[\/vc_column_text][\/vc_column][\/vc_row][vc_row][vc_column][vc_empty_space][\/vc_column][\/vc_row][vc_row][vc_column width=\u00bb1\/3&#8243; css=\u00bb.vc_custom_1629216759058{background-color: #f2f2f2 !important;}\u00bb][vc_single_image image=\u00bb3420&#8243; img_size=\u00bbfull\u00bb][vc_column_text]<\/p>\n<h6 style=\"text-align: center;\"><span style=\"color: #000000;\"><a style=\"color: #000000;\" href=\"https:\/\/fundadeps.org\/\" target=\"_blank\" rel=\"noopener\">Fundadeps<\/a> <a style=\"color: #000000;\" href=\"https:\/\/fundadeps.org\/\" target=\"_blank\" rel=\"noopener\">Educaci\u00f3n para la Salud<\/a><\/span><\/h6>\n<p>&nbsp;<\/p>\n<p class=\"normal14\">La Fundaci\u00f3n de Educaci\u00f3n para la Salud (FUNDADEPS) es una organizaci\u00f3n no lucrativa nacida en el a\u00f1o 2003 en el seno del Hospital Cl\u00ednico San Carlos de Madrid. FUNDADEPS es la continuadora de la Asociaci\u00f3n de Educaci\u00f3n para la Salud (<a href=\"https:\/\/fundadeps.org\/adeps\/\">ADEPS<\/a>), una organizaci\u00f3n surgida en el Servicio de Medicina Preventiva de ese mismo hospital en el a\u00f1o 1984, pionera en el desarrollo de la Educaci\u00f3n para la Salud en Europa.<\/p>\n<p class=\"normal14\">FUNDADEPS tiene como finalidad fomentar la salud a trav\u00e9s de la promoci\u00f3n de la salud, la educaci\u00f3n para la salud y la investigaci\u00f3n cient\u00edfica y t\u00e9cnica, aumentando la calidad de vida de la ciudadan\u00eda por medio de la Cultura de la Salud.<\/p>\n<p>[\/vc_column_text][\/vc_column][vc_column width=\u00bb1\/3&#8243;][vc_single_image image=\u00bb2150&#8243; img_size=\u00bbfull\u00bb onclick=\u00bbcustom_link\u00bb link=\u00bbhttps:\/\/maguared.gov.co\/recursos\/leer-es-mi-cuento\/lectura-en-voz-alta\/page\/4\/\u00bb][vc_column_text]<\/p>\n<h6 style=\"text-align: center;\"><a href=\"https:\/\/maguared.gov.co\/recursos\/leer-es-mi-cuento\/lectura-en-voz-alta\/page\/4\/\" target=\"_blank\" rel=\"noopener\"><span style=\"color: #000000;\">ManguaRed (Colombia)<\/span><\/a><\/h6>\n<p>\u00abLeer es mi cuento\u00bb es el Plan Nacional de Lectura y Escritura (PNLE) de Colombia y es una iniciativa, liderada por el Ministerio de Educaci\u00f3n y el Ministerio de Cultura, que busca que los colombianos integren la lectura y la escritura a su vida cotidiana.[\/vc_column_text][\/vc_column][vc_column width=\u00bb1\/3&#8243; css=\u00bb.vc_custom_1629216795334{background-color: #f2f2f2 !important;}\u00bb][vc_single_image image=\u00bb2281&#8243; img_size=\u00bbfull\u00bb onclick=\u00bbcustom_link\u00bb img_link_target=\u00bb_blank\u00bb link=\u00bbhttps:\/\/www.bnp.gob.pe\/bnp-promueve-habitos-de-lectura-desde-temprana-edad\/\u00bb][vc_column_text]<\/p>\n<h6 style=\"text-align: center;\"><a href=\"https:\/\/www.bnp.gob.pe\/bnp-promueve-habitos-de-lectura-desde-temprana-edad\/\" target=\"_blank\" rel=\"noopener\"><span style=\"color: #000000;\">Biblioteca Nacional del Per\u00fa<\/span><\/a><\/h6>\n<p>La Biblioteca Nacional del Per\u00fa presenta \u201cLeyendo con mi beb\u00e9\u201d, una actividad que tiene como finalidad sensibilizar a los padres y madres de familia y\/o tutores sobre la importancia de estimular el h\u00e1bito de la lectura desde temprana edad.[\/vc_column_text][\/vc_column][\/vc_row][vc_row][vc_column][vc_empty_space height=\u00bb60px\u00bb][\/vc_column][\/vc_row][vc_row][vc_column width=\u00bb1\/3&#8243; css=\u00bb.vc_custom_1629216759058{background-color: #f2f2f2 !important;}\u00bb][\/vc_column][vc_column width=\u00bb1\/3&#8243;][vc_single_image image=\u00bb3437&#8243; img_size=\u00bbfull\u00bb onclick=\u00bbcustom_link\u00bb img_link_target=\u00bb_blank\u00bb link=\u00bbhttps:\/\/www.asociacionaele.com\/\u00bb][vc_column_text]<\/p>\n<h5 style=\"text-align: center;\"><a href=\"https:\/\/www.asociacionaele.com\/\" target=\"_blank\" rel=\"noopener\">Asociaci\u00f3n AELE<\/a><\/h5>\n<p>&nbsp;<\/p>\n<p>La\u00a0Asociaci\u00f3n Espa\u00f1ola de Lectura y Escritura\u00a0(<strong>AELE<\/strong>) es una instituci\u00f3n sin \u00e1nimo de lucro dedicada al dise\u00f1o y realizaci\u00f3n de acciones que potencien el acercamiento cotidiano de grupos infantiles y adolescentes al uso y la recreaci\u00f3n de las culturas escritas.[\/vc_column_text][\/vc_column][vc_column width=\u00bb1\/3&#8243; css=\u00bb.vc_custom_1629216795334{background-color: #f2f2f2 !important;}\u00bb][\/vc_column][\/vc_row][vc_row][vc_column][vc_empty_space height=\u00bb60px\u00bb][\/vc_column][\/vc_row][vc_row][vc_column][vc_custom_heading text=\u00bbIniciativas extranjeras dirigidas a la Consulta de Pediatr\u00eda\u00bb font_container=\u00bbtag:h2|text_align:center\u00bb][\/vc_column][\/vc_row][vc_row][vc_column width=\u00bb1\/3&#8243; css=\u00bb.vc_custom_1629208402345{background-color: #ffffff !important;}\u00bb][\/vc_column][vc_column width=\u00bb1\/3&#8243; css=\u00bb.vc_custom_1629208410475{background-color: #f2f2f2 !important;}\u00bb][vc_single_image image=\u00bb634&#8243; img_size=\u00bbfull\u00bb onclick=\u00bbcustom_link\u00bb img_link_target=\u00bb_blank\u00bb link=\u00bbhttps:\/\/acp.it\/it\/lettura-al-bambino-e-attaccamento\u00bb][vc_column_text]<\/p>\n<h6 style=\"text-align: center;\"><a href=\"https:\/\/acp.it\/it\/lettura-al-bambino-e-attaccamento\" target=\"_blank\" rel=\"noopener\"><span style=\"color: #000000;\">Associazione Culturale Pediatri (Italia)<\/span><\/a><\/h6>\n<p>La ACP cuenta con un extenso e interesant\u00edsimo repositorio de art\u00edculos cient\u00edficos basados en experiencias de fomento de la lectura en voz alta desde la Consulta de Pediatr\u00eda[\/vc_column_text][\/vc_column][vc_column width=\u00bb1\/3&#8243; css=\u00bb.vc_custom_1629208422918{background-color: #ffffff !important;}\u00bb][vc_single_image image=\u00bb635&#8243; img_size=\u00bbfull\u00bb onclick=\u00bbcustom_link\u00bb img_link_target=\u00bb_blank\u00bb link=\u00bbhttp:\/\/www.csbonlus.org\/\u00bb][vc_column_text]<\/p>\n<h6 style=\"text-align: center;\"><a href=\"http:\/\/www.csbonlus.org\/\" target=\"_blank\" rel=\"noopener\"><span style=\"color: #000000;\">Centro per la Salute del Bambino (Italia)<\/span><\/a><\/h6>\n<p>[\/vc_column_text][\/vc_column][\/vc_row][vc_row][vc_column][vc_empty_space height=\u00bb60px\u00bb][\/vc_column][\/vc_row][vc_row][vc_column][vc_custom_heading text=\u00bbIniciativas sobre lectura e infancia en otros idiomas\u00bb font_container=\u00bbtag:h2|text_align:center\u00bb][\/vc_column][\/vc_row][vc_row][vc_column width=\u00bb1\/3&#8243; css=\u00bb.vc_custom_1629208612063{background-color: #ffffff !important;}\u00bb][vc_single_image image=\u00bb3410&#8243; img_size=\u00bbfull\u00bb][vc_column_text]<\/p>\n<h6 class=\"page-header_title\" style=\"text-align: center;\"><span style=\"color: #000000;\"><a style=\"color: #000000;\" href=\"https:\/\/lecxit.cat\/\" target=\"_blank\" rel=\"noopener\">Lectura per a l&#8217;\u00e8xit educatiu<\/a><\/span><\/h6>\n<p>[\/vc_column_text][\/vc_column][vc_column width=\u00bb1\/3&#8243; css=\u00bb.vc_custom_1629215590523{background-color: #f2f2f2 !important;}\u00bb][vc_single_image image=\u00bb3541&#8243; img_size=\u00bbfull\u00bb][vc_column_text]<\/p>\n<h6 class=\"page-header_title\" style=\"text-align: center;\"><a href=\"https:\/\/youthforachange.org\/our-programs\/colorado-reading-corps\/\" target=\"_blank\" rel=\"noopener\"><span style=\"color: #000000;\">Colorado Youth for a Change<\/span><\/a><\/h6>\n<p>[\/vc_column_text][\/vc_column][vc_column width=\u00bb1\/3&#8243; css=\u00bb.vc_custom_1629215615825{background-color: #ffffff !important;}\u00bb][vc_single_image image=\u00bb3163&#8243; img_size=\u00bbfull\u00bb onclick=\u00bbcustom_link\u00bb img_link_target=\u00bb_blank\u00bb link=\u00bbhttps:\/\/www.genitoripiu.it\/\u00bb][vc_column_text]<\/p>\n<h6 style=\"text-align: center;\"><a href=\"https:\/\/www.genitoripiu.it\/\" target=\"_blank\" rel=\"noopener\"><span style=\"color: #000000;\">Genitori pi\u00f9 (Italia)<\/span><\/a><\/h6>\n<p>[\/vc_column_text][\/vc_column][\/vc_row][vc_row][vc_column][vc_empty_space height=\u00bb60px\u00bb][\/vc_column][\/vc_row][vc_row][vc_column][vc_custom_heading text=\u00bbOtras iniciativas sobre infancia\u00bb font_container=\u00bbtag:h2|text_align:center\u00bb][\/vc_column][\/vc_row][vc_row][vc_column width=\u00bb1\/3&#8243; css=\u00bb.vc_custom_1629208518007{background-color: #f2f2f2 !important;}\u00bb][vc_single_image image=\u00bb1766&#8243; img_size=\u00bbfull\u00bb onclick=\u00bbcustom_link\u00bb img_link_target=\u00bb_blank\u00bb link=\u00bbhttps:\/\/www.observatoriodelainfancia.es\/oia\/esp\/index.aspx\u00bb][vc_column_text]<\/p>\n<h6 style=\"text-align: center;\"><a href=\"https:\/\/www.observatoriodelainfancia.es\/oia\/esp\/index.aspx\" target=\"_blank\" rel=\"noopener\"><span style=\"color: #000000;\">Observatorio de la Infancia de Andaluc\u00eda<\/span><\/a><\/h6>\n<p>El Observatorio de la Infancia y Adolescencia de Andaluc\u00eda (OIA-A), es un \u00f3rgano colegiado, adscrito a la Consejer\u00eda competente en materia de infancia, con car\u00e1cter prospectivo, anal\u00edtico y consultivo, dedicado a la gesti\u00f3n del conocimiento sobre las personas menores de edad.[\/vc_column_text][\/vc_column][vc_column width=\u00bb1\/3&#8243; css=\u00bb.vc_custom_1629208530372{background-color: #ffffff !important;}\u00bb][vc_single_image image=\u00bb3597&#8243; img_size=\u00bbfull\u00bb onclick=\u00bbcustom_link\u00bb img_link_target=\u00bb_blank\u00bb link=\u00bbhttps:\/\/www.ventanafamilias.es\/\u00bb][vc_column_text]<span style=\"color: #008080;\"><strong>\u2018<a style=\"color: #008080;\" href=\"https:\/\/www.ventanafamilias.es\/\" target=\"_blank\" rel=\"noopener\">Ventana Abierta a la Familia<\/a>\u2019<\/strong><\/span> es una plataforma de la Consejer\u00eda de Salud y Consumo de la Junta de Andaluc\u00eda con informaci\u00f3n sobre salud, desarrollo evolutivo y bienestar de los ni\u00f1os y ni\u00f1as y orientada a ayudar a padres y madres durante el proceso de crianza.[\/vc_column_text][\/vc_column][vc_column width=\u00bb1\/3&#8243; css=\u00bb.vc_custom_1629208540238{background-color: #f2f2f2 !important;}\u00bb][vc_single_image image=\u00bb3159&#8243; img_size=\u00bbfull\u00bb onclick=\u00bbcustom_link\u00bb img_link_target=\u00bb_blank\u00bb link=\u00bbhttps:\/\/www.familiasandalucia.es\/\u00bb][vc_column_text]<\/p>\n<h6 style=\"text-align: center;\"><span style=\"color: #000000;\"><a style=\"color: #000000;\" href=\"https:\/\/www.familiasandalucia.es\/\" target=\"_blank\" rel=\"noopener\">Web \u00abFamilias. La fuerza de Andaluc\u00eda\u00bb<\/a><\/span><\/h6>\n<p>[\/vc_column_text][\/vc_column][vc_column][vc_empty_space][\/vc_column][\/vc_row]<\/p>\n","protected":false},"excerpt":{"rendered":"<p>[vc_row][vc_column][vc_custom_heading text=\u00bbProyectos Pioneros Internacionales\u00bb font_container=\u00bbtag:h2|text_align:center\u00bb][\/vc_column][\/vc_row][vc_row][vc_column width=\u00bb1\/3&#8243; css=\u00bb.vc_custom_1629208054077{background-color: #f2f2f2 !important;}\u00bb][vc_single_image image=\u00bb246&#8243; img_size=\u00bbfull\u00bb onclick=\u00bbcustom_link\u00bb img_link_target=\u00bb_blank\u00bb link=\u00bbhttp:\/\/www.reachoutandread.org\/\u00bb][vc_column_text] Reach Out and Read (Estados Unidos) Este proyecto lleva m\u00e1s de 25 apoyando la labor de los Pediatras en el fomento de la lectura durante las<\/p>\n","protected":false},"author":2,"featured_media":0,"parent":0,"menu_order":0,"comment_status":"closed","ping_status":"closed","template":"","meta":{"footnotes":""},"class_list":["post-365","page","type-page","status-publish","hentry"],"aioseo_notices":[],"_links":{"self":[{"href":"https:\/\/www.easp.es\/saludentrelibros\/wp-json\/wp\/v2\/pages\/365","targetHints":{"allow":["GET"]}}],"collection":[{"href":"https:\/\/www.easp.es\/saludentrelibros\/wp-json\/wp\/v2\/pages"}],"about":[{"href":"https:\/\/www.easp.es\/saludentrelibros\/wp-json\/wp\/v2\/types\/page"}],"author":[{"embeddable":true,"href":"https:\/\/www.easp.es\/saludentrelibros\/wp-json\/wp\/v2\/users\/2"}],"replies":[{"embeddable":true,"href":"https:\/\/www.easp.es\/saludentrelibros\/wp-json\/wp\/v2\/comments?post=365"}],"version-history":[{"count":139,"href":"https:\/\/www.easp.es\/saludentrelibros\/wp-json\/wp\/v2\/pages\/365\/revisions"}],"predecessor-version":[{"id":3599,"href":"https:\/\/www.easp.es\/saludentrelibros\/wp-json\/wp\/v2\/pages\/365\/revisions\/3599"}],"wp:attachment":[{"href":"https:\/\/www.easp.es\/saludentrelibros\/wp-json\/wp\/v2\/media?parent=365"}],"curies":[{"name":"wp","href":"https:\/\/api.w.org\/{rel}","templated":true}]}}