{"id":54,"date":"2017-01-12T12:53:23","date_gmt":"2017-01-12T12:53:23","guid":{"rendered":"http:\/\/www.easp.es\/saludentrelibros\/?page_id=54"},"modified":"2019-06-28T09:57:35","modified_gmt":"2019-06-28T09:57:35","slug":"bibliotecas","status":"publish","type":"page","link":"https:\/\/www.easp.es\/saludentrelibros\/bibliotecas\/","title":{"rendered":"Bibliotecas"},"content":{"rendered":"<p>[vc_row][vc_column width=\u00bb1\/2&#8243;][vc_column_text]<iframe loading=\"lazy\" src=\"https:\/\/www.youtube.com\/embed\/d-Iu3_tuNS0\" width=\"560\" height=\"315\" frameborder=\"0\" allowfullscreen=\"allowfullscreen\"><\/iframe>[\/vc_column_text][vc_column_text]<span style=\"color: #333333;\">En todos los programas internacionales como<\/span><a href=\"http:\/\/www.reachoutandread.org\/\" target=\"_blank\" rel=\"noopener noreferrer\"> Reach Out and Read,\u00a0<\/a><a href=\"http:\/\/www.natiperleggere.it\/\" target=\"_blank\" rel=\"noopener noreferrer\">Nati per Leggere<\/a>, <a href=\"https:\/\/www.booktrust.org.uk\/what-we-do\/programmes-and-campaigns\/bookstart\/\" target=\"_blank\" rel=\"noopener noreferrer\">BookStart<\/a><span style=\"color: #333333;\"> o <a href=\"https:\/\/www.lesestart.de\/\" target=\"_blank\" rel=\"noopener noreferrer\">LesenStart<\/a> <span style=\"color: #333333;\">se hace hincapi\u00e9 en la importancia de la colaboraci\u00f3n entre el\/la <a href=\"https:\/\/www.easp.es\/saludentrelibros\/pediatras\/\" rel=\"noopener\">Pediatra<\/a> con la biblioteca m\u00e1s cercana. La o el Pediatra promover\u00e1 la Biblioteca como un bien social y como un lugar saludable para la familia.<\/span><\/span>[\/vc_column_text][\/vc_column][vc_column width=\u00bb1\/2&#8243;][vc_column_text]<span style=\"color: #333333;\">En Granada hemos hablado con la bibliotecaria Margot Corbacho, que con vocaci\u00f3n y tenacidad viene colaborando desde hace a\u00f1os con la Consulta de Pediatr\u00eda de la Zona Norte. En estos breves v\u00eddeos podr\u00e9is conocer sus experiencias en este barrio de transformaci\u00f3n social.<\/span>[\/vc_column_text][vc_column_text]<iframe loading=\"lazy\" src=\"https:\/\/www.youtube.com\/embed\/PLndvqXo93s\" width=\"560\" height=\"315\" frameborder=\"0\" allowfullscreen=\"allowfullscreen\"><\/iframe>[\/vc_column_text][\/vc_column][\/vc_row][vc_row][vc_column width=\u00bb1\/2&#8243;][vc_column_text]<span style=\"color: #008080;\">Otras experiencias para el fomento de la lectura en voz alta<\/span><\/p>\n<p><iframe loading=\"lazy\" src=\"https:\/\/www.youtube.com\/embed\/kZuGpGo10X8\" width=\"560\" height=\"315\" frameborder=\"0\" allowfullscreen=\"allowfullscreen\"><\/iframe>[\/vc_column_text][\/vc_column][vc_column width=\u00bb1\/2&#8243;][vc_single_image image=\u00bb2251&#8243; img_size=\u00bbfull\u00bb][\/vc_column][\/vc_row]<\/p>\n","protected":false},"excerpt":{"rendered":"<p>En todos los programas internacionales de recomendaci\u00f3n de la lectura en voz alta se hace hincapi\u00e9 en la importancia de la colaboraci\u00f3n entre el\/la Pediatra con la biblioteca m\u00e1s cercana. En Granada hemos hablado con la bibliotecaria Margot Corbacho que colabora con la Consulta de Pediatr\u00eda de un barrio popular.<\/p>\n","protected":false},"author":2,"featured_media":2560,"parent":0,"menu_order":0,"comment_status":"closed","ping_status":"closed","template":"","meta":{"footnotes":""},"class_list":["post-54","page","type-page","status-publish","has-post-thumbnail","hentry"],"aioseo_notices":[],"_links":{"self":[{"href":"https:\/\/www.easp.es\/saludentrelibros\/wp-json\/wp\/v2\/pages\/54","targetHints":{"allow":["GET"]}}],"collection":[{"href":"https:\/\/www.easp.es\/saludentrelibros\/wp-json\/wp\/v2\/pages"}],"about":[{"href":"https:\/\/www.easp.es\/saludentrelibros\/wp-json\/wp\/v2\/types\/page"}],"author":[{"embeddable":true,"href":"https:\/\/www.easp.es\/saludentrelibros\/wp-json\/wp\/v2\/users\/2"}],"replies":[{"embeddable":true,"href":"https:\/\/www.easp.es\/saludentrelibros\/wp-json\/wp\/v2\/comments?post=54"}],"version-history":[{"count":38,"href":"https:\/\/www.easp.es\/saludentrelibros\/wp-json\/wp\/v2\/pages\/54\/revisions"}],"predecessor-version":[{"id":2697,"href":"https:\/\/www.easp.es\/saludentrelibros\/wp-json\/wp\/v2\/pages\/54\/revisions\/2697"}],"wp:featuredmedia":[{"embeddable":true,"href":"https:\/\/www.easp.es\/saludentrelibros\/wp-json\/wp\/v2\/media\/2560"}],"wp:attachment":[{"href":"https:\/\/www.easp.es\/saludentrelibros\/wp-json\/wp\/v2\/media?parent=54"}],"curies":[{"name":"wp","href":"https:\/\/api.w.org\/{rel}","templated":true}]}}