{"id":897,"date":"2017-11-13T11:25:34","date_gmt":"2017-11-13T11:25:34","guid":{"rendered":"http:\/\/www.easp.es\/saludentrelibros\/?page_id=897"},"modified":"2022-01-25T06:31:06","modified_gmt":"2022-01-25T06:31:06","slug":"declaraciondelavozalasletras","status":"publish","type":"page","link":"https:\/\/www.easp.es\/saludentrelibros\/declaraciondelavozalasletras\/","title":{"rendered":"Declaraci\u00f3n \u00abDe la voz a las letras\u00bb"},"content":{"rendered":"<p>[vc_row][vc_column][vc_column_text]<\/p>\n<p style=\"text-align: center;\"><span style=\"color: #008080;\"><em>Declaraci\u00f3n p\u00fablica a favor de la lectura en voz alta en la infancia suscrita por diversas organizaciones<\/em><\/span><\/p>\n<p style=\"text-align: center;\"><span style=\"color: #008080;\"><em>relacionadas con la educaci\u00f3n, la cultura y la salud<\/em><\/span><\/p>\n<p>[\/vc_column_text][vc_empty_space height=\u00bb64px\u00bb][\/vc_column][\/vc_row][vc_row][vc_column width=\u00bb1\/6&#8243;][\/vc_column][vc_column width=\u00bb2\/3&#8243;][vc_column_text]<\/p>\n<h3><span style=\"color: #008080;\">Declaraci\u00f3n<\/span><\/h3>\n<p><span style=\"color: #333333;\">En el momento de entrar en las escuelas infantiles, las disparidades ling\u00fc\u00edsticas entre ni\u00f1os o ni\u00f1as de la misma edad pueden ser abrumadoras. Es una realidad injusta que marca la trayectoria escolar individual y crea desde el principio condiciones propicias al fracaso.<\/span><\/p>\n<p><span style=\"color: #333333;\">El abandono o el fracaso escolar suele ser la culminaci\u00f3n de un itinerario que se inicia en los primeros a\u00f1os de vida. Tiene m\u00faltiples causas, pero una de las m\u00e1s relevantes es la carencia de las destrezas ling\u00fc\u00edsticas necesarias para prosperar en la escuela, y espec\u00edficamente para aprender a leer y escribir. Un aprendizaje sencillo y gratificante para unos resulta para otros un enorme desaf\u00edo, a menudo insalvable. Y ese desequilibrio se va acentuando con el paso de los a\u00f1os. Lamentablemente, miles de ni\u00f1os y ni\u00f1as asumen pronto que la escuela a la que entraron ilusionados no les pertenece ni los tiene en cuenta. Y, en gran medida, esa negativa percepci\u00f3n tiene que ver con su deficiente dominio de la lengua materna. Esa desventaja puede hacer que una instituci\u00f3n ideada para la integraci\u00f3n y el progreso de los seres humanos se convierta sin pretenderlo en un espacio de frustraci\u00f3n y segregaci\u00f3n.\u00a0 Esa injusta situaci\u00f3n no es irreversible. Puede ser evitada o aminorada. El cerebro humano, sobre todo en la infancia, posee una extraordinaria plasticidad, por lo que es posible estimularlo y mejorar sus capacidades. La sociedad en su conjunto debe promover medidas que eviten las consecuencias negativas de las desigualdades ling\u00fc\u00edsticas y culturales, porque cuando un ni\u00f1o o una ni\u00f1a fracasan en la escuela, la sociedad en su conjunto fracasa.<\/span><\/p>\n<p>&nbsp;<\/p>\n<h4><span style=\"color: #008080;\">Leer a la infancia<\/span><\/h4>\n<p><span style=\"color: #333333;\">Numerosas evidencias cient\u00edficas demuestran que los est\u00edmulos cognitivos y afectivos tempranos, sobre todo los relacionados con el lenguaje, tienen una influencia determinante en el posterior desempe\u00f1o escolar. Entre las muchas actividades que ayudan en ese sentido, una de las m\u00e1s importantes es la lectura en voz alta de cuentos, poemas, rimas, retah\u00edlas&#8230; Sus beneficios son claros:<\/span><\/p>\n<ul>\n<li><span style=\"color: #333333;\">Crea momentos de intimidad entre quienes leen y quienes escuchan, refuerza los v\u00ednculos afectivos y ayuda a explorar, expresar y compartir emociones, que es una actividad fundamental en la vida humana, m\u00e1s a\u00fan cuando se est\u00e1n construyendo los modos de sentir y de relacionarse con el mundo.<\/span><\/li>\n<li><span style=\"color: #333333;\">Promueve la conversaci\u00f3n, la escucha atenta y el intercambio de pensamientos, recuerdos, fantas\u00edas, experiencias, temores, deseos, sentimientos, dudas&#8230; Es decir, hace posible el encuentro sereno entre el mundo de los adultos y el mundo de la infancia.<\/span><\/li>\n<li><span style=\"color: #333333;\">Estimula la actividad de las \u00e1reas cerebrales relacionadas con la comprensi\u00f3n narrativa y la creaci\u00f3n de im\u00e1genes mentales, lo que repercute directamente en el aprendizaje de la lengua oral, la lectura y la escritura.<\/span><\/li>\n<li><span style=\"color: #333333;\">Influye en el desarrollo cognitivo de la infancia al dar la oportunidad de escuchar, pensar, sentir, preguntar, responder, asociar&#8230;, es decir, de poner en juego las muchas capacidades de la mente.<\/span><\/li>\n<li><span style=\"color: #333333;\">Tiene un significativo impacto en el desarrollo del lenguaje gracias a que introduce a la infancia en el territorio de la lengua materna de un modo pausado y afectuoso: las palabras desconocidas aparecen cargadas de sentido y de emoci\u00f3n, la estructura y las convenciones de la lengua escrita se hacen familiares gracias a los relatos le\u00eddos una y otra vez, las correspondencias entre los sonidos de la lengua materna y las graf\u00edas que los representan se van desvelando poco a poco.<\/span><\/li>\n<li><span style=\"color: #333333;\">Favorece una mejor comprensi\u00f3n de los relatos gracias a la mediaci\u00f3n de lectores experimentados que act\u00faan como modelos y gu\u00edas.<\/span><\/li>\n<li><span style=\"color: #333333;\">Facilita la relaci\u00f3n con el lenguaje de los libros, m\u00e1s significativo y complejo que el lenguaje hablado, e instaura una relaci\u00f3n cordial con los libros y la lectura, desde el momento en que esos primeros contactos se presentan rodeados de afecto y bienestar.<\/span><\/li>\n<li><span style=\"color: #333333;\">Hace que ni\u00f1os y ni\u00f1as act\u00faen como lectores, aunque todav\u00eda no hayan aprendido a leer y a la vez hace posible que el lenguaje literario entre a formar parte de sus vidas estimulando su imaginario, su inter\u00e9s por las historias y su pensamiento narrativo.<\/span><\/li>\n<li><span style=\"color: #333333;\">La lectura en voz alta contribuye, en definitiva, a crear un entorno favorable al desarrollo cognitivo, emocional y social de la infancia, lo que ayuda a prevenir o atenuar los riesgos de fracaso escolar.<\/span><\/li>\n<\/ul>\n<h4><span style=\"color: #008080;\">Una tarea colectiva<\/span><\/h4>\n<p><span style=\"color: #333333;\">Leer en voz alta deber\u00eda ser una actividad habitual en los hogares. Dada su repercusi\u00f3n en la formaci\u00f3n de los afectos y en el rendimiento acad\u00e9mico, ser\u00eda bueno que madres y padres se involucrasen en esa actividad con pasi\u00f3n y convicci\u00f3n.<\/span><\/p>\n<p><span style=\"color: #333333;\">Y asimismo, las personas implicadas en el cuidado y la educaci\u00f3n de la infancia, desde el \u00e1mbito de la docencia al de la pediatr\u00eda, la enfermer\u00eda, las bibliotecas o el voluntariado, deber\u00edan adquirir el compromiso de alentar la lectura en voz alta en sus respectivos entornos, pensando sobre todo en quienes no puedan disfrutar en sus hogares de esa oportunidad.<\/span><\/p>\n<p><span style=\"color: #333333;\">Los promotores de esta declaraci\u00f3n p\u00fablica somos conscientes de que leer en voz alta a ni\u00f1os y ni\u00f1as es una actividad que por s\u00ed sola no soluciona las desventajas sociales y las carencias culturales, pero favorece que el aprendizaje de la lectura y la escritura sea un logro m\u00e1s f\u00e1cil para todos los ni\u00f1os y ni\u00f1as, sin distinci\u00f3n, a la par que propicia una mayor relaci\u00f3n emocional entre las personas adultas y la infancia.<\/span><\/p>\n<p>&nbsp;<\/p>\n<p>&nbsp;<\/p>\n<p style=\"text-align: center;\"><a href=\"https:\/\/www.ceapa.es\/\">Confederaci\u00f3n Espa\u00f1ola de Asociaciones de Padres y Madres del Alumnado (CEAPA)<\/a><\/p>\n<p style=\"text-align: center;\"><a href=\"http:\/\/www.aepap.org\/\">Asociaci\u00f3n Espa\u00f1ola de Pediatr\u00eda de Atenci\u00f3n Primaria<\/a><\/p>\n<p style=\"text-align: center;\"><a href=\"http:\/\/www.amigosdelibro.com\/\">Asociaci\u00f3n Espa\u00f1ola de Amigos del Libro Infantil y Juvenil<\/a><\/p>\n<p style=\"text-align: center;\"><a href=\"http:\/\/fundaciongsr.org\/\">Fundaci\u00f3n Germ\u00e1n S\u00e1nchez Ruip\u00e9rez<\/a><\/p>\n<p style=\"text-align: center;\"><a href=\"http:\/\/accioneducativa-mrp.org\/\">Acci\u00f3n Educativa<\/a><\/p>\n<p style=\"text-align: center;\"><a href=\"http:\/\/www.fesabid.org\/\">Federaci\u00f3n Espa\u00f1ola de Sociedades de Archiv\u00edstica, Biblioteconom\u00eda, Documentaci\u00f3n y Muse\u00edstica (FESABID)<\/a><\/p>\n<p style=\"text-align: center;\"><a href=\"http:\/\/www.asociacionaele.com\/\">Asociaci\u00f3n Espa\u00f1ola de Lectura y Escritura<\/a><\/p>\n<p style=\"text-align: center;\"><a href=\"http:\/\/www.easp.es\/\">Escuela Andaluza de Salud P\u00fablica<\/a><\/p>\n<p style=\"text-align: center;\"><a href=\"http:\/\/www.asociacionentrelibros.es\/\">Asociaci\u00f3n Entrelibros<\/a><\/p>\n<p>[\/vc_column_text][\/vc_column][vc_column width=\u00bb1\/6&#8243;][\/vc_column][\/vc_row]<\/p>\n","protected":false},"excerpt":{"rendered":"<p>[vc_row][vc_column][vc_column_text] Declaraci\u00f3n p\u00fablica a favor de la lectura en voz alta en la infancia suscrita por diversas organizaciones relacionadas con la educaci\u00f3n, la cultura y la salud [\/vc_column_text][vc_empty_space height=\u00bb64px\u00bb][\/vc_column][\/vc_row][vc_row][vc_column width=\u00bb1\/6&#8243;][\/vc_column][vc_column width=\u00bb2\/3&#8243;][vc_column_text] Declaraci\u00f3n En el momento de entrar en las escuelas<\/p>\n","protected":false},"author":2,"featured_media":0,"parent":0,"menu_order":0,"comment_status":"closed","ping_status":"closed","template":"","meta":{"footnotes":""},"class_list":["post-897","page","type-page","status-publish","hentry"],"aioseo_notices":[],"_links":{"self":[{"href":"https:\/\/www.easp.es\/saludentrelibros\/wp-json\/wp\/v2\/pages\/897","targetHints":{"allow":["GET"]}}],"collection":[{"href":"https:\/\/www.easp.es\/saludentrelibros\/wp-json\/wp\/v2\/pages"}],"about":[{"href":"https:\/\/www.easp.es\/saludentrelibros\/wp-json\/wp\/v2\/types\/page"}],"author":[{"embeddable":true,"href":"https:\/\/www.easp.es\/saludentrelibros\/wp-json\/wp\/v2\/users\/2"}],"replies":[{"embeddable":true,"href":"https:\/\/www.easp.es\/saludentrelibros\/wp-json\/wp\/v2\/comments?post=897"}],"version-history":[{"count":23,"href":"https:\/\/www.easp.es\/saludentrelibros\/wp-json\/wp\/v2\/pages\/897\/revisions"}],"predecessor-version":[{"id":3307,"href":"https:\/\/www.easp.es\/saludentrelibros\/wp-json\/wp\/v2\/pages\/897\/revisions\/3307"}],"wp:attachment":[{"href":"https:\/\/www.easp.es\/saludentrelibros\/wp-json\/wp\/v2\/media?parent=897"}],"curies":[{"name":"wp","href":"https:\/\/api.w.org\/{rel}","templated":true}]}}