{"id":113,"date":"2011-07-20T10:15:25","date_gmt":"2011-07-20T08:15:25","guid":{"rendered":"http:\/\/bimbela.wordpress.com\/?page_id=113"},"modified":"2017-08-24T13:50:23","modified_gmt":"2017-08-24T13:50:23","slug":"con-quien","status":"publish","type":"page","link":"https:\/\/www.easp.es\/web\/bimbela\/counselling\/con-quien\/","title":{"rendered":"Con qui\u00e9n"},"content":{"rendered":"<h4>Cliente externo, interno, dom\u00e9stico<\/h4>\n<p>Una de las grandes ventajas del counselling es que todas las habilidades que contiene (emocionales, de comunicaci\u00f3n, de motivaci\u00f3n para el cambio) pueden utilizarse cuando nos relacionamos con los tres tipos de interlocutores (clientes) que tenemos en nuestro d\u00eda a d\u00eda:<br \/>\n<strong><\/strong><\/p>\n<p><strong>Cliente externo<\/strong><br \/>\nAquellos interlocutores \u201cexternos\u201d a nuestra empresa: clientes (en el sentido m\u00e1s extendido y usual del t\u00e9rmino: los que compran nuestros servicios o productos), proveedores (a los que nosotros compramos servicios o productos), etc.<\/p>\n<p><strong>Cliente interno<br \/>\n<\/strong>Aquellos interlocutores \u201cinternos\u201d a nuestra empresa: compa\u00f1eros, equipos, jefes, subordinados, otros departamentos, etc.<\/p>\n<p><strong>Cliente dom\u00e9stico<br \/>\n<\/strong>Aquellos interlocutores de nuestro entorno personal y dom\u00e9stico: pareja, hijos, padres, familiares, amigos, conocidos, vecinos, etc.<br \/>\nCuriosamente, \u00e9ste es un tipo de cliente al que no solemos mimar demasiado. Con frecuencia, al llegar a casa \u201cbajamos la guardia del autocontrol\u201d y nos lo\/la \u201ccomemos\u201d. Mal asunto. Craso error. Mi recomendaci\u00f3n: Mimemos al \u201ccliente dom\u00e9stico\u201d m\u00e1s que a ning\u00fan otro. \u00c9l\/Ella se lo merece. Nosotros tambi\u00e9n.<\/p>\n<figure id=\"attachment_249\" aria-describedby=\"caption-attachment-249\" style=\"width: 225px\" class=\"wp-caption alignleft\"><a href=\"https:\/\/www.easp.es\/web\/bimbela\/wp-content\/uploads\/sites\/3\/2011\/08\/dsc045923.jpg\"><img loading=\"lazy\" decoding=\"async\" class=\"size-medium wp-image-249\" title=\"Bimbela gozando en Santiago\" src=\"https:\/\/www.easp.es\/web\/bimbela\/wp-content\/uploads\/sites\/3\/2011\/08\/dsc045923.jpg?w=225\" alt=\"\" width=\"225\" height=\"300\" srcset=\"https:\/\/www.easp.es\/web\/bimbela\/wp-content\/uploads\/sites\/3\/2011\/08\/dsc045923.jpg 2448w, https:\/\/www.easp.es\/web\/bimbela\/wp-content\/uploads\/sites\/3\/2011\/08\/dsc045923-225x300.jpg 225w, https:\/\/www.easp.es\/web\/bimbela\/wp-content\/uploads\/sites\/3\/2011\/08\/dsc045923-768x1024.jpg 768w\" sizes=\"auto, (max-width: 225px) 85vw, 225px\" \/><\/a><figcaption id=\"caption-attachment-249\" class=\"wp-caption-text\">Bimbela gozando en Santiago<\/figcaption><\/figure>\n","protected":false},"excerpt":{"rendered":"<p>Cliente externo, interno, dom\u00e9stico Una de las grandes ventajas del counselling es que todas las habilidades que contiene (emocionales, de comunicaci\u00f3n, de motivaci\u00f3n para el cambio) pueden utilizarse cuando nos relacionamos con los tres tipos de interlocutores (clientes) que tenemos en nuestro d\u00eda a d\u00eda: Cliente externo Aquellos interlocutores \u201cexternos\u201d a nuestra empresa: clientes (en &hellip; <a href=\"https:\/\/www.easp.es\/web\/bimbela\/counselling\/con-quien\/\" class=\"more-link\">Continuar leyendo<span class=\"screen-reader-text\"> \u00abCon qui\u00e9n\u00bb<\/span><\/a><\/p>\n","protected":false},"author":1,"featured_media":0,"parent":63,"menu_order":3,"comment_status":"closed","ping_status":"closed","template":"","meta":{"footnotes":""},"class_list":["post-113","page","type-page","status-publish","hentry"],"_links":{"self":[{"href":"https:\/\/www.easp.es\/web\/bimbela\/wp-json\/wp\/v2\/pages\/113","targetHints":{"allow":["GET"]}}],"collection":[{"href":"https:\/\/www.easp.es\/web\/bimbela\/wp-json\/wp\/v2\/pages"}],"about":[{"href":"https:\/\/www.easp.es\/web\/bimbela\/wp-json\/wp\/v2\/types\/page"}],"author":[{"embeddable":true,"href":"https:\/\/www.easp.es\/web\/bimbela\/wp-json\/wp\/v2\/users\/1"}],"replies":[{"embeddable":true,"href":"https:\/\/www.easp.es\/web\/bimbela\/wp-json\/wp\/v2\/comments?post=113"}],"version-history":[{"count":1,"href":"https:\/\/www.easp.es\/web\/bimbela\/wp-json\/wp\/v2\/pages\/113\/revisions"}],"predecessor-version":[{"id":842,"href":"https:\/\/www.easp.es\/web\/bimbela\/wp-json\/wp\/v2\/pages\/113\/revisions\/842"}],"up":[{"embeddable":true,"href":"https:\/\/www.easp.es\/web\/bimbela\/wp-json\/wp\/v2\/pages\/63"}],"wp:attachment":[{"href":"https:\/\/www.easp.es\/web\/bimbela\/wp-json\/wp\/v2\/media?parent=113"}],"curies":[{"name":"wp","href":"https:\/\/api.w.org\/{rel}","templated":true}]}}