{"id":116,"date":"2011-07-20T10:17:23","date_gmt":"2011-07-20T08:17:23","guid":{"rendered":"http:\/\/bimbela.wordpress.com\/?page_id=116"},"modified":"2011-07-20T10:17:23","modified_gmt":"2011-07-20T08:17:23","slug":"presentacion","status":"publish","type":"page","link":"https:\/\/www.easp.es\/web\/bimbela\/counselling\/presentacion\/","title":{"rendered":"Presentaci\u00f3n"},"content":{"rendered":"<p>Hola a todos y a todas:<\/p>\n<p>Esta parte del blog contiene una selecci\u00f3n de \u00a0informaciones y recursos sobre lo que en un lenguaje cient\u00edfico y riguroso llamamos COUNSELLING (\u201cHabilidades de relaci\u00f3n con \u201cel otro\u201d), y que en un lenguaje m\u00e1s entendible, cercano, y esperemos que \u201cmotivador\u201d solemos situar bajo el ep\u00edgrafe \u201cCUIDANDO A\u2026\u201d, por cuanto todas y cada una de las habilidades que agrupa el counselling (emocionales, de comunicaci\u00f3n, de motivaci\u00f3n para el cambio) tienen como caracter\u00edstica fundamental el hecho de ayudar en primer lugar y especialmente a la persona que las aplica (profesional de la salud, educador, directivo, padre, madre, l\u00edder, amigo) que consigue m\u00e1s f\u00e1cilmente sus objetivos y adem\u00e1s los logra al menor coste personal posible. Por ello estas habilidades son muy \u00fatiles para mejorar la salud (bio-psico-social); tanto por prevenir y tratar problemas como el estr\u00e9s, el \u201cqueme profesional\u201d, o la desmotivaci\u00f3n; como por promover una mayor calidad de vida (en el plano f\u00edsico, en el emocional y en el relacional).\u00a0 En uno mismo y\u00a0en\u00a0los dem\u00e1s.<\/p>\n","protected":false},"excerpt":{"rendered":"<p>Hola a todos y a todas: Esta parte del blog contiene una selecci\u00f3n de \u00a0informaciones y recursos sobre lo que en un lenguaje cient\u00edfico y riguroso llamamos COUNSELLING (\u201cHabilidades de relaci\u00f3n con \u201cel otro\u201d), y que en un lenguaje m\u00e1s entendible, cercano, y esperemos que \u201cmotivador\u201d solemos situar bajo el ep\u00edgrafe \u201cCUIDANDO A\u2026\u201d, por cuanto &hellip; <a href=\"https:\/\/www.easp.es\/web\/bimbela\/counselling\/presentacion\/\" class=\"more-link\">Continuar leyendo<span class=\"screen-reader-text\"> \u00abPresentaci\u00f3n\u00bb<\/span><\/a><\/p>\n","protected":false},"author":1,"featured_media":0,"parent":63,"menu_order":1,"comment_status":"closed","ping_status":"closed","template":"","meta":{"footnotes":""},"class_list":["post-116","page","type-page","status-publish","hentry"],"_links":{"self":[{"href":"https:\/\/www.easp.es\/web\/bimbela\/wp-json\/wp\/v2\/pages\/116","targetHints":{"allow":["GET"]}}],"collection":[{"href":"https:\/\/www.easp.es\/web\/bimbela\/wp-json\/wp\/v2\/pages"}],"about":[{"href":"https:\/\/www.easp.es\/web\/bimbela\/wp-json\/wp\/v2\/types\/page"}],"author":[{"embeddable":true,"href":"https:\/\/www.easp.es\/web\/bimbela\/wp-json\/wp\/v2\/users\/1"}],"replies":[{"embeddable":true,"href":"https:\/\/www.easp.es\/web\/bimbela\/wp-json\/wp\/v2\/comments?post=116"}],"version-history":[{"count":0,"href":"https:\/\/www.easp.es\/web\/bimbela\/wp-json\/wp\/v2\/pages\/116\/revisions"}],"up":[{"embeddable":true,"href":"https:\/\/www.easp.es\/web\/bimbela\/wp-json\/wp\/v2\/pages\/63"}],"wp:attachment":[{"href":"https:\/\/www.easp.es\/web\/bimbela\/wp-json\/wp\/v2\/media?parent=116"}],"curies":[{"name":"wp","href":"https:\/\/api.w.org\/{rel}","templated":true}]}}