{"id":120,"date":"2011-07-20T10:20:42","date_gmt":"2011-07-20T08:20:42","guid":{"rendered":"http:\/\/bimbela.wordpress.com\/?page_id=120"},"modified":"2017-08-24T13:50:23","modified_gmt":"2017-08-24T13:50:23","slug":"recursos","status":"publish","type":"page","link":"https:\/\/www.easp.es\/web\/bimbela\/recursos\/","title":{"rendered":"Recursos"},"content":{"rendered":"<p>En este ep\u00edgrafe el lector encontrar\u00e1:<\/p>\n<p>a) Un apartado con\u00a0art\u00edculos, ponencias, cap\u00edtulos de libro y otras referencias documentales, agrupadas seg\u00fan\u00a0poblaci\u00f3n en la que se han aplicado el \u00abcounselling\u00bb o la \u00abformaci\u00f3n de formadores\u00bb;\u00a0 y<\/p>\n<p>b) Un listado con\u00a0algunas de las principales obras publicadas por el \u00abbloguero\u00bb que aqu\u00ed escribe.<\/p>\n<p>c) Los instrumentos b\u00e1sicos para la intervenci\u00f3n (Tabla de Gimnasia Emocional-TGE, Modelo PRECEDE. Dec\u00e1logo, M\u00e9todos EDIPO).<\/p>\n<figure id=\"attachment_324\" aria-describedby=\"caption-attachment-324\" style=\"width: 225px\" class=\"wp-caption alignleft\"><a href=\"https:\/\/www.easp.es\/web\/bimbela\/wp-content\/uploads\/sites\/3\/2011\/12\/b-s-jordi-bcn.jpg\"><img loading=\"lazy\" decoding=\"async\" class=\"size-medium wp-image-324\" title=\"B en Sant Jordi-BCN\" src=\"https:\/\/www.easp.es\/web\/bimbela\/wp-content\/uploads\/sites\/3\/2011\/12\/b-s-jordi-bcn.jpg?w=225\" alt=\"B en Sant Jordi-BCN\" width=\"225\" height=\"300\" srcset=\"https:\/\/www.easp.es\/web\/bimbela\/wp-content\/uploads\/sites\/3\/2011\/12\/b-s-jordi-bcn.jpg 2304w, https:\/\/www.easp.es\/web\/bimbela\/wp-content\/uploads\/sites\/3\/2011\/12\/b-s-jordi-bcn-225x300.jpg 225w, https:\/\/www.easp.es\/web\/bimbela\/wp-content\/uploads\/sites\/3\/2011\/12\/b-s-jordi-bcn-768x1024.jpg 768w\" sizes=\"auto, (max-width: 225px) 85vw, 225px\" \/><\/a><figcaption id=\"caption-attachment-324\" class=\"wp-caption-text\">B en Sant Jordi-BCN<\/figcaption><\/figure>\n","protected":false},"excerpt":{"rendered":"<p>En este ep\u00edgrafe el lector encontrar\u00e1: a) Un apartado con\u00a0art\u00edculos, ponencias, cap\u00edtulos de libro y otras referencias documentales, agrupadas seg\u00fan\u00a0poblaci\u00f3n en la que se han aplicado el \u00abcounselling\u00bb o la \u00abformaci\u00f3n de formadores\u00bb;\u00a0 y b) Un listado con\u00a0algunas de las principales obras publicadas por el \u00abbloguero\u00bb que aqu\u00ed escribe. c) Los instrumentos b\u00e1sicos para la &hellip; <a href=\"https:\/\/www.easp.es\/web\/bimbela\/recursos\/\" class=\"more-link\">Continuar leyendo<span class=\"screen-reader-text\"> \u00abRecursos\u00bb<\/span><\/a><\/p>\n","protected":false},"author":1,"featured_media":0,"parent":0,"menu_order":11,"comment_status":"closed","ping_status":"closed","template":"","meta":{"footnotes":""},"class_list":["post-120","page","type-page","status-publish","hentry"],"_links":{"self":[{"href":"https:\/\/www.easp.es\/web\/bimbela\/wp-json\/wp\/v2\/pages\/120","targetHints":{"allow":["GET"]}}],"collection":[{"href":"https:\/\/www.easp.es\/web\/bimbela\/wp-json\/wp\/v2\/pages"}],"about":[{"href":"https:\/\/www.easp.es\/web\/bimbela\/wp-json\/wp\/v2\/types\/page"}],"author":[{"embeddable":true,"href":"https:\/\/www.easp.es\/web\/bimbela\/wp-json\/wp\/v2\/users\/1"}],"replies":[{"embeddable":true,"href":"https:\/\/www.easp.es\/web\/bimbela\/wp-json\/wp\/v2\/comments?post=120"}],"version-history":[{"count":1,"href":"https:\/\/www.easp.es\/web\/bimbela\/wp-json\/wp\/v2\/pages\/120\/revisions"}],"predecessor-version":[{"id":843,"href":"https:\/\/www.easp.es\/web\/bimbela\/wp-json\/wp\/v2\/pages\/120\/revisions\/843"}],"wp:attachment":[{"href":"https:\/\/www.easp.es\/web\/bimbela\/wp-json\/wp\/v2\/media?parent=120"}],"curies":[{"name":"wp","href":"https:\/\/api.w.org\/{rel}","templated":true}]}}