{"id":122,"date":"2011-07-20T10:24:28","date_gmt":"2011-07-20T08:24:28","guid":{"rendered":"http:\/\/bimbela.wordpress.com\/?page_id=122"},"modified":"2025-04-25T17:30:46","modified_gmt":"2025-04-25T17:30:46","slug":"contacto","status":"publish","type":"page","link":"https:\/\/www.easp.es\/web\/bimbela\/contacto\/","title":{"rendered":"Contacto"},"content":{"rendered":"<p align=\"justify\"><span style=\"font-size: large\"><strong>Jos\u00e9 Luis Bimbela Pedrola<\/strong><\/span><\/p>\n<p align=\"justify\"><span style=\"font-size: medium\">Doctor en Psicolog\u00eda. <\/span><\/p>\n<p align=\"justify\"><span style=\"font-size: medium\">M\u00e1ster en Salud P\u00fablica. <\/span><\/p>\n<p align=\"justify\"><span style=\"font-size: medium\">M\u00e1ster en Drogodependencias.<\/span><\/p>\n<p align=\"justify\">Diplomado en Sexolog\u00eda Cl\u00ednica.<\/p>\n<p align=\"justify\"><span style=\"font-size: medium\">Profesor-investigador, escritor y conferenciante.<\/span><\/p>\n<p>M\u00f3vil: +34 658 926 536 \/\/ +34 671 593 048<\/p>\n<p>e-mail:<br \/>\n<a href=\"mailto:joseluisbimbela.counselling@hotmail.es\">joseluisbimbela.counselling@hotmail.es<\/a><\/p>\n<p><a href=\"https:\/\/www.easp.es\/web\/bimbela\/wp-content\/uploads\/sites\/3\/2015\/07\/blog-primavera-2014-1.jpg\"><img loading=\"lazy\" decoding=\"async\" class=\"alignnone size-medium wp-image-629\" src=\"https:\/\/www.easp.es\/web\/bimbela\/wp-content\/uploads\/sites\/3\/2015\/07\/blog-primavera-2014-1.jpg?w=300\" alt=\"Blog primavera 2014-1\" width=\"300\" height=\"169\" srcset=\"https:\/\/www.easp.es\/web\/bimbela\/wp-content\/uploads\/sites\/3\/2015\/07\/blog-primavera-2014-1.jpg 954w, https:\/\/www.easp.es\/web\/bimbela\/wp-content\/uploads\/sites\/3\/2015\/07\/blog-primavera-2014-1-300x169.jpg 300w, https:\/\/www.easp.es\/web\/bimbela\/wp-content\/uploads\/sites\/3\/2015\/07\/blog-primavera-2014-1-768x432.jpg 768w\" sizes=\"auto, (max-width: 300px) 85vw, 300px\" \/><\/a><\/p>\n","protected":false},"excerpt":{"rendered":"<p>Jos\u00e9 Luis Bimbela Pedrola Doctor en Psicolog\u00eda. M\u00e1ster en Salud P\u00fablica. M\u00e1ster en Drogodependencias. Diplomado en Sexolog\u00eda Cl\u00ednica. Profesor-investigador, escritor y conferenciante. M\u00f3vil: +34 658 926 536 \/\/ +34 671 593 048 e-mail: joseluisbimbela.counselling@hotmail.es<\/p>\n","protected":false},"author":1,"featured_media":0,"parent":0,"menu_order":13,"comment_status":"closed","ping_status":"closed","template":"","meta":{"footnotes":""},"class_list":["post-122","page","type-page","status-publish","hentry"],"_links":{"self":[{"href":"https:\/\/www.easp.es\/web\/bimbela\/wp-json\/wp\/v2\/pages\/122","targetHints":{"allow":["GET"]}}],"collection":[{"href":"https:\/\/www.easp.es\/web\/bimbela\/wp-json\/wp\/v2\/pages"}],"about":[{"href":"https:\/\/www.easp.es\/web\/bimbela\/wp-json\/wp\/v2\/types\/page"}],"author":[{"embeddable":true,"href":"https:\/\/www.easp.es\/web\/bimbela\/wp-json\/wp\/v2\/users\/1"}],"replies":[{"embeddable":true,"href":"https:\/\/www.easp.es\/web\/bimbela\/wp-json\/wp\/v2\/comments?post=122"}],"version-history":[{"count":4,"href":"https:\/\/www.easp.es\/web\/bimbela\/wp-json\/wp\/v2\/pages\/122\/revisions"}],"predecessor-version":[{"id":2428,"href":"https:\/\/www.easp.es\/web\/bimbela\/wp-json\/wp\/v2\/pages\/122\/revisions\/2428"}],"wp:attachment":[{"href":"https:\/\/www.easp.es\/web\/bimbela\/wp-json\/wp\/v2\/media?parent=122"}],"curies":[{"name":"wp","href":"https:\/\/api.w.org\/{rel}","templated":true}]}}