{"id":129,"date":"2011-07-20T10:30:43","date_gmt":"2011-07-20T08:30:43","guid":{"rendered":"http:\/\/bimbela.wordpress.com\/?page_id=129"},"modified":"2017-08-24T13:50:23","modified_gmt":"2017-08-24T13:50:23","slug":"articulos","status":"publish","type":"page","link":"https:\/\/www.easp.es\/web\/bimbela\/recursos\/articulos\/","title":{"rendered":"Documentos varios"},"content":{"rendered":"<div>En este apartado se ofrecen una serie de art\u00edculos, ponencias, cap\u00edtulos de libros y otras referencias documentales relacionadas con diversas aplicaciones del \u00abcounselling\u00bb y de la \u00abformaci\u00f3n de formadores\u00bb. Para facilitar su revisi\u00f3n, est\u00e1n agrupados por poblaciones destinatarias, en categor\u00edas no excluyentes. <span style=\"color:#0000ff;\"><strong><span style=\"text-decoration:underline;\"><br \/>\n<\/span><\/strong><\/span><\/div>\n<div><a href=\"https:\/\/www.easp.es\/web\/bimbela\/wp-content\/uploads\/sites\/3\/2015\/07\/cecot-8.jpg\"><img loading=\"lazy\" decoding=\"async\" class=\"alignnone size-medium wp-image-627\" src=\"https:\/\/www.easp.es\/web\/bimbela\/wp-content\/uploads\/sites\/3\/2015\/07\/cecot-8.jpg?w=300\" alt=\"CECOT-8\" width=\"300\" height=\"225\" srcset=\"https:\/\/www.easp.es\/web\/bimbela\/wp-content\/uploads\/sites\/3\/2015\/07\/cecot-8.jpg 2816w, https:\/\/www.easp.es\/web\/bimbela\/wp-content\/uploads\/sites\/3\/2015\/07\/cecot-8-300x225.jpg 300w, https:\/\/www.easp.es\/web\/bimbela\/wp-content\/uploads\/sites\/3\/2015\/07\/cecot-8-768x576.jpg 768w, https:\/\/www.easp.es\/web\/bimbela\/wp-content\/uploads\/sites\/3\/2015\/07\/cecot-8-1024x768.jpg 1024w\" sizes=\"auto, (max-width: 300px) 85vw, 300px\" \/><\/a><\/div>\n","protected":false},"excerpt":{"rendered":"<p>En este apartado se ofrecen una serie de art\u00edculos, ponencias, cap\u00edtulos de libros y otras referencias documentales relacionadas con diversas aplicaciones del \u00abcounselling\u00bb y de la \u00abformaci\u00f3n de formadores\u00bb. Para facilitar su revisi\u00f3n, est\u00e1n agrupados por poblaciones destinatarias, en categor\u00edas no excluyentes.<\/p>\n","protected":false},"author":1,"featured_media":0,"parent":120,"menu_order":2,"comment_status":"closed","ping_status":"closed","template":"","meta":{"footnotes":""},"class_list":["post-129","page","type-page","status-publish","hentry"],"_links":{"self":[{"href":"https:\/\/www.easp.es\/web\/bimbela\/wp-json\/wp\/v2\/pages\/129","targetHints":{"allow":["GET"]}}],"collection":[{"href":"https:\/\/www.easp.es\/web\/bimbela\/wp-json\/wp\/v2\/pages"}],"about":[{"href":"https:\/\/www.easp.es\/web\/bimbela\/wp-json\/wp\/v2\/types\/page"}],"author":[{"embeddable":true,"href":"https:\/\/www.easp.es\/web\/bimbela\/wp-json\/wp\/v2\/users\/1"}],"replies":[{"embeddable":true,"href":"https:\/\/www.easp.es\/web\/bimbela\/wp-json\/wp\/v2\/comments?post=129"}],"version-history":[{"count":1,"href":"https:\/\/www.easp.es\/web\/bimbela\/wp-json\/wp\/v2\/pages\/129\/revisions"}],"predecessor-version":[{"id":846,"href":"https:\/\/www.easp.es\/web\/bimbela\/wp-json\/wp\/v2\/pages\/129\/revisions\/846"}],"up":[{"embeddable":true,"href":"https:\/\/www.easp.es\/web\/bimbela\/wp-json\/wp\/v2\/pages\/120"}],"wp:attachment":[{"href":"https:\/\/www.easp.es\/web\/bimbela\/wp-json\/wp\/v2\/media?parent=129"}],"curies":[{"name":"wp","href":"https:\/\/api.w.org\/{rel}","templated":true}]}}