{"id":433,"date":"2013-09-24T13:39:28","date_gmt":"2013-09-24T11:39:28","guid":{"rendered":"http:\/\/bimbela.wordpress.com\/?page_id=433"},"modified":"2023-03-27T10:49:21","modified_gmt":"2023-03-27T10:49:21","slug":"cartera-de-servicios-2","status":"publish","type":"page","link":"https:\/\/www.easp.es\/web\/bimbela\/cartera-de-servicios-2\/","title":{"rendered":"Cartera de servicios"},"content":{"rendered":"<p><strong>CONFERENCIAS y talleres de formaci\u00f3n<\/strong><\/p>\n<p>&#8211; <strong><em>3 modalidades<\/em><\/strong>: PRESENCIAL, SEMI-PRESENCIAL, VIRTUAL.<\/p>\n<p>&#8211; 30<strong><em>\u00a0tem\u00e1tic<\/em><em>a<\/em>s<\/strong>:<\/p>\n<p><strong><span style=\"color: #ff0000\">1 . Bondad pr\u00e1ctica y radical (NOVEDAD)<\/span><\/strong><\/p>\n<p><strong><span style=\"color: #ff0000\">2. Salud \u00c9tica pr\u00e1ctica (NOVEDAD)<\/span><\/strong><\/p>\n<p><strong><span style=\"color: #ff0000\">3.\u00a0 Autocuidado \u00e9tico y emocional (NOVEDAD)<\/span><\/strong><\/p>\n<p><strong><span style=\"color: #ff0000\">4. Liderazgo \u00e9tico y emocional (NOVEDAD)<\/span><\/strong><\/p>\n<p><strong><span style=\"color: #ff0000\">5. Pacientes Activos \u00abActientes\u00bb (NOVEDAD)<\/span><\/strong><\/p>\n<p><strong><span style=\"color: #ff0000\">6. Prevenci\u00f3n Suicidio desde la perspectiva Salubrista (NOVEDAD)<\/span><\/strong><\/p>\n<p><strong><span style=\"color: #ff0000\">7. Arte sanador (NOVEDAD)<\/span><\/strong><\/p>\n<p><strong><span style=\"color: #ff0000\">8. Salud Espiritual pr\u00e1ctica (NOVEDAD)<\/span><\/strong><\/p>\n<p><strong><span style=\"color: #ff0000\">9. Emociones y talentos (NOVEDAD)<\/span><\/strong><\/p>\n<p><strong><span style=\"color: #ff0000\">10. Dolor multidimensional: f\u00edsico, emocional, social, espiritual y \u00e9tico (NOVEDAD)<\/span><\/strong><\/p>\n<p>11. Counselling y Self Counselling<\/p>\n<p>12. Cuidando al coach<\/p>\n<p>13. Cuidando al directivo<\/p>\n<p>14. Cuidando al cuidador<\/p>\n<p>15. Liderazgo con alma<\/p>\n<p>16. Formaci\u00f3n de Formadores<\/p>\n<p>17. Calidad en la atenci\u00f3n al cliente externo e interno<\/p>\n<p>18. Atenci\u00f3n Farmac\u00e9utica<\/p>\n<p>19. Adherencia terap\u00e9utica<\/p>\n<p>20. Salud emocional \/ Inteligencia emocional \/ Gimnasia emocional<\/p>\n<p>21. Salud social \/ Inteligencia social \/ Gimnasia social<\/p>\n<p>22. Salud espiritual<\/p>\n<p>23. Habilidades de comunicaci\u00f3n interpersonal<\/p>\n<p>24. Habilidades para motivar cambios comportamentales (diagn\u00f3stico e intervenci\u00f3n)<\/p>\n<p>25. Gesti\u00f3n de conflictos<\/p>\n<p>26. Humanizaci\u00f3n del parto<\/p>\n<p>27. J\u00f3venes y adolescentes<\/p>\n<p>28. Sexualidad<\/p>\n<p>29. Drogas<\/p>\n<p>30. Uso inteligente de las TIC (Tecnolog\u00edas de la Informaci\u00f3n y la Comunicaci\u00f3n): internet, m\u00f3vil, TV, videojuegos.<\/p>\n<p><a style=\"font-weight: bold;background-color: transparent;text-align: inherit\" href=\"https:\/\/www.easp.es\/web\/bimbela\/wp-content\/uploads\/sites\/3\/2013\/09\/b-en-clase-2.jpg\"><img loading=\"lazy\" decoding=\"async\" class=\"size-medium wp-image-476\" src=\"https:\/\/www.easp.es\/web\/bimbela\/wp-content\/uploads\/sites\/3\/2013\/09\/b-en-clase-2.jpg?w=300\" alt=\"Bimbela en clase\" width=\"300\" height=\"225\" srcset=\"https:\/\/www.easp.es\/web\/bimbela\/wp-content\/uploads\/sites\/3\/2013\/09\/b-en-clase-2.jpg 3648w, https:\/\/www.easp.es\/web\/bimbela\/wp-content\/uploads\/sites\/3\/2013\/09\/b-en-clase-2-300x225.jpg 300w, https:\/\/www.easp.es\/web\/bimbela\/wp-content\/uploads\/sites\/3\/2013\/09\/b-en-clase-2-768x576.jpg 768w, https:\/\/www.easp.es\/web\/bimbela\/wp-content\/uploads\/sites\/3\/2013\/09\/b-en-clase-2-1024x768.jpg 1024w\" sizes=\"auto, (max-width: 300px) 85vw, 300px\" \/><\/a><\/p>\n<p>Bimbela en clase<\/p>\n","protected":false},"excerpt":{"rendered":"<p>CONFERENCIAS y talleres de formaci\u00f3n &#8211; 3 modalidades: PRESENCIAL, SEMI-PRESENCIAL, VIRTUAL. &#8211; 30\u00a0tem\u00e1ticas: 1 . Bondad pr\u00e1ctica y radical (NOVEDAD) 2. Salud \u00c9tica pr\u00e1ctica (NOVEDAD) 3.\u00a0 Autocuidado \u00e9tico y emocional (NOVEDAD) 4. Liderazgo \u00e9tico y emocional (NOVEDAD) 5. Pacientes Activos \u00abActientes\u00bb (NOVEDAD) 6. Prevenci\u00f3n Suicidio desde la perspectiva Salubrista (NOVEDAD) 7. Arte sanador (NOVEDAD) 8. &hellip; <a href=\"https:\/\/www.easp.es\/web\/bimbela\/cartera-de-servicios-2\/\" class=\"more-link\">Continuar leyendo<span class=\"screen-reader-text\"> \u00abCartera de servicios\u00bb<\/span><\/a><\/p>\n","protected":false},"author":1,"featured_media":0,"parent":0,"menu_order":0,"comment_status":"open","ping_status":"open","template":"","meta":{"footnotes":""},"class_list":["post-433","page","type-page","status-publish","hentry"],"_links":{"self":[{"href":"https:\/\/www.easp.es\/web\/bimbela\/wp-json\/wp\/v2\/pages\/433","targetHints":{"allow":["GET"]}}],"collection":[{"href":"https:\/\/www.easp.es\/web\/bimbela\/wp-json\/wp\/v2\/pages"}],"about":[{"href":"https:\/\/www.easp.es\/web\/bimbela\/wp-json\/wp\/v2\/types\/page"}],"author":[{"embeddable":true,"href":"https:\/\/www.easp.es\/web\/bimbela\/wp-json\/wp\/v2\/users\/1"}],"replies":[{"embeddable":true,"href":"https:\/\/www.easp.es\/web\/bimbela\/wp-json\/wp\/v2\/comments?post=433"}],"version-history":[{"count":3,"href":"https:\/\/www.easp.es\/web\/bimbela\/wp-json\/wp\/v2\/pages\/433\/revisions"}],"predecessor-version":[{"id":1992,"href":"https:\/\/www.easp.es\/web\/bimbela\/wp-json\/wp\/v2\/pages\/433\/revisions\/1992"}],"wp:attachment":[{"href":"https:\/\/www.easp.es\/web\/bimbela\/wp-json\/wp\/v2\/media?parent=433"}],"curies":[{"name":"wp","href":"https:\/\/api.w.org\/{rel}","templated":true}]}}