{"id":45,"date":"2011-07-18T21:45:54","date_gmt":"2011-07-18T19:45:54","guid":{"rendered":"http:\/\/bimbela.wordpress.com\/?page_id=45"},"modified":"2017-08-24T13:50:23","modified_gmt":"2017-08-24T13:50:23","slug":"directivos","status":"publish","type":"page","link":"https:\/\/www.easp.es\/web\/bimbela\/recursos\/articulos\/directivos\/","title":{"rendered":"Directivos"},"content":{"rendered":"<div>\n<p><a href=\"http:\/\/bimbela.files.wordpress.com\/2011\/07\/jlb-prevencionistas.pdf\">Art\u00edculo de opini\u00f3n \u00abT\u00e9cnicas de Comunicaci\u00f3n para mejorar la cultura preventiva de las empresas. En cuerpo y alma\u00bb.<\/a><\/p>\n<p>Revista PREVENCIONISTAS<\/p>\n<p><a href=\"http:\/\/www.calameo.com\/read\/000792714858620a0a4c9\" target=\"_blank\">http:\/\/www.calameo.com\/read\/000792714858620a0a4c9<\/a><\/p>\n<p><strong>.\u00a0<a href=\"https:\/\/bimbela.files.wordpress.com\/2015\/09\/cuidando-al-directivo-ponencia-jl-bimbela.pdf\" target=\"_blank\">Ponencia \u00abCuidando al directivo para una gesti\u00f3n \u00f3ptima\u00bb \u00a0<\/a><\/strong><\/p>\n<p>Ponencia, llevada a cabo en Granada en 2002, en la que se presentan, de forma sint\u00e9tica, las aportaciones del\u00a0<em>Counseling\u00a0<\/em>a las tareas directivas y gestoras, enfatizando (de ah\u00ed el t\u00edtulo) las ventajas que para el propio directivo tienen cada una de las habilidades y t\u00e9cnicas presentadas.<strong>\u00a0\u00a0 \u00a0<\/strong><\/p>\n<p><strong>. Cap\u00edtulo \u201cCounseling y gesti\u00f3n. Por qu\u00e9 los directivos tambi\u00e9n lloran\u201d\u00a0<\/strong><\/p>\n<p>Cap\u00edtulo de la obra \u00abNuevas perspectivas en la gesti\u00f3n estrat\u00e9gica de los recursos humanos en organizaciones sanitarias\u00bb, publicado por la Escuela Andaluza de Salud P\u00fablica, en 1999, que presenta algunas ideas fundamentales para abordar los aspectos emocionales ligados a la gesti\u00f3n.<\/p>\n<p>Publicaci\u00f3n que puede obtenerse en:\u00a0<a href=\"mailto:publicaciones.easp@juntadeandalucia.es\">publicaciones.easp@juntadeandalucia.es<\/a><\/p>\n<div>\n<div>\n<p><strong><a href=\"https:\/\/bimbela.files.wordpress.com\/2015\/09\/si-pero.pdf\" target=\"_blank\">Art\u00edculo \u00abSi, pero\u00bb<\/a><\/strong><\/p>\n<p><em>Gaceta Sanitaria<\/em>, 03\u00a0 2003 ; 18: 248-52.\u00a0<strong>Imaginario colectivo<\/strong><\/p>\n<p>Versi\u00f3n electr\u00f3nica de un art\u00edculo publicado en 2004 en Gaceta Sanitaria que plantea, a trav\u00e9s de ejemplos obtenidos \u00abde la vida real\u00bb, los devastadores efectos que en la comunicaci\u00f3n\u00a0(tambi\u00e9n de los directivos) tiene la palabra \u00abpero\u00bb, de uso tan frecuente (y automatizado) en nuestro \u00e1mbito cultural<\/p>\n<\/div>\n<\/div>\n<div><strong><a href=\"http:\/\/campus.easp.es\/bimbela\/ARCHIVOS\/Y%20encima.pdf\">.\u00a0<\/a><\/strong><a href=\"https:\/\/bimbela.files.wordpress.com\/2015\/09\/y-encima.pdf\" target=\"_blank\"><strong>Art\u00edculo \u00ab\u00a1 Y encima, tengo que reforzarlo !\u00bb<\/strong><\/a><\/div>\n<div><\/div>\n<p><em>Gaceta Sanitaria<\/em>,\u00a02005\u00a0; 19 (1):\u00a089<strong>. Imaginario colectivo<\/strong><\/p>\n<div>\n<p>Art\u00edculo publicado en 2005 en Gaceta Sanitaria que\u00a0habla sobre las diversas ventajas que tiene para el\u00a0directivo, reconocer y reforzar los logros y esfuerzos de los\u00a0\u00abotros\u00bb.<\/p>\n<p><a href=\"https:\/\/bimbela.files.wordpress.com\/2015\/09\/esto-no-es-teatro.pdf\" target=\"_blank\">\u00a0.<strong>\u00a0Art\u00edculo \u00abEsto no es teatro\u00bb<\/strong><\/a><\/p>\n<p><em>Gaceta Sanitaria,\u00a02005 ; 19 (6):\u00a0495.<\/em><strong>\u00a0Imaginario colectivo<\/strong><\/p>\n<p>En este art\u00edculo\u00a0se abordan\u00a0las ventajas que tiene para el\u00a0directivo, la comunicaci\u00f3n honesta frente a la comunicaci\u00f3n teatral, en su relaci\u00f3n tanto con los\u00a0clientes externos (pacientes, usuarios) como con los clientes internos (profesionales,\u00a0otros directivos).<\/p>\n<p><a href=\"http:\/\/campus.easp.es\/bimbela\/ARCHIVOS\/Calidad,%20calidad%20y%20calidad.pdf\">.<\/a><a href=\"https:\/\/bimbela.files.wordpress.com\/2015\/09\/calidad-calidad-y-calidad.pdf\" target=\"_blank\">\u00a0Art\u00edculo \u00abCalidad, calidad y calidad\u00bb<\/a><\/p>\n<p><em>Gaceta Sanitaria,\u00a02006 ;\u00a020 (5):\u00a0418.<\/em><strong>\u00a0Imaginario colectivo<\/strong><\/p>\n<p>Frente a la \u00abcutrez\u00bb, la calidad. Tambi\u00e9n en la salud p\u00fablica. Tambi\u00e9n en la relaci\u00f3n con los\u00a0clientes externos (pacientes, usuarios) y\u00a0con los clientes internos (profesionales,\u00a0otros directivos). De esto habla el presente art\u00edculo<\/p>\n<\/div>\n<\/div>\n","protected":false},"excerpt":{"rendered":"<p>Art\u00edculo de opini\u00f3n \u00abT\u00e9cnicas de Comunicaci\u00f3n para mejorar la cultura preventiva de las empresas. En cuerpo y alma\u00bb. Revista PREVENCIONISTAS http:\/\/www.calameo.com\/read\/000792714858620a0a4c9 .\u00a0Ponencia \u00abCuidando al directivo para una gesti\u00f3n \u00f3ptima\u00bb \u00a0 Ponencia, llevada a cabo en Granada en 2002, en la que se presentan, de forma sint\u00e9tica, las aportaciones del\u00a0Counseling\u00a0a las tareas directivas y gestoras, enfatizando &hellip; <a href=\"https:\/\/www.easp.es\/web\/bimbela\/recursos\/articulos\/directivos\/\" class=\"more-link\">Continuar leyendo<span class=\"screen-reader-text\"> \u00abDirectivos\u00bb<\/span><\/a><\/p>\n","protected":false},"author":1,"featured_media":0,"parent":129,"menu_order":3,"comment_status":"closed","ping_status":"closed","template":"","meta":{"footnotes":""},"class_list":["post-45","page","type-page","status-publish","hentry"],"_links":{"self":[{"href":"https:\/\/www.easp.es\/web\/bimbela\/wp-json\/wp\/v2\/pages\/45","targetHints":{"allow":["GET"]}}],"collection":[{"href":"https:\/\/www.easp.es\/web\/bimbela\/wp-json\/wp\/v2\/pages"}],"about":[{"href":"https:\/\/www.easp.es\/web\/bimbela\/wp-json\/wp\/v2\/types\/page"}],"author":[{"embeddable":true,"href":"https:\/\/www.easp.es\/web\/bimbela\/wp-json\/wp\/v2\/users\/1"}],"replies":[{"embeddable":true,"href":"https:\/\/www.easp.es\/web\/bimbela\/wp-json\/wp\/v2\/comments?post=45"}],"version-history":[{"count":1,"href":"https:\/\/www.easp.es\/web\/bimbela\/wp-json\/wp\/v2\/pages\/45\/revisions"}],"predecessor-version":[{"id":836,"href":"https:\/\/www.easp.es\/web\/bimbela\/wp-json\/wp\/v2\/pages\/45\/revisions\/836"}],"up":[{"embeddable":true,"href":"https:\/\/www.easp.es\/web\/bimbela\/wp-json\/wp\/v2\/pages\/129"}],"wp:attachment":[{"href":"https:\/\/www.easp.es\/web\/bimbela\/wp-json\/wp\/v2\/media?parent=45"}],"curies":[{"name":"wp","href":"https:\/\/api.w.org\/{rel}","templated":true}]}}