{"id":53,"date":"2011-07-18T21:49:46","date_gmt":"2011-07-18T19:49:46","guid":{"rendered":"http:\/\/bimbela.wordpress.com\/?page_id=53"},"modified":"2017-08-24T13:50:23","modified_gmt":"2017-08-24T13:50:23","slug":"poblacion-general","status":"publish","type":"page","link":"https:\/\/www.easp.es\/web\/bimbela\/recursos\/articulos\/poblacion-general\/","title":{"rendered":"Poblaci\u00f3n general"},"content":{"rendered":"<div>\n<p align=\"justify\"><strong><strong>. Libro<\/strong><\/strong><strong><strong>\u00a0\u00abGimnasia emocional. Pasamos a la acci\u00f3n\u00bb<\/strong><\/strong><\/p>\n<p>Escuela Andaluza de Salud P\u00fablica. 2008<\/p>\n<p>Pedidos a:\u00a0<a href=\"mailto:publicaciones.easp@juntadeandalucia.es\">publicaciones.easp@juntadeandalucia.es.<\/a><\/p>\n<p><a href=\"mailto:publicaciones.easp@juntadeandalucia.es\"><strong>.<\/strong><\/a><strong>\u00a0Libro<\/strong><strong>\u00a0\u00abGimnasia social. La pr\u00e1ctica\u00bb<\/strong><\/p>\n<p>Escuela Andaluza de Salud P\u00fablica. 2009<\/p>\n<p>Pedidos a:\u00a0<a href=\"mailto:publicaciones.easp@juntadeandalucia.es\">publicaciones.easp@juntadeandalucia.es.<\/a><\/p>\n<p><strong><a href=\"http:\/\/campus.easp.es\/bimbela\/ARCHIVOS\/DOLOR-2-JLB2010%202.pdf\"><strong>.<\/strong><\/a><a href=\"https:\/\/bimbela.files.wordpress.com\/2015\/09\/dolor-2-jlb2010-2.pdf\" target=\"_blank\"><strong>\u00a0Art\u00edculo \u00abMisterios de dolor\u00bb<\/strong><\/a><\/strong><\/p>\n<p><em>Bimbela Pedrola JL. Misterios de dolor. Gac Sanit, 2010. doi:10.1016\/j.gaceta.2010.01.006<\/em><\/p>\n<p><small>Art\u00edculo publicado en \u00abGaceta Sanitaria\u00bb en 2010, en el que se relata\u00a0el \u00bb via crucis\u00bb del autor a la hora de intentar tratar sus dolores (f\u00edsicos al principio, y f\u00edsicos, emocionales, y sociales despu\u00e9s) .<\/small><\/p>\n<\/div>\n","protected":false},"excerpt":{"rendered":"<p>. Libro\u00a0\u00abGimnasia emocional. Pasamos a la acci\u00f3n\u00bb Escuela Andaluza de Salud P\u00fablica. 2008 Pedidos a:\u00a0publicaciones.easp@juntadeandalucia.es. .\u00a0Libro\u00a0\u00abGimnasia social. La pr\u00e1ctica\u00bb Escuela Andaluza de Salud P\u00fablica. 2009 Pedidos a:\u00a0publicaciones.easp@juntadeandalucia.es. .\u00a0Art\u00edculo \u00abMisterios de dolor\u00bb Bimbela Pedrola JL. Misterios de dolor. Gac Sanit, 2010. doi:10.1016\/j.gaceta.2010.01.006 Art\u00edculo publicado en \u00abGaceta Sanitaria\u00bb en 2010, en el que se relata\u00a0el \u00bb via &hellip; <a href=\"https:\/\/www.easp.es\/web\/bimbela\/recursos\/articulos\/poblacion-general\/\" class=\"more-link\">Continuar leyendo<span class=\"screen-reader-text\"> \u00abPoblaci\u00f3n general\u00bb<\/span><\/a><\/p>\n","protected":false},"author":1,"featured_media":0,"parent":129,"menu_order":6,"comment_status":"closed","ping_status":"closed","template":"","meta":{"footnotes":""},"class_list":["post-53","page","type-page","status-publish","hentry"],"_links":{"self":[{"href":"https:\/\/www.easp.es\/web\/bimbela\/wp-json\/wp\/v2\/pages\/53","targetHints":{"allow":["GET"]}}],"collection":[{"href":"https:\/\/www.easp.es\/web\/bimbela\/wp-json\/wp\/v2\/pages"}],"about":[{"href":"https:\/\/www.easp.es\/web\/bimbela\/wp-json\/wp\/v2\/types\/page"}],"author":[{"embeddable":true,"href":"https:\/\/www.easp.es\/web\/bimbela\/wp-json\/wp\/v2\/users\/1"}],"replies":[{"embeddable":true,"href":"https:\/\/www.easp.es\/web\/bimbela\/wp-json\/wp\/v2\/comments?post=53"}],"version-history":[{"count":1,"href":"https:\/\/www.easp.es\/web\/bimbela\/wp-json\/wp\/v2\/pages\/53\/revisions"}],"predecessor-version":[{"id":839,"href":"https:\/\/www.easp.es\/web\/bimbela\/wp-json\/wp\/v2\/pages\/53\/revisions\/839"}],"up":[{"embeddable":true,"href":"https:\/\/www.easp.es\/web\/bimbela\/wp-json\/wp\/v2\/pages\/129"}],"wp:attachment":[{"href":"https:\/\/www.easp.es\/web\/bimbela\/wp-json\/wp\/v2\/media?parent=53"}],"curies":[{"name":"wp","href":"https:\/\/api.w.org\/{rel}","templated":true}]}}