{"id":1621,"date":"2020-11-30T14:38:03","date_gmt":"2020-11-30T14:38:03","guid":{"rendered":"https:\/\/www.easp.es\/web\/blogps\/?page_id=1621"},"modified":"2021-02-01T14:25:43","modified_gmt":"2021-02-01T14:25:43","slug":"el-master","status":"publish","type":"page","link":"https:\/\/www.easp.es\/web\/blogps\/el-master\/","title":{"rendered":"M\u00e1ster PSySC"},"content":{"rendered":"<section class=\"wpb-content-wrapper\"><p>[vc_row][vc_column][vc_column_text]<\/p>\n<blockquote><p>El Master de Promoci\u00f3n de la Salud y Salud Comunitaria (MPSySC), es un proyecto acad\u00e9mico que surge de la colaboraci\u00f3n entre la UGR y EASP, integra los conocimientos y las tecnolog\u00edas para las intervenciones efectivas en Promoci\u00f3n de la Salud (PS) y Salud Comunitaria (SC), con un enfoque salutog\u00e9nico orientado hacia los determinantes sociales y basado en el modelo de activos para la salud.<\/p>\n<p>Su prop\u00f3sito es contribuir a la formaci\u00f3n de profesionales para que sean capaces de coordinar, gestionar, intervenir, investigar y evaluar proyectos o acciones de Promoci\u00f3n de la Salud y de Salud Comunitaria, aportando un conocimiento especializado en la materia.<\/p><\/blockquote>\n<p>[\/vc_column_text][\/vc_column][\/vc_row][vc_row][vc_column][vc_tta_accordion style=\u00bboutline\u00bb color=\u00bbblue\u00bb active_section=\u00bb-1&#8243; css_animation=\u00bbslideInUp\u00bb collapsible_all=\u00bbtrue\u00bb][vc_tta_section title=\u00bbObjetivos\u00bb tab_id=\u00bb1607540603193-ecd61b0b-2861&#8243;][vc_column_text]<\/p>\n<ul>\n<li>Integrar en el marco conceptual de PS y SP para contextos diversos el enfoque salutog\u00e9nico y el modelo de activos para la salud.<\/li>\n<li>Abordar el dise\u00f1o, implementaci\u00f3n y evaluaci\u00f3n de intervenciones de PS y SC desde la perspectiva de los determinantes sociales de la salud y de reducci\u00f3n de las desigualdades sociales en salud.<\/li>\n<li>Conocer y adquirir manejo de herramientas para la introducci\u00f3n de la salud y la equidad en salud en la toma de decisiones no sanitarias.<\/li>\n<li>Comprender los conocimientos y las tecnolog\u00edas propias de las intervenciones efectivas en PS y Bienestar en entornos sanitarios, educativos y sociales.<\/li>\n<li>Potenciar la promoci\u00f3n de los activos para la salud ante la salud emocional, las adicciones, la inserci\u00f3n social, la salud reproductiva, la actividad f\u00edsica, la alimentaci\u00f3n saludable y otros temas relacionados con la salud p\u00fablica.<\/li>\n<li>Emplear de manera adecuada los m\u00e9todos y las t\u00e9cnicas de dise\u00f1o, intervenci\u00f3n, identificaci\u00f3n y evaluaci\u00f3n de proyectos relacionados con los retos actuales de la salud p\u00fablica y la promoci\u00f3n de la salud y el bienestar.<\/li>\n<\/ul>\n<p>[\/vc_column_text][\/vc_tta_section][vc_tta_section title=\u00bbDirigido a\u00bb tab_id=\u00bb1607540603212-8f35caaf-2038&#8243;][vc_column_text]El <strong>MPSySC<\/strong> va dirigido a todas las personas interesadas en proyectos de Promoci\u00f3n de la Salud y Salud Comunitaria o que desarrollan actividades sobre los determinantes de la salud de las comunidades, los grupos y las personas en \u00e1mbitos sanitarios, educativos y sociales.[\/vc_column_text][\/vc_tta_section][vc_tta_section title=\u00bbEquipo Docente\u00bb tab_id=\u00bb1607540640299-7937085f-ae58&#8243;][vc_column_text]<\/p>\n<h3><strong>Direcci\u00f3n docente<\/strong><\/h3>\n<p>[\/vc_column_text][vc_row_inner][vc_column_inner width=\u00bb1\/3&#8243;][vc_single_image image=\u00bb10&#8243; alignment=\u00bbcenter\u00bb style=\u00bbvc_box_circle\u00bb onclick=\u00bbcustom_link\u00bb img_link_target=\u00bb_blank\u00bb link=\u00bbhttps:\/\/twitter.com\/marianoh\u00bb][vc_column_text]<\/p>\n<p style=\"text-align: center;\"><strong>Mariano Hern\u00e1n Garc\u00eda<\/strong><\/p>\n<p style=\"text-align: center;\">Escuela Andaluza de Salud P\u00fablica<\/p>\n<p>[\/vc_column_text][\/vc_column_inner][vc_column_inner width=\u00bb1\/3&#8243;][vc_single_image image=\u00bb1656&#8243; alignment=\u00bbcenter\u00bb style=\u00bbvc_box_circle\u00bb onclick=\u00bbcustom_link\u00bb img_link_target=\u00bb_blank\u00bb link=\u00bbhttps:\/\/twitter.com\/almena\u00bb][vc_column_text]<\/p>\n<p style=\"text-align: center;\"><strong>Fernando Trujillo S\u00e1ez<\/strong><\/p>\n<p style=\"text-align: center;\">Universidad de Granada<\/p>\n<p>[\/vc_column_text][\/vc_column_inner][vc_column_inner width=\u00bb1\/3&#8243;][\/vc_column_inner][\/vc_row_inner][vc_column_text]<\/p>\n<h3><strong>Profesorado<\/strong><\/h3>\n<p>El equipo docente de la MPSySC est\u00e1 constituido por profesionales de reconocido prestigio nacional e internacional en el \u00e1mbito de la promoci\u00f3n de la salud y la salud comunitaria. [\/vc_column_text][\/vc_tta_section][\/vc_tta_accordion][\/vc_column][\/vc_row][vc_row][vc_column][vc_empty_space height=\u00bb50px\u00bb][\/vc_column][\/vc_row][vc_row][vc_column width=\u00bb1\/3&#8243;][\/vc_column][vc_column width=\u00bb1\/3&#8243;][\/vc_column][vc_column width=\u00bb1\/3&#8243;][\/vc_column][\/vc_row][vc_row][vc_column][\/vc_column][\/vc_row][vc_row][vc_column][vc_empty_space height=\u00bb50px\u00bb][\/vc_column][\/vc_row][vc_row][vc_column css_animation=\u00bbflipInX\u00bb offset=\u00bbvc_hidden-lg vc_hidden-md vc_hidden-sm vc_hidden-xs\u00bb][vc_column_text]<\/p>\n<h3><strong>Nuestros alumnos opinan<\/strong><\/h3>\n<p>[\/vc_column_text][dt_testimonials_carousel dis_posts_total=\u00bb\u00bb content_layout=\u00bblayout_6&#8243; img_max_width=\u00bb80px\u00bb img_border_radius=\u00bb500px\u00bb slides_on_wide_desk=\u00bb2&#8243; slides_on_desk=\u00bb2&#8243; slides_on_lapt=\u00bb2&#8243; post_title_bottom_margin=\u00bb0px\u00bb content_bottom_margin=\u00bb0px\u00bb arrow_bg_width=\u00bb36x\u00bb arrow_border_width=\u00bb0px\u00bb r_arrow_icon_paddings=\u00bb0px 0px 0px 0px\u00bb r_arrow_v_offset=\u00bb0px\u00bb l_arrow_icon_paddings=\u00bb0px 0px 0px 0px\u00bb l_arrow_v_offset=\u00bb0px\u00bb category=\u00bb139&#8243;][\/vc_column][\/vc_row]<\/p>\n<\/section>","protected":false},"excerpt":{"rendered":"<p>[vc_row][vc_column][vc_column_text] El Master de Promoci\u00f3n de la Salud y Salud Comunitaria (MPSySC), es un proyecto acad\u00e9mico que surge de la colaboraci\u00f3n entre la UGR y EASP, integra los conocimientos y las tecnolog\u00edas para las intervenciones efectivas en Promoci\u00f3n de la Salud (PS) y Salud Comunitaria (SC), con un enfoque salutog\u00e9nico orientado hacia los determinantes sociales&hellip;<\/p>\n","protected":false},"author":7,"featured_media":0,"parent":0,"menu_order":0,"comment_status":"closed","ping_status":"closed","template":"","meta":[],"class_list":["post-1621","page","type-page","status-publish","hentry","description-off"],"_links":{"self":[{"href":"https:\/\/www.easp.es\/web\/blogps\/wp-json\/wp\/v2\/pages\/1621","targetHints":{"allow":["GET"]}}],"collection":[{"href":"https:\/\/www.easp.es\/web\/blogps\/wp-json\/wp\/v2\/pages"}],"about":[{"href":"https:\/\/www.easp.es\/web\/blogps\/wp-json\/wp\/v2\/types\/page"}],"author":[{"embeddable":true,"href":"https:\/\/www.easp.es\/web\/blogps\/wp-json\/wp\/v2\/users\/7"}],"replies":[{"embeddable":true,"href":"https:\/\/www.easp.es\/web\/blogps\/wp-json\/wp\/v2\/comments?post=1621"}],"version-history":[{"count":22,"href":"https:\/\/www.easp.es\/web\/blogps\/wp-json\/wp\/v2\/pages\/1621\/revisions"}],"predecessor-version":[{"id":1690,"href":"https:\/\/www.easp.es\/web\/blogps\/wp-json\/wp\/v2\/pages\/1621\/revisions\/1690"}],"wp:attachment":[{"href":"https:\/\/www.easp.es\/web\/blogps\/wp-json\/wp\/v2\/media?parent=1621"}],"curies":[{"name":"wp","href":"https:\/\/api.w.org\/{rel}","templated":true}]}}