{"id":272,"date":"2022-07-20T18:50:47","date_gmt":"2022-07-20T18:50:47","guid":{"rendered":"https:\/\/www.easp.es\/web\/formacionsaludmental\/?page_id=272"},"modified":"2022-08-21T16:13:17","modified_gmt":"2022-08-21T15:13:17","slug":"aviso-legal-y-privacidad","status":"publish","type":"page","link":"https:\/\/www.easp.es\/web\/formacionenfermeraespecilistasaludmental\/aviso-legal-y-privacidad\/","title":{"rendered":"Aviso legal y privacidad"},"content":{"rendered":"\r\n<h2>Pol\u00edtica de Privacidad<\/h2>\r\n<h3>\u00bfQui\u00e9n es el Responsable del tratamiento de sus datos?<\/h3>\r\n<p>Identidad: Escuela Andaluza de Salud P\u00fablica S.A. Dir. Postal: Calle Cuesta del Observatorio 4, 18011 \u2013 Granada, Espa\u00f1a Tel\u00e9fono: +34 958 027 400 Correo electr\u00f3nico:\u00a0<a href=\"mailto:protecciondedatos.easp@juntadeandalucia.es\">protecciondedatos.easp@juntadeandalucia.es<\/a> Delegado de Protecci\u00f3n de Datos:\u00a0<a href=\"mailto:dpd.csalud@juntadeandalucia.es\">dpd.csalud@juntadeandalucia.es<\/a> \u00a0<\/p>\r\n<h3>\u00bfQui\u00e9n es Delegado de Protecci\u00f3n de Datos de la Escuela Andaluza de Salud P\u00fablica \u00a0y c\u00f3mo te puedes poner en contacto con \u00e9l?<\/h3>\r\n<p>El Delegado de Protecci\u00f3n de Datos es la persona encargada de proteger el derecho fundamental a la protecci\u00f3n de datos personales en la EASP y se encarga del cumplimiento de la normativa de protecci\u00f3n de datos. Podr\u00e1s contactar con el Delegado de Protecci\u00f3n de Datos de la Escuela Andaluza de Salud P\u00fablica en la siguiente direcci\u00f3n:\u00a0<a href=\"mailto:dpo.sspa@juntadeandalucia.es\">dpd.csalud@juntadeandalucia.es<\/a> \u00a0<\/p>\r\n<h3>\u00bfPara qu\u00e9 utilizamos tus datos personales?<\/h3>\r\n<p>En la Escuela Andaluza de Salud P\u00fablica tratamos la informaci\u00f3n que nos faciliten las personas interesadas con varios fines. <strong>A) Alumnado de cursos y otras actividades EASP que requieren preinscripci\u00f3n<\/strong> Si has realizado la preinscripci\u00f3n para un curso o actividad en la EASP, solo te enviaremos informaci\u00f3n por correo electr\u00f3nico o te llamaremos por tel\u00e9fono para\u00a0 cuestiones de selecci\u00f3n y de tu participaci\u00f3n en la actividad. <strong>B) Im\u00e1genes tomadas en el marco de una actividad de la EASP<\/strong> La finalidad de las im\u00e1genes tomadas en el marco de una actividad de la EASP ser\u00e1 la de realizar una labor promocional y divulgativa. \u00a0<\/p>\r\n<h3>\u00bfPor cu\u00e1nto tiempo conservaremos tus datos?<\/h3>\r\n<p>Los datos proporcionados se conservar\u00e1n mientras no se solicite su supresi\u00f3n por el interesado y mientras la legalidad vigente nos lo permita. \u00a0<\/p>\r\n<h3>\u00bfA qui\u00e9n comunicaremos tus datos?<\/h3>\r\n<p>La Escuela Andaluza de Salud P\u00fablica no ceder\u00e1 tus datos personales a terceros, salvo que estemos obligados por una ley. En el caso de que hayas pedido que tu actividad sea financiada, le comunicaremos tus datos b\u00e1sicos a la entidad financiadora. En el caso de que tu actividad est\u00e9 acreditada por la ACSA (Agencia de Calidad Sanitaria de Andaluc\u00eda), \u00e9sta podr\u00e1 acceder a tus datos b\u00e1sicos de la plataforma online de esa actividad. \u00a0<\/p>\r\n<h3>\u00bfCu\u00e1les son tus derechos cuando nos facilitas tus datos?<\/h3>\r\n<ul>\r\n<li>Cualquier persona tiene derecho a obtener confirmaci\u00f3n sobre si en la Escuela Andaluza de Salud P\u00fablica estamos tratando datos personales que les conciernan, o no.<\/li>\r\n<li>Las personas interesadas tienen derecho a acceder a sus datos personales, as\u00ed como a solicitar la rectificaci\u00f3n de los datos inexactos o, en su caso, solicitar la supresi\u00f3n cuando, entre otros motivos, los datos ya no sean necesarios para los fines que fueron recogidos.<\/li>\r\n<li>En determinadas circunstancias y por motivos relacionados con su situaci\u00f3n particular, los interesados podr\u00e1n oponerse al tratamiento de sus datos. La Escuela Andaluza de Salud P\u00fablica dejar\u00e1 de tratar los datos, salvo por motivos leg\u00edtimos imperiosos, o el ejercicio o defensa de posibles reclamaciones.<\/li>\r\n<li>Las personas interesadas podr\u00e1n recibir, en formato electr\u00f3nico, los datos personales que nos haya facilitado.<\/li>\r\n<\/ul>\r\n<p>Puedes ejercer tus derechos a trav\u00e9s de:<\/p>\r\n<ul>\r\n<li>protecciondedatos.easp@juntadeandalucia.es<\/li>\r\n<li>Escuela Andaluza de Salud P\u00fablica, Calle cuesta de Observatorio 4, 18011 \u2013 Granada, Espa\u00f1a<\/li>\r\n<\/ul>\r\n<p>Para ejercitar tus derechos acompa\u00f1a a tu solicitud una copia de tu DNI o documento equivalente acreditativo de tu identidad. El ejercicio de estos derechos es gratuito. Si consideras que no hemos tratado tus datos personales de acuerdo con la normativa, puedes contactar con el Delegado de Protecci\u00f3n de Datos en la direcci\u00f3n\u00a0<a href=\"mailto:dpd.csalud@juntadeandalucia.es\">dpd.csalud@juntadeandalucia.es<\/a>. No obstante, podr\u00e1s presentar una reclamaci\u00f3n ante la Agencia Espa\u00f1ola de Protecci\u00f3n de Datos (www.agpd.es).<\/p>\r\n<p>&nbsp;<\/p>\r\n<h2>Informaci\u00f3n Legal<\/h2>\r\n<p>La Escuela Andaluza de Salud P\u00fablica (en adelante EASP), en cumplimiento de lo dispuesto en el art\u00edculo 10 de la Ley 34\/2002, de 11 de julio, de Servicios de la Sociedad de la Informaci\u00f3n y Comercio Electr\u00f3nico (LSSICE), pone a disposici\u00f3n del p\u00fablico, sus datos identificativos.<\/p>\r\n<p>Denominaci\u00f3n social: Escuela Andaluza de Salud P\u00fablica S.A.<br \/>Domicilio social: Calle Cuesta del Observatorio 4, Granada. Espa\u00f1a<br \/>Tel\u00e9fono: +34 958 027 400<\/p>\r\n<p>NIF: A18049635<br \/>Email: comunicacion.easp@juntadeandalucia.es<\/p>\r\n<p>Datos de inscripci\u00f3n en el registro mercantil: Registro Mercantil de Granada, Folio 69, Tomo 611 de sociedades, Hoja GR-6943, Inscripci\u00f3n sexta.<\/p>\r\n<p>Todas las p\u00e1ginas webs bajo los dominios easp.es y easp.edu.es son propiedad de la EASP.<\/p>\r\n<p>&nbsp;<\/p>\r\n<h2>Cookies<\/h2>\r\n<p class=\"\">A trav\u00e9s de este sitio web no se recaban datos de car\u00e1cter personal de los usuarios sin su conocimiento, ni se ceden a terceros.<\/p>\r\n<p class=\"\">Con la finalidad de ofrecerle el mejor servicio y con el objeto de facilitar el uso, se analizan el n\u00famero de p\u00e1ginas visitadas, el n\u00famero de visitas, as\u00ed como la actividad de los visitantes y su frecuencia de utilizaci\u00f3n. A estos efectos, la EASP utiliza la informaci\u00f3n estad\u00edstica elaborada por el Proveedor de Servicios de Internet.<\/p>\r\n<p>La EASP no utiliza cookies para recoger informaci\u00f3n de los usuarios, ni registra las direcciones IP de acceso. \u00danicamente se utilizan cookies propias, de sesi\u00f3n, con finalidad t\u00e9cnica (aquellas que permiten al usuario la navegaci\u00f3n a trav\u00e9s del sitio web y la utilizaci\u00f3n de las diferentes opciones y servicios que en ella existen).<\/p>\r\n<p>Los portales de los que son titulares la EASP contienen enlaces a sitios web de terceros, cuyas pol\u00edticas de privacidad son ajenas a la de la EASP. Al acceder a tales sitios web usted puede decidir si acepta sus pol\u00edticas de privacidad y de cookies. Con car\u00e1cter general, si navega por internet usted puede aceptar o rechazar las cookies de terceros desde las opciones de configuraci\u00f3n de su navegador.<\/p>\r\n<h2>\u00a0<\/h2>\r\n<h2>Propiedad Intelectual<\/h2>\r\n<p>Los contenidos de nuestras p\u00e1ginas webs, por ejemplo textos, im\u00e1genes, gr\u00e1ficos o c\u00f3digo fuente, est\u00e1n protegidos por derechos de propiedad intelectual e industrial.<\/p>\r\n<p>Tales contenidos no podr\u00e1n ser por ejemplo reproducidos o transformados sin el permiso previo y expl\u00edcito de la EASP.<\/p>\r\n<p>La EASP cuenta con una licencia legal de CEDRO que permite el uso de los textos (art\u00edculos, cap\u00edtulos de libros, etc.) por el alumnado en el \u00e1mbito cerrado y privado de esta actividad docente. El alumnado no puede distribuirlo, difundirlo, ni utilizarlo para otros prop\u00f3sitos.<\/p>\r\n<p>Todos los materiales audiovisuales utilizados en esta obra son propiedad de sus respectivos autores.<\/p>\r\n","protected":false},"excerpt":{"rendered":"<p>Pol\u00edtica de Privacidad \u00bfQui\u00e9n es el Responsable del tratamiento de sus datos? Identidad: Escuela Andaluza de Salud P\u00fablica S.A. Dir. Postal: Calle Cuesta del Observatorio 4, 18011 \u2013 Granada, Espa\u00f1a Tel\u00e9fono: +34 958 027 400 Correo electr\u00f3nico:\u00a0protecciondedatos.easp@juntadeandalucia.es Delegado de Protecci\u00f3n de Datos:\u00a0dpd.csalud@juntadeandalucia.es \u00a0 \u00bfQui\u00e9n es Delegado de Protecci\u00f3n de Datos de la Escuela Andaluza de [&hellip;]<\/p>\n","protected":false},"author":75,"featured_media":0,"parent":0,"menu_order":0,"comment_status":"closed","ping_status":"closed","template":"","meta":{"footnotes":""},"class_list":["post-272","page","type-page","status-publish","hentry"],"_links":{"self":[{"href":"https:\/\/www.easp.es\/web\/formacionenfermeraespecilistasaludmental\/wp-json\/wp\/v2\/pages\/272","targetHints":{"allow":["GET"]}}],"collection":[{"href":"https:\/\/www.easp.es\/web\/formacionenfermeraespecilistasaludmental\/wp-json\/wp\/v2\/pages"}],"about":[{"href":"https:\/\/www.easp.es\/web\/formacionenfermeraespecilistasaludmental\/wp-json\/wp\/v2\/types\/page"}],"author":[{"embeddable":true,"href":"https:\/\/www.easp.es\/web\/formacionenfermeraespecilistasaludmental\/wp-json\/wp\/v2\/users\/75"}],"replies":[{"embeddable":true,"href":"https:\/\/www.easp.es\/web\/formacionenfermeraespecilistasaludmental\/wp-json\/wp\/v2\/comments?post=272"}],"version-history":[{"count":4,"href":"https:\/\/www.easp.es\/web\/formacionenfermeraespecilistasaludmental\/wp-json\/wp\/v2\/pages\/272\/revisions"}],"predecessor-version":[{"id":701,"href":"https:\/\/www.easp.es\/web\/formacionenfermeraespecilistasaludmental\/wp-json\/wp\/v2\/pages\/272\/revisions\/701"}],"wp:attachment":[{"href":"https:\/\/www.easp.es\/web\/formacionenfermeraespecilistasaludmental\/wp-json\/wp\/v2\/media?parent=272"}],"curies":[{"name":"wp","href":"https:\/\/api.w.org\/{rel}","templated":true}]}}