{"id":676,"date":"2024-02-02T19:30:59","date_gmt":"2024-02-02T18:30:59","guid":{"rendered":"https:\/\/www.easp.es\/web\/formacionsaludmental\/?page_id=676"},"modified":"2025-08-07T17:49:39","modified_gmt":"2025-08-07T16:49:39","slug":"inscripcion","status":"publish","type":"page","link":"https:\/\/www.easp.es\/web\/formacionenfermeraespecilistasaludmental\/inscripcion\/","title":{"rendered":"Inscripci\u00f3n"},"content":{"rendered":"\t\t<div data-elementor-type=\"wp-page\" data-elementor-id=\"676\" class=\"elementor elementor-676\">\n\t\t\t\t\t\t<section class=\"elementor-section elementor-top-section elementor-element elementor-element-07d78fb elementor-section-height-min-height elementor-section-items-top elementor-section-content-top elementor-section-boxed elementor-section-height-default\" data-id=\"07d78fb\" data-element_type=\"section\" data-e-type=\"section\" data-settings=\"{&quot;background_background&quot;:&quot;classic&quot;,&quot;shape_divider_bottom&quot;:&quot;tilt&quot;,&quot;background_motion_fx_motion_fx_scrolling&quot;:&quot;yes&quot;,&quot;background_motion_fx_translateX_effect&quot;:&quot;yes&quot;,&quot;background_motion_fx_translateX_direction&quot;:&quot;negative&quot;,&quot;background_motion_fx_translateX_speed&quot;:{&quot;unit&quot;:&quot;px&quot;,&quot;size&quot;:4,&quot;sizes&quot;:[]},&quot;background_motion_fx_translateX_affectedRange&quot;:{&quot;unit&quot;:&quot;%&quot;,&quot;size&quot;:&quot;&quot;,&quot;sizes&quot;:{&quot;start&quot;:0,&quot;end&quot;:100}},&quot;background_motion_fx_devices&quot;:[&quot;desktop&quot;,&quot;tablet&quot;,&quot;mobile&quot;]}\">\n\t\t\t\t\t<div class=\"elementor-shape elementor-shape-bottom\" aria-hidden=\"true\" data-negative=\"false\">\n\t\t\t<svg xmlns=\"http:\/\/www.w3.org\/2000\/svg\" viewBox=\"0 0 1000 100\" preserveAspectRatio=\"none\">\n\t<path class=\"elementor-shape-fill\" d=\"M0,6V0h1000v100L0,6z\"\/>\n<\/svg>\t\t<\/div>\n\t\t\t\t\t<div class=\"elementor-container elementor-column-gap-default\">\n\t\t\t\t\t<div class=\"elementor-column elementor-col-50 elementor-top-column elementor-element elementor-element-1a337c1\" data-id=\"1a337c1\" data-element_type=\"column\" data-e-type=\"column\">\n\t\t\t<div class=\"elementor-widget-wrap elementor-element-populated\">\n\t\t\t\t\t\t<div class=\"elementor-element elementor-element-5eac268 elementor-widget elementor-widget-heading\" data-id=\"5eac268\" data-element_type=\"widget\" data-e-type=\"widget\" data-widget_type=\"heading.default\">\n\t\t\t\t<div class=\"elementor-widget-container\">\n\t\t\t\t\t<h2 class=\"elementor-heading-title elementor-size-default\">Programa Formativo <br \/>2025<\/h2>\t\t\t\t<\/div>\n\t\t\t\t<\/div>\n\t\t\t\t\t<\/div>\n\t\t<\/div>\n\t\t\t\t<div class=\"elementor-column elementor-col-50 elementor-top-column elementor-element elementor-element-edcb0b5\" data-id=\"edcb0b5\" data-element_type=\"column\" data-e-type=\"column\">\n\t\t\t<div class=\"elementor-widget-wrap elementor-element-populated\">\n\t\t\t\t\t\t<div class=\"elementor-element elementor-element-90c5aa4 elementor-widget__width-initial elementor-widget elementor-widget-heading\" data-id=\"90c5aa4\" data-element_type=\"widget\" data-e-type=\"widget\" data-widget_type=\"heading.default\">\n\t\t\t\t<div class=\"elementor-widget-container\">\n\t\t\t\t\t<h3 class=\"elementor-heading-title elementor-size-default\">Avances en Pr\u00e1cticas Profesionales de las Enfermeras Especialistas en Salud Mental<\/h3>\t\t\t\t<\/div>\n\t\t\t\t<\/div>\n\t\t\t\t\t<\/div>\n\t\t<\/div>\n\t\t\t\t\t<\/div>\n\t\t<\/section>\n\t\t\t\t<section class=\"elementor-section elementor-top-section elementor-element elementor-element-b337b8c elementor-section-boxed elementor-section-height-default elementor-section-height-default\" data-id=\"b337b8c\" data-element_type=\"section\" data-e-type=\"section\" data-settings=\"{&quot;background_background&quot;:&quot;classic&quot;}\">\n\t\t\t\t\t\t<div class=\"elementor-container elementor-column-gap-default\">\n\t\t\t\t\t<div class=\"elementor-column elementor-col-100 elementor-top-column elementor-element elementor-element-6ca1e78\" data-id=\"6ca1e78\" data-element_type=\"column\" data-e-type=\"column\">\n\t\t\t<div class=\"elementor-widget-wrap elementor-element-populated\">\n\t\t\t\t\t\t<section class=\"elementor-section elementor-inner-section elementor-element elementor-element-43e2373 elementor-section-boxed elementor-section-height-default elementor-section-height-default\" data-id=\"43e2373\" data-element_type=\"section\" data-e-type=\"section\" data-settings=\"{&quot;background_background&quot;:&quot;classic&quot;}\">\n\t\t\t\t\t\t<div class=\"elementor-container elementor-column-gap-default\">\n\t\t\t\t\t<div class=\"elementor-column elementor-col-100 elementor-inner-column elementor-element elementor-element-99e15f6\" data-id=\"99e15f6\" data-element_type=\"column\" data-e-type=\"column\">\n\t\t\t<div class=\"elementor-widget-wrap elementor-element-populated\">\n\t\t\t\t\t\t<div class=\"elementor-element elementor-element-c988276 elementor-widget elementor-widget-heading\" data-id=\"c988276\" data-element_type=\"widget\" data-e-type=\"widget\" data-widget_type=\"heading.default\">\n\t\t\t\t<div class=\"elementor-widget-container\">\n\t\t\t\t\t<h2 class=\"elementor-heading-title elementor-size-default\">Instrucciones de inscripci\u00f3n<\/h2>\t\t\t\t<\/div>\n\t\t\t\t<\/div>\n\t\t\t\t<div class=\"elementor-element elementor-element-59d6482 elementor-widget elementor-widget-text-editor\" data-id=\"59d6482\" data-element_type=\"widget\" data-e-type=\"widget\" data-widget_type=\"text-editor.default\">\n\t\t\t\t<div class=\"elementor-widget-container\">\n\t\t\t\t\t\t\t\t\t<p style=\"font-weight: 400;\">S\u00f3lo pueden acceder a los cursos profesionales con Titulaci\u00f3n de Enfermera Especialista en Salud Mental, y con contrato en vigor en cualquier servicio del Sistema Sanitario P\u00fablico de Andaluc\u00eda.<\/p><p style=\"font-weight: 400;\">La oferta de plazas de este Programa Formativo es limitada: <strong>40 plazas por curso.\u00a0<\/strong><\/p><p style=\"font-weight: 400;\">Se realizar\u00e1 una selecci\u00f3n de las solicitudes de inscripci\u00f3n recibidas. Se adjudicar\u00e1n las plazas atendiendo a la PRIORIDAD manifestada en la solicitud y a la AFINIDAD de la tem\u00e1tica del curso con su \u00e1rea de desempe\u00f1o profesional.<\/p><p style=\"font-weight: 400;\"><strong>MUY IMPORTANTE: ACTUALIZAR LA INFORMACI\u00d3N (puesto de trabajo, centro \u2013 indique dispositivo \u2013 , titulaci\u00f3n y t\u00edtulo de formaci\u00f3n sanitaria especializada, indicando la especialidad de Salud Mental), ya que se precisa la autorizaci\u00f3n del CENTRO EN EL QUE EST\u00c1 CONTRATADO\/A EN ESE MOMENTO.<\/strong><\/p>\t\t\t\t\t\t\t\t<\/div>\n\t\t\t\t<\/div>\n\t\t\t\t<section class=\"elementor-section elementor-inner-section elementor-element elementor-element-6408002 elementor-section-boxed elementor-section-height-default elementor-section-height-default\" data-id=\"6408002\" data-element_type=\"section\" data-e-type=\"section\">\n\t\t\t\t\t\t<div class=\"elementor-container elementor-column-gap-default\">\n\t\t\t\t\t<div class=\"elementor-column elementor-col-100 elementor-inner-column elementor-element elementor-element-4550681\" data-id=\"4550681\" data-element_type=\"column\" data-e-type=\"column\">\n\t\t\t<div class=\"elementor-widget-wrap elementor-element-populated\">\n\t\t\t\t\t\t<div class=\"elementor-element elementor-element-0908ea5 elementor-align-center elementor-widget elementor-widget-button\" data-id=\"0908ea5\" data-element_type=\"widget\" data-e-type=\"widget\" data-widget_type=\"button.default\">\n\t\t\t\t<div class=\"elementor-widget-container\">\n\t\t\t\t\t\t\t\t\t<div class=\"elementor-button-wrapper\">\n\t\t\t\t\t<a class=\"elementor-button elementor-button-link elementor-size-xl\" href=\"https:\/\/easp.ws\/c\/DGTUJV\" target=\"_blank\">\n\t\t\t\t\t\t<span class=\"elementor-button-content-wrapper\">\n\t\t\t\t\t\t<span class=\"elementor-button-icon\">\n\t\t\t\t<i aria-hidden=\"true\" class=\"fas fa-file-invoice\"><\/i>\t\t\t<\/span>\n\t\t\t\t\t\t\t\t\t<span class=\"elementor-button-text\">SOLICITUD<\/span>\n\t\t\t\t\t<\/span>\n\t\t\t\t\t<\/a>\n\t\t\t\t<\/div>\n\t\t\t\t\t\t\t\t<\/div>\n\t\t\t\t<\/div>\n\t\t\t\t\t<\/div>\n\t\t<\/div>\n\t\t\t\t\t<\/div>\n\t\t<\/section>\n\t\t\t\t\t<\/div>\n\t\t<\/div>\n\t\t\t\t\t<\/div>\n\t\t<\/section>\n\t\t\t\t\t<\/div>\n\t\t<\/div>\n\t\t\t\t\t<\/div>\n\t\t<\/section>\n\t\t\t\t<\/div>\n\t\t","protected":false},"excerpt":{"rendered":"<p>Programa Formativo 2025 Avances en Pr\u00e1cticas Profesionales de las Enfermeras Especialistas en Salud Mental Instrucciones de inscripci\u00f3n S\u00f3lo pueden acceder a los cursos profesionales con Titulaci\u00f3n de Enfermera Especialista en Salud Mental, y con contrato en vigor en cualquier servicio del Sistema Sanitario P\u00fablico de Andaluc\u00eda. La oferta de plazas de este Programa Formativo es [&hellip;]<\/p>\n","protected":false},"author":1,"featured_media":0,"parent":0,"menu_order":0,"comment_status":"closed","ping_status":"closed","template":"","meta":{"footnotes":""},"class_list":["post-676","page","type-page","status-publish","hentry"],"_links":{"self":[{"href":"https:\/\/www.easp.es\/web\/formacionenfermeraespecilistasaludmental\/wp-json\/wp\/v2\/pages\/676","targetHints":{"allow":["GET"]}}],"collection":[{"href":"https:\/\/www.easp.es\/web\/formacionenfermeraespecilistasaludmental\/wp-json\/wp\/v2\/pages"}],"about":[{"href":"https:\/\/www.easp.es\/web\/formacionenfermeraespecilistasaludmental\/wp-json\/wp\/v2\/types\/page"}],"author":[{"embeddable":true,"href":"https:\/\/www.easp.es\/web\/formacionenfermeraespecilistasaludmental\/wp-json\/wp\/v2\/users\/1"}],"replies":[{"embeddable":true,"href":"https:\/\/www.easp.es\/web\/formacionenfermeraespecilistasaludmental\/wp-json\/wp\/v2\/comments?post=676"}],"version-history":[{"count":69,"href":"https:\/\/www.easp.es\/web\/formacionenfermeraespecilistasaludmental\/wp-json\/wp\/v2\/pages\/676\/revisions"}],"predecessor-version":[{"id":1344,"href":"https:\/\/www.easp.es\/web\/formacionenfermeraespecilistasaludmental\/wp-json\/wp\/v2\/pages\/676\/revisions\/1344"}],"wp:attachment":[{"href":"https:\/\/www.easp.es\/web\/formacionenfermeraespecilistasaludmental\/wp-json\/wp\/v2\/media?parent=676"}],"curies":[{"name":"wp","href":"https:\/\/api.w.org\/{rel}","templated":true}]}}