{"id":100,"date":"2021-09-02T12:41:42","date_gmt":"2021-09-02T12:41:42","guid":{"rendered":"https:\/\/www.easp.es\/web\/geneida\/?page_id=100"},"modified":"2023-12-12T14:00:18","modified_gmt":"2023-12-12T12:00:18","slug":"descripcion-del-seguimiento","status":"publish","type":"page","link":"https:\/\/www.easp.es\/web\/geneida\/descripcion-general\/descripcion-del-seguimiento\/","title":{"rendered":"Descripci\u00f3n del seguimiento"},"content":{"rendered":"<section class=\"wpb-content-wrapper\"><p>[vc_row][vc_column][vc_column_text]<b>\u00bfEn qu\u00e9 consiste nuestro seguimiento? \u00bfQu\u00e9 etapas comprende nuestro seguimiento?<\/b><\/p>\n<p><span style=\"font-weight: 400\">Las mujeres que cumplen con los anteriores criterios de inclusi\u00f3n son invitadas por los ginec\u00f3logos del Hospital de Poniente a formar parte de la cohorte GENEIDA en la primera visita del programa de seguimiento del embarazo del Sistema Sanitario P\u00fablico de Andaluc\u00eda (semanas 12-14 de gestaci\u00f3n). Estas mujeres son posteriormente seguidas por el equipo investigador del estudio en cada trimestre de embarazo. En cada una de estas visitas del seguimiento se recoge informaci\u00f3n sobre la evoluci\u00f3n del embarazo a partir de las ecograf\u00edas, as\u00ed como datos sobre exposiciones ambientales y ocupacionales, estilos de vida, dieta etc. Tambi\u00e9n se toman muestras biol\u00f3gicas de sangre, orina, pelo, u\u00f1as y heces. En el momento del parto se toman muestras de placenta y sangre de cord\u00f3n umbilical, as\u00ed como medidas antropom\u00e9tricas del reci\u00e9n nacido. Las siguientes visitas del seguimiento de los ni\u00f1os y ni\u00f1as tienen lugar a los 12 y 24 meses, y a los 4 y 8 a\u00f1os de edad, en las que son evaluados por pediatras y psic\u00f3logos con el objeto de evaluar su desarrollo f\u00edsico y psicol\u00f3gico.\u00a0<\/span><\/p>\n<p><span style=\"font-weight: 400\">El seguimiento de las 800 mujeres embarazadas que forman parte de la cohorte GENEIDA ha tenido lugar entre abril de 2014 y noviembre de 2017. Actualmente est\u00e1 en marcha el seguimiento de los ni\u00f1os y ni\u00f1as de 12, 24 y 48 meses de edad, con m\u00e1s de 600, 400 y 200 ni\u00f1os y ni\u00f1as evaluados a estas edades, respectivamente. El proceso de seguimiento correspondiente a los 8 a\u00f1os de edad se inici\u00f3 en octubre de 2022.\u00a0\u00a0<\/span>[\/vc_column_text][\/vc_column][\/vc_row]<\/p>\n<\/section>","protected":false},"excerpt":{"rendered":"<p>[vc_row][vc_column][vc_column_text]\u00bfEn qu\u00e9 consiste nuestro seguimiento? \u00bfQu\u00e9 etapas comprende nuestro seguimiento? Las mujeres que cumplen con los anteriores criterios de inclusi\u00f3n son invitadas por los ginec\u00f3logos del Hospital de Poniente a [&hellip;]<\/p>\n","protected":false},"author":135,"featured_media":0,"parent":30,"menu_order":1,"comment_status":"closed","ping_status":"closed","template":"","meta":{"footnotes":""},"class_list":["post-100","page","type-page","status-publish","hentry"],"_links":{"self":[{"href":"https:\/\/www.easp.es\/web\/geneida\/wp-json\/wp\/v2\/pages\/100","targetHints":{"allow":["GET"]}}],"collection":[{"href":"https:\/\/www.easp.es\/web\/geneida\/wp-json\/wp\/v2\/pages"}],"about":[{"href":"https:\/\/www.easp.es\/web\/geneida\/wp-json\/wp\/v2\/types\/page"}],"author":[{"embeddable":true,"href":"https:\/\/www.easp.es\/web\/geneida\/wp-json\/wp\/v2\/users\/135"}],"replies":[{"embeddable":true,"href":"https:\/\/www.easp.es\/web\/geneida\/wp-json\/wp\/v2\/comments?post=100"}],"version-history":[{"count":4,"href":"https:\/\/www.easp.es\/web\/geneida\/wp-json\/wp\/v2\/pages\/100\/revisions"}],"predecessor-version":[{"id":339,"href":"https:\/\/www.easp.es\/web\/geneida\/wp-json\/wp\/v2\/pages\/100\/revisions\/339"}],"up":[{"embeddable":true,"href":"https:\/\/www.easp.es\/web\/geneida\/wp-json\/wp\/v2\/pages\/30"}],"wp:attachment":[{"href":"https:\/\/www.easp.es\/web\/geneida\/wp-json\/wp\/v2\/media?parent=100"}],"curies":[{"name":"wp","href":"https:\/\/api.w.org\/{rel}","templated":true}]}}