{"id":141,"date":"2021-09-03T10:27:26","date_gmt":"2021-09-03T10:27:26","guid":{"rendered":"https:\/\/www.easp.es\/web\/geneida\/?page_id=141"},"modified":"2023-12-12T13:32:16","modified_gmt":"2023-12-12T11:32:16","slug":"publicaciones","status":"publish","type":"page","link":"https:\/\/www.easp.es\/web\/geneida\/publicaciones\/","title":{"rendered":"Publicaciones"},"content":{"rendered":"<section class=\"wpb-content-wrapper\"><p>[vc_row][vc_column][vc_column_text]Relaci\u00f3n de publicaciones enmarcados en la cohorte GENEIDA:<\/p>\n<ul>\n<li><a href=\"https:\/\/doi.org\/10.1016\/j.envres.2023.116410\">Effect of prenatal exposure to organophosphates and pyrethroid pesticides on neonatal anthropometric measures and gestational age<\/a>. Gimenez-Asensio MJ, Hernandez AF, Romero-Molina D, Gonzalez-Alzaga B, Luzardo OP, Henr\u00edquez-Hern\u00e1ndez LA, Boada LD, Garc\u00eda-Cort\u00e9s H, Lopez-Flores I, Sanchez-Piedra MD, Aguilar-Gardu\u00f1o C, Lacasa\u00f1a M. Environ Res. 2023 Sep 1;232:116410. doi: 10.1016\/j.envres.2023.116410. Epub 2023 Jun 12. PMID: 37315756.<\/li>\n<\/ul>\n<ul>\n<li><a href=\"https:\/\/doi.org\/10.1038\/s42003-022-04267-y\">A meta-analysis of pre-pregnancy maternal body mass index and placental DNA methylation identifies 27 CpG sites with implications for mother-child health<\/a>. Fernandez-Jimenez N, Fore R, Cilleros-Portet A, Lepeule J, Perron P, Kvist T, Tian FY, Lesseur C, Binder AM, Lozano M, Martorell-Marug\u00e1n J, Loke YJ, Bakulski KM, Zhu Y, Forhan A, Sammallahti S, Everson TM, Chen J, Michels KB, Belmonte T, Carmona-S\u00e1ez P, Halliday J, Daniele Fallin M, LaSalle JM, Tost J, Czamara D, Fern\u00e1ndez MF, G\u00f3mez-Mart\u00edn A, Craig JM, Gonzalez-Alzaga B, Schmidt RJ, Dou JF, Muggli E, Lacasa\u00f1a M, Vrijheid M, Marsit CJ, Karagas MR, R\u00e4ikk\u00f6nen K, Bouchard L, Heude B, Santa-Marina L, Bustamante M, Hivert MF, Bilbao JR. Commun Biol. 2022 Nov 30;5(1):1313. doi: 10.1038\/s42003-022-04267-y. PMID: 36446949; PMCID: PMC9709064.<\/li>\n<\/ul>\n<ul>\n<li><a class=\"docsum-title\" href=\"https:\/\/pubmed.ncbi.nlm.nih.gov\/33802362\/\" data-ga-category=\"result_click\" data-ga-action=\"2\" data-ga-label=\"33802362\" data-full-article-url=\"from_term=geneida&amp;from_sort=date&amp;from_pos=2\" data-article-id=\"33802362\">Methylenetetrahydrofolate Reductase (MTHFR) Gene Polymorphism and Infant&#8217;s Anthropometry at Birth.<\/a>\n<div class=\"docsum-citation full-citation\"><span class=\"docsum-authors full-authors\">Aguilar-Lacasa\u00f1a S, L\u00f3pez-Flores I, Gonz\u00e1lez-Alzaga B, Gim\u00e9nez-Asensio MJ, Carmona FD, Hern\u00e1ndez AF, L\u00f3pez Gallego MF, Romero-Molina D, Lacasa\u00f1a M.<\/span><span class=\"docsum-journal-citation full-journal-citation\">Nutrients. 2021 Mar 3;13(3):831. doi: 10.3390\/nu13030831.<\/span><span class=\"citation-part\">PMID:\u00a0<span class=\"docsum-pmid\">33802362<\/span><\/span><span class=\"free-resources spaced-citation-item citation-part\">.<\/span><\/div>\n<\/li>\n<\/ul>\n<ul>\n<li><a class=\"docsum-title\" href=\"https:\/\/pubmed.ncbi.nlm.nih.gov\/34578909\/\" data-ga-category=\"result_click\" data-ga-action=\"1\" data-ga-label=\"34578909\" data-full-article-url=\"from_term=geneida&amp;from_sort=date&amp;from_pos=1\" data-article-id=\"34578909\">Validity and Reproducibility of a Food Frequency Questionnaire to Assess Nutrients Intake of Pregnant Women in the South-East of Spain.<\/a>\n<div class=\"docsum-citation full-citation\"><span class=\"docsum-authors full-authors\">Hinojosa-Nogueira D, Romero-Molina D, Gim\u00e9nez-Asensio MJ, Gonzalez-Alzaga B, Lop\u00e9z-Flores I, Cueva SP, Rufi\u00e1n-Henares J\u00c1, Hern\u00e1ndez AF, Lacasa\u00f1a M.<\/span><span class=\"docsum-journal-citation full-journal-citation\">Nutrients. 2021 Aug 30;13(9):3032. doi: 10.3390\/nu13093032.<\/span><span class=\"citation-part\">PMID:\u00a0<span class=\"docsum-pmid\">34578909<\/span><\/span><span class=\"free-resources spaced-citation-item citation-part\">.<\/span><\/div>\n<\/li>\n<\/ul>\n<ul>\n<li><a class=\"docsum-title\" href=\"https:\/\/pubmed.ncbi.nlm.nih.gov\/34429407\/\" data-ga-category=\"result_click\" data-ga-action=\"1\" data-ga-label=\"34429407\" data-full-article-url=\"from_term=Placental+DNA+methylation+signatures+of+maternal+smoking+&amp;from_pos=1\" data-article-id=\"34429407\">Placental\u00a0DNA\u00a0methylation\u00a0signatures\u00a0of\u00a0maternal\u00a0smoking\u00a0during pregnancy and potential impacts on fetal growth.<\/a>\n<div class=\"docsum-citation full-citation\"><span class=\"docsum-authors full-authors\">Everson TM, Vives-Usano M, Seyve E, Cardenas A, Lacasa\u00f1a M, Craig JM, Lesseur C, Baker ER, Fernandez-Jimenez N, Heude B, Perron P, G\u00f3nzalez-Alzaga B, Halliday J, Deyssenroth MA, Karagas MR, \u00cd\u00f1iguez C, Bouchard L, Carmona-S\u00e1ez P, Loke YJ, Hao K, Belmonte T, Charles MA, Martorell-Marug\u00e1n J, Muggli E, Chen J, Fern\u00e1ndez MF, Tost J, G\u00f3mez-Mart\u00edn A, London SJ, Sunyer J, Marsit CJ, Lepeule J, Hivert MF, Bustamante M.<\/span><span class=\"docsum-journal-citation full-journal-citation\">Nat Commun. 2021 Aug 24;12(1):5095. doi: 10.1038\/s41467-021-24558-y.<\/span><span class=\"citation-part\">PMID:\u00a0<span class=\"docsum-pmid\">34429407<\/span><\/span><span class=\"free-resources spaced-citation-item citation-part\">.<\/span><\/div>\n<\/li>\n<\/ul>\n<p>[\/vc_column_text][\/vc_column][\/vc_row]<\/p>\n<\/section>","protected":false},"excerpt":{"rendered":"<p>[vc_row][vc_column][vc_column_text]Relaci\u00f3n de publicaciones enmarcados en la cohorte GENEIDA: Effect of prenatal exposure to organophosphates and pyrethroid pesticides on neonatal anthropometric measures and gestational age. Gimenez-Asensio MJ, Hernandez AF, Romero-Molina D, [&hellip;]<\/p>\n","protected":false},"author":135,"featured_media":0,"parent":0,"menu_order":0,"comment_status":"closed","ping_status":"closed","template":"","meta":{"footnotes":""},"class_list":["post-141","page","type-page","status-publish","hentry"],"_links":{"self":[{"href":"https:\/\/www.easp.es\/web\/geneida\/wp-json\/wp\/v2\/pages\/141","targetHints":{"allow":["GET"]}}],"collection":[{"href":"https:\/\/www.easp.es\/web\/geneida\/wp-json\/wp\/v2\/pages"}],"about":[{"href":"https:\/\/www.easp.es\/web\/geneida\/wp-json\/wp\/v2\/types\/page"}],"author":[{"embeddable":true,"href":"https:\/\/www.easp.es\/web\/geneida\/wp-json\/wp\/v2\/users\/135"}],"replies":[{"embeddable":true,"href":"https:\/\/www.easp.es\/web\/geneida\/wp-json\/wp\/v2\/comments?post=141"}],"version-history":[{"count":6,"href":"https:\/\/www.easp.es\/web\/geneida\/wp-json\/wp\/v2\/pages\/141\/revisions"}],"predecessor-version":[{"id":337,"href":"https:\/\/www.easp.es\/web\/geneida\/wp-json\/wp\/v2\/pages\/141\/revisions\/337"}],"wp:attachment":[{"href":"https:\/\/www.easp.es\/web\/geneida\/wp-json\/wp\/v2\/media?parent=141"}],"curies":[{"name":"wp","href":"https:\/\/api.w.org\/{rel}","templated":true}]}}