{"id":24,"date":"2017-10-25T17:11:33","date_gmt":"2017-10-25T17:11:33","guid":{"rendered":"https:\/\/www.easp.es\/web\/geneida\/?page_id=24"},"modified":"2023-02-14T12:50:45","modified_gmt":"2023-02-14T10:50:45","slug":"proyectos-de-investigacion","status":"publish","type":"page","link":"https:\/\/www.easp.es\/web\/geneida\/proyectos-de-investigacion\/","title":{"rendered":"Proyectos de Investigaci\u00f3n"},"content":{"rendered":"<section class=\"wpb-content-wrapper\"><p>[vc_row][vc_column][vc_column_text]Relaci\u00f3n de proyectos enmarcados en la cohorte GENEIDA:<\/p>\n<p><b>T\u00edtulo:<\/b><span style=\"font-weight: 400\"> Patrones de metilaci\u00f3n de genes improntados de placenta, exposici\u00f3n a plaguicidas no persistentes y crecimiento y desarrollo fetal e infantil (PI13\/01559)\u00a0<\/span><\/p>\n<p><b>Investigador principal:<\/b><span style=\"font-weight: 400\"> Marina Lacasa\u00f1a Navarro\u00a0(Escuela Andaluza de Salud P\u00fablica).\u00a0\u00a0<\/span><\/p>\n<p><b>Convocatoria:<\/b><span style=\"font-weight: 400\"> Proyectos de Investigaci\u00f3n en Salud. 2012<\/span><\/p>\n<p><b>Entidad financiadora<\/b><span style=\"font-weight: 400\">: Instituto de Salud\u00a0 Carlos III<\/span><\/p>\n<p><b>Presupuesto:<\/b><span style=\"font-weight: 400\"> 159.780,5\u00a0\u20ac<\/span><\/p>\n<p>&nbsp;<\/p>\n<p><b>T\u00edtulo:<\/b><span style=\"font-weight: 400\"> Efecto de la ingesta materna de nutrientes donadores de grupos metilo sobre la metilaci\u00f3n de ADNn de placenta y el crecimiento fetal (PI-0405-2014) \u00a0<\/span><\/p>\n<p><b>Investigador principal:<\/b><span style=\"font-weight: 400\"> Inmaculada L\u00f3pez Flores (ibs-Granada)\u00a0\u00a0<\/span><\/p>\n<p><b>Convocatoria:<\/b><span style=\"font-weight: 400\"> Proyectos de Investigaci\u00f3n en Salud. 2014<\/span><\/p>\n<p><b>Entidad financiadora<\/b><span style=\"font-weight: 400\">: Consejer\u00eda de Salud de la Junta de Andaluc\u00eda<\/span><\/p>\n<p><b>Presupuesto:<\/b><span style=\"font-weight: 400\"> 38.368,01\u00a0\u20ac.\u00a0<\/span><\/p>\n<p>&nbsp;<\/p>\n<p><b>T\u00edtulo:<\/b><span style=\"font-weight: 400\"> Interacci\u00f3n Entre la Exposici\u00f3n A Plaguicidas Organofosforados y el Estr\u00e9s Psicologico de la Madre Durante el Embarazo Sobre Los Niveles de Cortisol, Crecimiento Fetal y Neurodesarrollo Infantil (PI-0205-2016).<\/span><\/p>\n<p><b>Investigador principal:<\/b><span style=\"font-weight: 400\"> Marina Lacasa\u00f1a Navarro (ibs-Granada)\u00a0\u00a0<\/span><\/p>\n<p><b>Convocatoria:<\/b><span style=\"font-weight: 400\"> Proyectos de Investigaci\u00f3n en Salud. 2016<\/span><\/p>\n<p><b>Entidad financiadora<\/b><span style=\"font-weight: 400\">: Consejer\u00eda de Salud de la Junta de Andaluc\u00eda<\/span><\/p>\n<p><b>Presupuesto:<\/b><span style=\"font-weight: 400\"> 56.856,84\u00a0\u20ac.\u00a0<\/span><\/p>\n<p>&nbsp;<\/p>\n<p><b>T\u00edtulo:<\/b><span style=\"font-weight: 400\"> Esterasas (Paraoxonasa-1 y Colinesterasa) y Desarrollo Fetal y Neurocognitivo en la Cohorte Geneida de Mujeres Embarazadas Con Exposici\u00f3n Ambiental A Plaguicidas (PI-0508-2016) \u00a0<\/span><\/p>\n<p><b>Investigador principal:<\/b><span style=\"font-weight: 400\"> Antonio Hern\u00e1ndez Jerez (Universidad de Granada)\u00a0\u00a0<\/span><\/p>\n<p><b>Convocatoria:<\/b><span style=\"font-weight: 400\"> Proyectos de Investigaci\u00f3n en Salud. 2016<\/span><\/p>\n<p><b>Entidad financiadora<\/b><span style=\"font-weight: 400\">: Consejer\u00eda de Salud de la Junta de Andaluc\u00eda<\/span><\/p>\n<p><b>Presupuesto:<\/b><span style=\"font-weight: 400\"> 67.151,61\u00a0\u20ac.\u00a0<\/span><\/p>\n<p>&nbsp;<\/p>\n<p><b>T\u00edtulo:<\/b><span style=\"font-weight: 400\"> Exposici\u00f3n prenatal y postnatal a retardantes de llama organofosforados y desarrollo neuropsicol\u00f3gico a los 12 y 24 meses de edad (PI17\/00638).<\/span><\/p>\n<p><b>Investigador principal:<\/b><span style=\"font-weight: 400\"> Marina Lacasa\u00f1a Navarro\u00a0(Escuela Andaluza de Salud P\u00fablica).\u00a0\u00a0<\/span><\/p>\n<p><b>Convocatoria:<\/b><span style=\"font-weight: 400\"> Proyectos de Investigaci\u00f3n en Salud. 2017<\/span><\/p>\n<p><b>Entidad financiadora<\/b><span style=\"font-weight: 400\">: Instituto de Salud\u00a0 Carlos III<\/span><\/p>\n<p><b>Presupuesto:<\/b><span style=\"font-weight: 400\"> 140.662,50 \u20ac.\u00a0<\/span><\/p>\n<p>&nbsp;<\/p>\n<p><b>T\u00edtulo:<\/b><span style=\"font-weight: 400\"> Perfil metabol\u00f3mico materno del crecimiento fetal y su asociaci\u00f3n con la exposici\u00f3n a plaguicidas organofosforados (PI17\/01650).<\/span><\/p>\n<p><b>Investigador principal:<\/b><span style=\"font-weight: 400\"> Inmaculada L\u00f3pez Flores (Universidad de Granada)\u00a0\u00a0<\/span><\/p>\n<p><b>Convocatoria:<\/b><span style=\"font-weight: 400\"> Proyectos de Investigaci\u00f3n en Salud. 2017<\/span><\/p>\n<p><b>Entidad financiadora<\/b><span style=\"font-weight: 400\">: Instituto de Salud\u00a0 Carlos III<\/span><\/p>\n<p><b>Presupuesto:<\/b><span style=\"font-weight: 400\"> 49.610 \u20ac.\u00a0<\/span><\/p>\n<p>&nbsp;<\/p>\n<p><b>T\u00edtulo:<\/b><span style=\"font-weight: 400\"> Efectos de la exposici\u00f3n pre-y postnatal a plaguicidas no persistentes sobre el sistema inmunol\u00f3gico: posibles factores de riesgo de afecciones al\u00e9rgicas en ni\u00f1os de hasta dos a\u00f1os (PI18\/01156).<\/span><\/p>\n<p><b>Investigador principal:<\/b><span style=\"font-weight: 400\"> Antonio Hern\u00e1ndez Jerez (Universidad de Granada)\u00a0\u00a0<\/span><\/p>\n<p><b>Convocatoria:<\/b><span style=\"font-weight: 400\"> Proyectos de Investigaci\u00f3n en Salud. 2018<\/span><\/p>\n<p><b>Entidad financiadora<\/b><span style=\"font-weight: 400\">: Instituto de Salud Carlos III<\/span><\/p>\n<p><b>Presupuesto:<\/b><span style=\"font-weight: 400\"> 87.120 \u20ac.\u00a0<\/span><\/p>\n<p>&nbsp;<\/p>\n<p><b>T\u00edtulo: <\/b><span style=\"font-weight: 400\">Estudio prospectivo de los efectos de la exposici\u00f3n prenatal a mezclas de metales sobre el neurodesarrollo infantil a las edades de 1, 2 y 4 a\u00f1os (PI-0243-2019)<\/span><\/p>\n<p><b>Investigador principal: <\/b><span style=\"font-weight: 400\">Beatriz Gonz\u00e1lez Alzaga (ibs-Granada)\u00a0<\/span><\/p>\n<p><b>Convocatoria:<\/b><span style=\"font-weight: 400\"> Proyectos de Investigaci\u00f3n en Salud. Consejer\u00eda de salud. 2019<\/span><\/p>\n<p><b>Presupuesto:<\/b><span style=\"font-weight: 400\"> 47.622\u00a0\u20ac<\/span><\/p>\n<p>&nbsp;<\/p>\n<p><strong>T\u00edtulo: <\/strong>The European Human Biomonitoring Initiative (<a href=\"http:\/\/www.eea.europa.eu\/themes\/human\/human-biomonitoring\">HBM4EU<\/a>) (SC1-PM-05-2016)<\/p>\n<p><strong>Investigador principal: <\/strong>Marina Lacasa\u00f1a Navarro (Third party)<\/p>\n<p><strong>Convocatoria:<\/strong> <a href=\"http:\/\/cordis.europa.eu\/project\/rcn\/207219_en.html\">Comisi\u00f3n Europea<\/a>, Horizonte 2020 (H2020) Framework Programme &#8211; COFUND (European Joint Programme)<\/p>\n<p><strong>Presupuesto:<\/strong> 49.933,776\u20ac<\/p>\n<p>&nbsp;<\/p>\n<p><b>T\u00edtulo:<\/b><span style=\"font-weight: 400\"> Efecto De La Exposici\u00f3n Prenatal A Mezclas De Compuestos Organofosforados Sobre La Expresi\u00f3n Y Metilaci\u00f3n De Genes De Placenta Implicados En El Crecimiento Fetal Y Neurodesarrollo Infantil (FPS-0199-2021) \u00a0<\/span><\/p>\n<p><b>Investigador principal:<\/b><span style=\"font-weight: 400\"> Marina Lacasa\u00f1a Navarro (EASP, ibs.GRANADA), Esmeralda N\u00fa\u00f1ez Cuadros (IBIMA)\u00a0\u00a0<\/span><\/p>\n<p><b>Convocatoria:<\/b><span style=\"font-weight: 400\"> Proyectos de Investigaci\u00f3n en Salud. 2021<\/span><\/p>\n<p><b>Entidad financiadora<\/b><span style=\"font-weight: 400\">: Consejer\u00eda de Salud y Familias. Fundaci\u00f3n Progreso y Salud<\/span><\/p>\n<p><b>Presupuesto:<\/b><span style=\"font-weight: 400\"> 119.999,63 \u20ac<\/span><\/p>\n<p>&nbsp;<\/p>\n<p><b>T\u00edtulo:<\/b><span style=\"font-weight: 400\"> GENEIDA-OMICS &#8211; Estudio de factores predictivos para la alteraci\u00f3n del crecimiento intrauterino mediante la identificaci\u00f3n de biomarcadores cl\u00ednicos, metabol\u00f3micos y metagen\u00f3micos as\u00ed como la validaci\u00f3n de un modelo predictivo para la evaluaci\u00f3n del riesgo cardiometab\u00f3lico asociado en el binomio madre-hijo. (PID2021-126522OB-I00) \u00a0<\/span><\/p>\n<p><b>Investigador principal: <\/b><span style=\"font-weight: 400\">Fernando Cardona D\u00edaz (Universidad de M\u00e1laga); Isabel Leiva Gea (IBIMA)<\/span><\/p>\n<p><b>Convocatoria:<\/b><span style=\"font-weight: 400\"> Proyectos de Generaci\u00f3n de Conocimiento. Convocatoria 2021<\/span><\/p>\n<p><b>Entidad financiadora<\/b><span style=\"font-weight: 400\">: Agencia Estatal de Investigaci\u00f3n<\/span><\/p>\n<p><b>Presupuesto:<\/b><span style=\"font-weight: 400\"> 205.700 \u20ac<\/span><\/p>\n<p>&nbsp;<\/p>\n<p><strong>OTRAS FUENTES DE FINANCIACI\u00d3N:<\/strong><\/p>\n<p><strong>T\u00edtulo: <\/strong>Nuevos enfoques aplicados al estudio de los efectos de las exposiciones tempranas a contaminantes ambientales y sus mezclas sobre el crecimiento fetal y el neurodesarrollo infantil en el marco de cohorte de nacimiento GENEIDA (RH-0004-2020)<\/p>\n<p><strong>Investigador principal: <\/strong>Beatriz Gonz\u00e1lez Alzaga (ibs- GRANADA)<\/p>\n<p><strong>Convocatoria:<\/strong> Ayudas para la contrataci\u00f3n laboral de personal investigador doctor s\u00e9nior para su incorporaci\u00f3n a grupos de investigaci\u00f3n en centros del SSPA e institutos de investigaci\u00f3n sanitaria. Consejer\u00eda de salud y familia. Junta de Andaluc\u00eda.<\/p>\n<p><strong>Presupuesto:<\/strong> 161.109 \u20ac<\/p>\n<p><strong>\u00a0<\/strong><\/p>\n<p><strong>Convocatoria:<\/strong> Contratos predoctorales de formaci\u00f3n en investigaci\u00f3n en salud (Contratos PFIS 2018)<\/p>\n<p><strong>Persona beneficiaria: <\/strong>Helena Garc\u00eda Cort\u00e9s<\/p>\n<p><strong>Presupuesto:<\/strong> 82.400 \u20ac<\/p>\n<p>&nbsp;<\/p>\n<p><strong>Convocatoria: <\/strong>Convocatoria de Personal investigador doctor Junta de Andaluc\u00eda (PAIDI 2020)<\/p>\n<p><strong>Persona beneficiaria: <\/strong>Antonio G\u00f3mez Mart\u00edn<\/p>\n<p><strong>Presupuesto: <\/strong>124.350 \u20ac[\/vc_column_text][\/vc_column][\/vc_row]<\/p>\n<\/section>","protected":false},"excerpt":{"rendered":"<p>[vc_row][vc_column][vc_column_text]Relaci\u00f3n de proyectos enmarcados en la cohorte GENEIDA: T\u00edtulo: Patrones de metilaci\u00f3n de genes improntados de placenta, exposici\u00f3n a plaguicidas no persistentes y crecimiento y desarrollo fetal e infantil (PI13\/01559)\u00a0 [&hellip;]<\/p>\n","protected":false},"author":6,"featured_media":0,"parent":0,"menu_order":0,"comment_status":"closed","ping_status":"closed","template":"","meta":{"footnotes":""},"class_list":["post-24","page","type-page","status-publish","hentry"],"_links":{"self":[{"href":"https:\/\/www.easp.es\/web\/geneida\/wp-json\/wp\/v2\/pages\/24","targetHints":{"allow":["GET"]}}],"collection":[{"href":"https:\/\/www.easp.es\/web\/geneida\/wp-json\/wp\/v2\/pages"}],"about":[{"href":"https:\/\/www.easp.es\/web\/geneida\/wp-json\/wp\/v2\/types\/page"}],"author":[{"embeddable":true,"href":"https:\/\/www.easp.es\/web\/geneida\/wp-json\/wp\/v2\/users\/6"}],"replies":[{"embeddable":true,"href":"https:\/\/www.easp.es\/web\/geneida\/wp-json\/wp\/v2\/comments?post=24"}],"version-history":[{"count":5,"href":"https:\/\/www.easp.es\/web\/geneida\/wp-json\/wp\/v2\/pages\/24\/revisions"}],"predecessor-version":[{"id":144,"href":"https:\/\/www.easp.es\/web\/geneida\/wp-json\/wp\/v2\/pages\/24\/revisions\/144"}],"wp:attachment":[{"href":"https:\/\/www.easp.es\/web\/geneida\/wp-json\/wp\/v2\/media?parent=24"}],"curies":[{"name":"wp","href":"https:\/\/api.w.org\/{rel}","templated":true}]}}