{"id":26,"date":"2017-10-25T17:13:07","date_gmt":"2017-10-25T17:13:07","guid":{"rendered":"https:\/\/www.easp.es\/web\/geneida\/?page_id=26"},"modified":"2023-11-09T17:56:02","modified_gmt":"2023-11-09T15:56:02","slug":"equipo-investigador","status":"publish","type":"page","link":"https:\/\/www.easp.es\/web\/geneida\/equipo-investigador\/","title":{"rendered":"Equipo investigador"},"content":{"rendered":"<section class=\"wpb-content-wrapper\"><p>[vc_row][vc_column][vc_column_text]<b><img loading=\"lazy\" decoding=\"async\" class=\"alignnone size-medium wp-image-327\" src=\"https:\/\/www.easp.es\/web\/geneida\/wp-content\/uploads\/sites\/5\/2023\/11\/marina-lacasana-4b-300x262.png\" alt=\"Foto de Marina Lacasa\u00f1a\" width=\"300\" height=\"262\" srcset=\"https:\/\/www.easp.es\/web\/geneida\/wp-content\/uploads\/sites\/5\/2023\/11\/marina-lacasana-4b-300x262.png 300w, https:\/\/www.easp.es\/web\/geneida\/wp-content\/uploads\/sites\/5\/2023\/11\/marina-lacasana-4b.png 416w\" sizes=\"auto, (max-width: 300px) 100vw, 300px\" \/><\/b><\/p>\n<p><b>Marina Lacasa\u00f1a Navarro (Investigadora Principal): <\/b>responsable del grupo E07 \u00abInvestigaci\u00f3n en salud ambiental e infancia\u00bb del Instituto de Investigaci\u00f3n Biosanitaria de Granada.\u00a0 Ibs.GRANADA, profesora de la Escuela Andaluza de Salud P\u00fablica. Doctorado en Farmacia (Programa medio ambiente y salud), Postdoctorado en el Centro Panamericano de Ecolog\u00eda Humana y Salud, OPS\/OMS. Becaria del programa\u00a0<i>Fogarty<\/i>\u00a0(NIH, USA) para la formaci\u00f3n de l\u00edderes en epidemiolog\u00eda ambiental en el Mount Sinai-Queens College International Training Program in Environmental and Occupational Health (2002-2004), Profesora Visitante en el Departamento de Medicina Ambiental y Salud P\u00fablica en the Icahn School of Medicine at Mount Sinai (2014-2015). Cuenta con una amplia experiencia en epidemiolog\u00eda ambiental y molecular. Ha sido investigadora principal en 12 proyectos y colaboradora en otros 5. Tambi\u00e9n ha participado como IP y colaboradora en proyectos internacionales de EEUU (<i>Fogarty<\/i>) y de la Uni\u00f3n Europea (DG-SANCO, HBM4EU-H2020).\u00a0 Es la IP de la cohorte de nacimiento GENEIDA. Co-IP del grupo 50 del Ciber de Epidemiolog\u00eda y Salud P\u00fablica (CIBERESP). Directora del Observatorio de Salud Ambiental de Andaluc\u00eda.\u00a0 Miembro de los consorcios internacionales PACE (<i>Pregnancy and Childhood Epigenetics<\/i>) y Placentomics, cuyos objetivos es estudiar el impacto ambiental durante la etapa prenatal y los primeros a\u00f1os de vida en las enfermedades humanas a lo largo de la vida, identificando mecanismos epigen\u00e9ticos. Tiene 89 publicaciones indexadas en JCR (&gt; 70% en revista Q1 de acuerdo a la clasificaci\u00f3n del JCR), 67% de la mismas como investigadora principal, con 4.081 citas, \u00edndice h=37. Ha dirigido 6 tesis doctorales, 3 de ellas en curso, y 13 Trabajos fin de M\u00e1ster uno de ellos en curso.<\/p>\n<p>Temas de Investigaci\u00f3n: Exposiciones tempranas a t\u00f3xicos ambientales y efectos en la salud de la poblaci\u00f3n. Biomonitorizaci\u00f3n de contaminantes qu\u00edmicos ambientales. Mecanismos gen\u00e9ticos\/epigen\u00e9ticos asociados con exposiciones ambientales y salud fetal e infantil.<\/p>\n<p>Email: marina.lacasana.easp (AT) juntadeandalucia.es<\/p>\n<hr \/>\n<p><b><img loading=\"lazy\" decoding=\"async\" class=\"alignnone size-medium wp-image-130\" src=\"https:\/\/www.easp.es\/web\/geneida\/wp-content\/uploads\/sites\/5\/2021\/09\/Foto_AHJ-265x300.jpg\" alt=\"\" width=\"265\" height=\"300\" srcset=\"https:\/\/www.easp.es\/web\/geneida\/wp-content\/uploads\/sites\/5\/2021\/09\/Foto_AHJ-265x300.jpg 265w, https:\/\/www.easp.es\/web\/geneida\/wp-content\/uploads\/sites\/5\/2021\/09\/Foto_AHJ.jpg 428w\" sizes=\"auto, (max-width: 265px) 100vw, 265px\" \/><\/b><\/p>\n<p><b>Antonio Hern\u00e1ndez Jerez. <\/b><span style=\"font-weight: 400\">El Dr. Hern\u00e1ndez Jerez es Catedr\u00e1tico de Toxicolog\u00eda en la Universidad de Granada. Es m\u00e9dico especialista en Medicina del Trabajo, en Medicina Legal y Toxicolog\u00eda y Experto Universitario en Epidemiolog\u00eda e Investigaci\u00f3n Cl\u00ednica. Es miembro del Panel PPR (fitosanitarios) de la Autoridad Europea de Seguridad Alimentaria. Su l\u00ednea de investigaci\u00f3n desde hace 30 a\u00f1os ha sido el efecto de los t\u00f3xicos, especialmente plaguicidas y metales pesados, sobre la salud humana as\u00ed como el papel de los biomarcadores de respuesta t\u00f3xica y susceptibilidad gen\u00e9tica asociados con la exposici\u00f3n a estos compuestos. Desde 2013 participa activamente en la cohorte <\/span><i><span style=\"font-weight: 400\">GENEIDA<\/span><\/i><span style=\"font-weight: 400\">, prestando asesoramiento toxicol\u00f3gico y cl\u00ednico en materia de exposici\u00f3n a contaminantes ambientales y efectos en salud.\u00a0\u00a0<\/span><\/p>\n<p><span style=\"font-weight: 400\">Temas de investigaci\u00f3n: Toxicolog\u00eda, Plaguicidas, Evaluaci\u00f3n de riesgos, Toxicogen\u00f3mica, Epidemiolog\u00eda molecular.<\/span><\/p>\n<p><span style=\"font-weight: 400\">Email: ajerez (AT) ugr.es<\/span><\/p>\n<hr \/>\n<p><b><img loading=\"lazy\" decoding=\"async\" class=\"alignnone size-medium wp-image-147\" src=\"https:\/\/www.easp.es\/web\/geneida\/wp-content\/uploads\/sites\/5\/2021\/09\/ILF-GENEIDA-212x300.jpeg\" alt=\"\" width=\"212\" height=\"300\" srcset=\"https:\/\/www.easp.es\/web\/geneida\/wp-content\/uploads\/sites\/5\/2021\/09\/ILF-GENEIDA-212x300.jpeg 212w, https:\/\/www.easp.es\/web\/geneida\/wp-content\/uploads\/sites\/5\/2021\/09\/ILF-GENEIDA-724x1024.jpeg 724w, https:\/\/www.easp.es\/web\/geneida\/wp-content\/uploads\/sites\/5\/2021\/09\/ILF-GENEIDA-768x1087.jpeg 768w, https:\/\/www.easp.es\/web\/geneida\/wp-content\/uploads\/sites\/5\/2021\/09\/ILF-GENEIDA.jpeg 826w\" sizes=\"auto, (max-width: 212px) 100vw, 212px\" \/><\/b><\/p>\n<p><b>Inmaculada L\u00f3pez Flores. <\/b><span style=\"font-weight: 400\">Licenciada en Biolog\u00eda y Doctora en Ciencias Biol\u00f3gicas por la Universidad de Granada, de la que es Profesora Contratada Doctora en el Departamento de Gen\u00e9tica. Desde 2008 colabora con el grupo de la Dra. Lacasa\u00f1a para la identificaci\u00f3n de genes implicados en la detoxificaci\u00f3n metab\u00f3lica de xenobi\u00f3ticos, as\u00ed como en la identificaci\u00f3n de biomarcadores de susceptibilidad gen\u00e9tica a dichos compuestos. Desempe\u00f1a un papel importante en la cohorte <\/span><i><span style=\"font-weight: 400\">GENEIDA,<\/span><\/i><span style=\"font-weight: 400\"> dentro de la l\u00ednea de investigaci\u00f3n enfocada al estudio de la regulaci\u00f3n gen\u00e9tica y epigen\u00e9tica del crecimiento y desarrollo fetal, as\u00ed como de la influencia de factores ambientales, nutricionales, sociodemogr\u00e1ficos y de estilo de vida sobre estos par\u00e1metros.<\/span><\/p>\n<p><span style=\"font-weight: 400\">L\u00edneas de investigaci\u00f3n: Bioqu\u00edmica, Biolog\u00eda Molecular, Gen\u00e9tica, Epigen\u00e9tica, Plaguicidas, Biomarcadores de riesgo, Desarrollo y crecimiento fetal.<\/span><\/p>\n<p><span style=\"font-weight: 400\">Correo electr\u00f3nico de contacto: ilopez (AT) ugr.es<\/span><\/p>\n<hr \/>\n<p><b><img loading=\"lazy\" decoding=\"async\" class=\"alignnone size-medium wp-image-125\" src=\"https:\/\/www.easp.es\/web\/geneida\/wp-content\/uploads\/sites\/5\/2021\/09\/Foto_BGA-224x300.jpg\" alt=\"\" width=\"224\" height=\"300\" srcset=\"https:\/\/www.easp.es\/web\/geneida\/wp-content\/uploads\/sites\/5\/2021\/09\/Foto_BGA-224x300.jpg 224w, https:\/\/www.easp.es\/web\/geneida\/wp-content\/uploads\/sites\/5\/2021\/09\/Foto_BGA.jpg 364w\" sizes=\"auto, (max-width: 224px) 100vw, 224px\" \/><\/b><\/p>\n<p><b>Beatriz Gonz\u00e1lez Alzaga. <\/b><span style=\"font-weight: 400\">Licenciada en Ciencias Ambientales y Doctora en Epidemiolog\u00eda y Salud P\u00fablica. En 2007 se incorpor\u00f3 al grupo de investigaci\u00f3n de la Dra. Lacasa\u00f1a en la Escuela Andaluza de Salud P\u00fablica (Granada), trabajando desde entonces en la evaluaci\u00f3n de los efectos de las exposiciones a contaminantes ambientales, como plaguicidas y metales, y la dieta, sobre la salud reproductiva e infantil. Ha participado en el dise\u00f1o y puesta en marcha del estudio <\/span><i><span style=\"font-weight: 400\">GENEIDA<\/span><\/i><span style=\"font-weight: 400\">, destacando su trabajo en las tareas de supervisi\u00f3n de la participaci\u00f3n y recogida de informaci\u00f3n en las distintas etapas, entre otros aspectos. Actualmente es miembro del grupo \u00abInvestigaci\u00f3n en salud ambiental e infantil\u00bb del Instituto de Investigaci\u00f3n Biosanitaria de Granada (ibs-Granada).<\/span><\/p>\n<p><span style=\"font-weight: 400\">Temas de investigaci\u00f3n: Epidemiolog\u00eda Ambiental, Plaguicidas, Salud P\u00fablica, Salud infantil\u00a0<\/span><\/p>\n<p><span style=\"font-weight: 400\">Correo electr\u00f3nico de contacto: bgonalz (AT) gmail.com<\/span><\/p>\n<hr \/>\n<p><b><img loading=\"lazy\" decoding=\"async\" class=\"alignnone size-full wp-image-126\" src=\"https:\/\/www.easp.es\/web\/geneida\/wp-content\/uploads\/sites\/5\/2021\/09\/Foto_MJGA.jpg\" alt=\"\" width=\"177\" height=\"262\" \/><\/b><\/p>\n<p><b>Mar\u00eda Jos\u00e9 Gim\u00e9nez Asensio.<\/b><b>\u00a0 <\/b><span style=\"font-weight: 400\">Investigadora predoctoral en la cohorte <\/span><i><span style=\"font-weight: 400\">GENEIDA<\/span><\/i><span style=\"font-weight: 400\"> (programa de Medicina y Salud P\u00fablica de la Universidad de Granada). Diplomada en Enfermer\u00eda por la Universidad de Almer\u00eda y T\u00e9cnico en Diagn\u00f3stico Cl\u00ednico. M\u00e1ster en Investigaci\u00f3n y M\u00e1ster en Salud Mental.\u00a0 Es responsable del trabajo de campo de la cohorte <\/span><i><span style=\"font-weight: 400\">GENEIDA<\/span><\/i><span style=\"font-weight: 400\"> en el Hospital de Poniente (Almer\u00eda), participando en la toma y procesamiento de muestras biol\u00f3gicas de madres y ni\u00f1os, as\u00ed como en la recogida de la informaci\u00f3n necesaria para el estudio a trav\u00e9s de cuestionarios y registros hospitalarios. Combina esta actividad con el desarrollo de su tesis doctoral en el contexto de la cohorte <\/span><i><span style=\"font-weight: 400\">GENEIDA<\/span><\/i><span style=\"font-weight: 400\">.\u00a0\u00a0<\/span><\/p>\n<p><span style=\"font-weight: 400\">L\u00edneas de investigaci\u00f3n: Embarazo, Salud Infantil, Neurodesarrollo infantil, Plaguicidas, Metales\u00a0<\/span><\/p>\n<p><span style=\"font-weight: 400\">Correo electr\u00f3nico de contacto: mariajoseases (AT) hotmail.com<\/span><\/p>\n<hr \/>\n<p><strong><img loading=\"lazy\" decoding=\"async\" class=\"alignnone size-medium wp-image-158\" src=\"https:\/\/www.easp.es\/web\/geneida\/wp-content\/uploads\/sites\/5\/2021\/09\/Foto_HGC-219x300.jpg\" alt=\"\" width=\"219\" height=\"300\" srcset=\"https:\/\/www.easp.es\/web\/geneida\/wp-content\/uploads\/sites\/5\/2021\/09\/Foto_HGC-219x300.jpg 219w, https:\/\/www.easp.es\/web\/geneida\/wp-content\/uploads\/sites\/5\/2021\/09\/Foto_HGC.jpg 226w\" sizes=\"auto, (max-width: 219px) 100vw, 219px\" \/><\/strong><\/p>\n<p><strong>Helena Garc\u00eda Cort\u00e9s.<\/strong> Investigadora predoctoral (PFIS) en la cohorte GENEIDA (Programa de<br \/>\nDoctorado en Medicina Cl\u00ednica y Salud P\u00fablica de la Universidad de Granada) desde 2019,<br \/>\ndesarrollando su actividad en la Escuela Andaluza de Salud P\u00fablica. Licenciada en Ciencias<br \/>\nAmbientales por la Universidad Rey Juan Carlos y educadora ambiental. Cuenta con<br \/>\nexperiencia en los campos de la ecotoxicolog\u00eda (Universidad Rey Juan Carlos) y de la<br \/>\nbiomonitorizaci\u00f3n de contaminantes ambientales (Instituto de Salud Carlos III). Su tesis<br \/>\ndoctoral se centra en la exposici\u00f3n pre- y postnatal a retardantes de llama organofosforados y<br \/>\nefectos en el neurodesarrollo a los 12 y 24 meses de edad, en el marco de la cohorte GENEIDA.<\/p>\n<p>L\u00edneas de investigaci\u00f3n: Epidemiolog\u00eda Ambiental, Salud infantil, Neurodesarrollo infantil,<br \/>\nRetardantes de llama.<\/p>\n<p>Correo electr\u00f3nico de contacto: helena.garcia.easp (AT) juntadeandalucia.es<\/p>\n<hr \/>\n<p><b><img loading=\"lazy\" decoding=\"async\" class=\"alignnone size-full wp-image-129\" src=\"https:\/\/www.easp.es\/web\/geneida\/wp-content\/uploads\/sites\/5\/2021\/09\/Foto_LJM.jpg\" alt=\"\" width=\"300\" height=\"300\" srcset=\"https:\/\/www.easp.es\/web\/geneida\/wp-content\/uploads\/sites\/5\/2021\/09\/Foto_LJM.jpg 300w, https:\/\/www.easp.es\/web\/geneida\/wp-content\/uploads\/sites\/5\/2021\/09\/Foto_LJM-150x150.jpg 150w\" sizes=\"auto, (max-width: 300px) 100vw, 300px\" \/><\/b><\/p>\n<p><b>Luis Javier Mart\u00ednez. <\/b><span style=\"font-weight: 400\">Licenciado en Ciencias Biol\u00f3gicas, Doctor por la Universidad de Granada, con premio extraordinario en el \u00e1rea de Biomedicina.\u00a0 Responsable t\u00e9cnico de la Unidad de Gen\u00f3mica del Centro de Gen\u00f3mica e Investigaci\u00f3n Oncol\u00f3gica (GENYO, Granada). Su trabajo se centra en la aplicaci\u00f3n de la gen\u00e9tica molecular y de poblaciones a diferentes \u00e1reas: antropolog\u00eda molecular, farmacogen\u00e9tica, diagn\u00f3stico cl\u00ednico, enfermedades mentales, c\u00e1ncer e identificaci\u00f3n forense. Gran parte de estos conocimientos son aplicados en el \u00e1mbito de la cohorte<\/span><i><span style=\"font-weight: 400\"> GENEIDA<\/span><\/i><span style=\"font-weight: 400\">, especialmente en el rastreo de diferencias a nivel gen\u00f3mico, regulaci\u00f3n y variaciones de la expresi\u00f3n g\u00e9nica, para la identificaci\u00f3n de marcadores gen\u00e9ticos o de susceptibilidad.\u00a0<\/span><\/p>\n<p><span style=\"font-weight: 400\">L\u00edneas de investigaci\u00f3n: Biotecnolog\u00eda, Gen\u00e9tica y Evoluci\u00f3n, Biomarcadores gen\u00e9ticos y de susceptibilidad o riesgo.\u00a0\u00a0<\/span><\/p>\n<p><span style=\"font-weight: 400\">Correo electr\u00f3nico de contacto: luisjavier.martinez (AT) genyo.es<\/span><\/p>\n<hr \/>\n<p><b><img loading=\"lazy\" decoding=\"async\" class=\"alignnone size-medium wp-image-134\" src=\"https:\/\/www.easp.es\/web\/geneida\/wp-content\/uploads\/sites\/5\/2021\/09\/Perfil_EASP_2021-copy-300x300.jpg\" alt=\"\" width=\"300\" height=\"300\" srcset=\"https:\/\/www.easp.es\/web\/geneida\/wp-content\/uploads\/sites\/5\/2021\/09\/Perfil_EASP_2021-copy-300x300.jpg 300w, https:\/\/www.easp.es\/web\/geneida\/wp-content\/uploads\/sites\/5\/2021\/09\/Perfil_EASP_2021-copy-1024x1024.jpg 1024w, https:\/\/www.easp.es\/web\/geneida\/wp-content\/uploads\/sites\/5\/2021\/09\/Perfil_EASP_2021-copy-150x150.jpg 150w, https:\/\/www.easp.es\/web\/geneida\/wp-content\/uploads\/sites\/5\/2021\/09\/Perfil_EASP_2021-copy-768x768.jpg 768w, https:\/\/www.easp.es\/web\/geneida\/wp-content\/uploads\/sites\/5\/2021\/09\/Perfil_EASP_2021-copy-1536x1536.jpg 1536w, https:\/\/www.easp.es\/web\/geneida\/wp-content\/uploads\/sites\/5\/2021\/09\/Perfil_EASP_2021-copy-2048x2048.jpg 2048w\" sizes=\"auto, (max-width: 300px) 100vw, 300px\" \/><\/b><\/p>\n<p><b>Antonio G\u00f3mez Mart\u00edn. <\/b><span style=\"font-weight: 400\">Ldo. en Biolog\u00eda, M\u00e1ster en Bioqu\u00edmica y Biolog\u00eda Molecular, M\u00e1ster en Gen\u00e9tica y Evoluci\u00f3n, y doctor en Medicina Cl\u00ednica y Salud P\u00fablica por la Universidad de Granada (UGR). Ha trabajado en la UGR tanto en el Lab. de Identificaci\u00f3n Gen\u00e9tica (Lorente JA) como en el dpto. Medicina Legal y Toxicolog\u00eda (Hern\u00e1ndez AF), en la Unidad de Gen\u00f3mica del Centro de Gen\u00f3mica e Investigaci\u00f3n Oncol\u00f3gica (GENYO, Granada), y en las empresas de biotecnolog\u00eda Savia Biotech, Lorgen y NIMGenetics, siendo en esta \u00faltima responsable t\u00e9cnico de I+D+i.\u00a0 En 2021 se incorpor\u00f3 al grupo de investigaci\u00f3n de la Dra. Lacasa\u00f1a en la Escuela Andaluza de Salud P\u00fablica (Granada). Su participaci\u00f3n en la cohorte <\/span><i><span style=\"font-weight: 400\">GENEIDA<\/span><\/i><span style=\"font-weight: 400\"> est\u00e1 enfocada al estudio de la relaci\u00f3n entre exposiciones ambientales, factores gen\u00e9ticos y salud.\u00a0<\/span><\/p>\n<p><span style=\"font-weight: 400\">Temas de investigaci\u00f3n: gen\u00e9tica humana, gen\u00e9tica de poblaciones, medicina gen\u00f3mica, toxicogen\u00e9tica, farmacogen\u00e9tica, epigen\u00e9tica y c\u00e1ncer.<\/span><\/p>\n<p><span style=\"font-weight: 400\">Correo electr\u00f3nico de contacto: <\/span><span style=\"font-weight: 400\">antonio.gm.gr (AT) gmail.com<\/span><\/p>\n<hr \/>\n<p><b><img loading=\"lazy\" decoding=\"async\" class=\"alignnone size-full wp-image-135\" src=\"https:\/\/www.easp.es\/web\/geneida\/wp-content\/uploads\/sites\/5\/2021\/09\/Foto_RC.jpg\" alt=\"\" width=\"238\" height=\"238\" srcset=\"https:\/\/www.easp.es\/web\/geneida\/wp-content\/uploads\/sites\/5\/2021\/09\/Foto_RC.jpg 238w, https:\/\/www.easp.es\/web\/geneida\/wp-content\/uploads\/sites\/5\/2021\/09\/Foto_RC-150x150.jpg 150w\" sizes=\"auto, (max-width: 238px) 100vw, 238px\" \/><\/b><\/p>\n<p><b>Rafael Caparr\u00f3s. <\/b><span style=\"font-weight: 400\">Licenciado en Psicolog\u00eda. Actualmente trabaja como investigador en el Centro de Investigaci\u00f3n Mente, Cerebro y Comportamiento (CIMCYC), Facultad de Psicolog\u00eda, Universidad de Granada, Espa\u00f1a, donde investiga la influencia del estr\u00e9s prenatal (psicol\u00f3gico y mediante niveles de cortisol en pelo) sobre la salud materna y el desarrollo fetal e infantil. Adem\u00e1s, es Diplomado en Enfermer\u00eda y Matr\u00f3n. Compagina su actividad como investigador con el trabajo asistencial como matr\u00f3n. Estancia de investigaci\u00f3n en el Medical Biology Center, Queen\u00b4s University Belfast, Irlanda del Norte (Reino Unido) en 2015.\u00a0 Contribuye a la cohorte <\/span><i><span style=\"font-weight: 400\">GENEIDA<\/span><\/i><span style=\"font-weight: 400\"> en la preparaci\u00f3n de bater\u00edas psicol\u00f3gicas para las embarazadas y evaluaci\u00f3n neuropsicol\u00f3gica infantil.\u00a0<\/span><\/p>\n<p><span style=\"font-weight: 400\">Correo electr\u00f3nico de contacto: <\/span><span style=\"font-weight: 400\">rcg477 (AT) correo.ugr.es<\/span><\/p>\n<hr \/>\n<p><b><img loading=\"lazy\" decoding=\"async\" class=\"alignnone size-medium wp-image-127\" src=\"https:\/\/www.easp.es\/web\/geneida\/wp-content\/uploads\/sites\/5\/2021\/09\/Foto_NFS-254x300.jpg\" alt=\"\" width=\"254\" height=\"300\" srcset=\"https:\/\/www.easp.es\/web\/geneida\/wp-content\/uploads\/sites\/5\/2021\/09\/Foto_NFS-254x300.jpg 254w, https:\/\/www.easp.es\/web\/geneida\/wp-content\/uploads\/sites\/5\/2021\/09\/Foto_NFS-866x1024.jpg 866w, https:\/\/www.easp.es\/web\/geneida\/wp-content\/uploads\/sites\/5\/2021\/09\/Foto_NFS-768x909.jpg 768w, https:\/\/www.easp.es\/web\/geneida\/wp-content\/uploads\/sites\/5\/2021\/09\/Foto_NFS.jpg 1082w\" sizes=\"auto, (max-width: 254px) 100vw, 254px\" \/><\/b><\/p>\n<p><b>Natalia Fischer Su\u00e1rez<\/b><b>:<\/b><span style=\"font-weight: 400\">\u00a0<\/span><span style=\"font-weight: 400\">Doctora en Medicina\u00a0y especialista en Obstetricia y Ginecolog\u00eda. Actualmente ejerce su labor\u00a0cl\u00ednica en la Agencia P\u00fablica Empresarial Sanitaria Hospital de Poniente (Junta de Andaluc\u00eda),\u00a0en el servicio de Obstetricia y Ginecolog\u00eda, especialmente en el \u00e1rea de diagn\u00f3stico prenatal.\u00a0En\u00a0su\u00a0labor\u00a0investigadora, ha\u00a0participado\u00a0de\u00a0forma\u00a0activa\u00a0en\u00a0 m\u00faltiples congresos\u00a0 tanto\u00a0nacionales como internacionales donde ha presentado m\u00e1s de 50 comunicaciones cient\u00edficas. Desde el a\u00f1o 2014 colabora en la cohorte <\/span><i><span style=\"font-weight: 400\">GENEIDA <\/span><\/i><span style=\"font-weight: 400\">mediante el reclutamiento de pacientes, recogida de datos y estudio de la influencia de factores nutricionales y ambientales sobre eventos gestacionales adversos y desarrollo fetal.<\/span><\/p>\n<p><span style=\"font-weight: 400\">L\u00edneas de investigaci\u00f3n: Medicina fetal, parto pret\u00e9rmino, vitamina D, fertilidad, desarrollo y crecimiento fetal.<\/span><\/p>\n<hr \/>\n<p><img loading=\"lazy\" decoding=\"async\" class=\"alignnone size-medium wp-image-138\" src=\"https:\/\/www.easp.es\/web\/geneida\/wp-content\/uploads\/sites\/5\/2021\/09\/Foto_Carlos_Maroto-263x300.jpg\" alt=\"\" width=\"263\" height=\"300\" srcset=\"https:\/\/www.easp.es\/web\/geneida\/wp-content\/uploads\/sites\/5\/2021\/09\/Foto_Carlos_Maroto-263x300.jpg 263w, https:\/\/www.easp.es\/web\/geneida\/wp-content\/uploads\/sites\/5\/2021\/09\/Foto_Carlos_Maroto-898x1024.jpg 898w, https:\/\/www.easp.es\/web\/geneida\/wp-content\/uploads\/sites\/5\/2021\/09\/Foto_Carlos_Maroto-768x876.jpg 768w, https:\/\/www.easp.es\/web\/geneida\/wp-content\/uploads\/sites\/5\/2021\/09\/Foto_Carlos_Maroto-1347x1536.jpg 1347w, https:\/\/www.easp.es\/web\/geneida\/wp-content\/uploads\/sites\/5\/2021\/09\/Foto_Carlos_Maroto.jpg 1374w\" sizes=\"auto, (max-width: 263px) 100vw, 263px\" \/><\/p>\n<p><b>Carlos Javier Maroto D\u00edaz.<\/b><b>\u00a0<\/b>Licenciado en Medicina General y Cirug\u00eda por la Universidad de Alcal\u00e1 de Henares (Madrid, 1988) y Especialista en Obstetricia y Ginecolog\u00eda a trav\u00e9s del sistema MIR (Hospital Universitario Severo Ochoa, Madrid, 1994), donde desarroll\u00f3 su actividad asistencial hasta 2004. Actualmente, FEA en Obstetricia y Ginecolog\u00eda en la APES Hospital de Poniente, donde ejerce su actividad como especialista desde 2004. Desde 2015, colabora con el grupo de la Dra. Lacasa\u00f1a, dentro de la Cohorte de Nacimiento\u00a0<i>GENEIDA<\/i>, siendo relevante su aportaci\u00f3n cl\u00ednica dentro del grupo, desempe\u00f1ando un papel importante dentro de la l\u00ednea de investigaci\u00f3n enfocada a la influencia de los contaminantes ambientales organofosforados en el crecimiento y neurodesarrollo infantil, mediado por las hormonas tiroideas.<\/p>\n<p>L\u00edneas de investigaci\u00f3n: Plaguicidas. Disfunci\u00f3n tiroidea. Crecimiento Fetal. Neurodesarrollo.[\/vc_column_text][\/vc_column][\/vc_row]<\/p>\n<\/section>","protected":false},"excerpt":{"rendered":"<p>[vc_row][vc_column][vc_column_text] Marina Lacasa\u00f1a Navarro (Investigadora Principal): responsable del grupo E07 \u00abInvestigaci\u00f3n en salud ambiental e infancia\u00bb del Instituto de Investigaci\u00f3n Biosanitaria de Granada.\u00a0 Ibs.GRANADA, profesora de la Escuela Andaluza de [&hellip;]<\/p>\n","protected":false},"author":6,"featured_media":0,"parent":0,"menu_order":0,"comment_status":"closed","ping_status":"closed","template":"","meta":{"footnotes":""},"class_list":["post-26","page","type-page","status-publish","hentry"],"_links":{"self":[{"href":"https:\/\/www.easp.es\/web\/geneida\/wp-json\/wp\/v2\/pages\/26","targetHints":{"allow":["GET"]}}],"collection":[{"href":"https:\/\/www.easp.es\/web\/geneida\/wp-json\/wp\/v2\/pages"}],"about":[{"href":"https:\/\/www.easp.es\/web\/geneida\/wp-json\/wp\/v2\/types\/page"}],"author":[{"embeddable":true,"href":"https:\/\/www.easp.es\/web\/geneida\/wp-json\/wp\/v2\/users\/6"}],"replies":[{"embeddable":true,"href":"https:\/\/www.easp.es\/web\/geneida\/wp-json\/wp\/v2\/comments?post=26"}],"version-history":[{"count":12,"href":"https:\/\/www.easp.es\/web\/geneida\/wp-json\/wp\/v2\/pages\/26\/revisions"}],"predecessor-version":[{"id":328,"href":"https:\/\/www.easp.es\/web\/geneida\/wp-json\/wp\/v2\/pages\/26\/revisions\/328"}],"wp:attachment":[{"href":"https:\/\/www.easp.es\/web\/geneida\/wp-json\/wp\/v2\/media?parent=26"}],"curies":[{"name":"wp","href":"https:\/\/api.w.org\/{rel}","templated":true}]}}