{"id":63,"date":"2017-11-02T08:54:23","date_gmt":"2017-11-02T08:54:23","guid":{"rendered":"https:\/\/www.easp.es\/web\/geneida\/?page_id=63"},"modified":"2021-09-02T12:54:07","modified_gmt":"2021-09-02T12:54:07","slug":"presentacion-del-estudio","status":"publish","type":"page","link":"https:\/\/www.easp.es\/web\/geneida\/proyecto-geneida\/presentacion-del-estudio\/","title":{"rendered":"Presentaci\u00f3n del estudio"},"content":{"rendered":"<section class=\"wpb-content-wrapper\"><p>[vc_row][vc_column][vc_column_text]<b>La cohorte GENEIDA <\/b><span style=\"font-weight: 400\">(Genetics, Early Life Environmental Exposures and Infant Development in Andaluc\u00eda) nace en 2014 en la comarca de Poniente (Almer\u00eda), una de las zonas de agricultura intensiva m\u00e1s importantes de Espa\u00f1a, con la finalidad de ampliar el conocimiento cient\u00edfico sobre c\u00f3mo las exposiciones a contaminantes ambientales durante las primeras etapas de la vida, as\u00ed como otros factores como la dieta o el estilo de vida, pueden afectar a la salud de las madres y sus hijos e hijas.\u00a0<\/span><\/p>\n<p><span style=\"font-weight: 400\">Se trata de una cohorte de nacimiento formada por 800 binomios madre-hijo de los que se realiza un seguimiento durante el embarazo, el nacimiento y la infancia, con el fin de evaluar el papel de estas exposiciones tempranas sobre el desarrollo f\u00edsico e intelectual de los ni\u00f1os y ni\u00f1as a diferentes edades. En el marco de la cohorte GENEIDA se vienen desarrollando diversos proyectos de investigaci\u00f3n encaminados a caracterizar estas exposiciones y sus posibles efectos sobre la salud reproductiva e infantil, especialmente sobre el crecimiento y desarrollo fetal y el neurodesarrollo. Estos proyectos abarcan tambi\u00e9n el estudio de factores y mecanismos gen\u00e9ticos y epigen\u00e9ticos asociados con las exposiciones a estos compuestos y con los efectos en salud contemplados en la cohorte. Las Ciencias Multi\u00f3micas, con el desarrollo de estudios sobre Metabol\u00f3mica o Microbiota, tambi\u00e9n adquieren un papel relevante en la cohorte GENEIDA dado el alto inter\u00e9s cl\u00ednico y cient\u00edfico de estas \u00e1reas de conocimiento.<\/span><\/p>\n<p><span style=\"font-weight: 400\">Coordinada desde la Escuela Andaluza de Salud P\u00fablica (Granada) con el apoyo de profesionales sanitarios e investigadores del Hospital de Poniente (Almer\u00eda), la Universidad de Granada y el <\/span><i><span style=\"font-weight: 400\">GENYO <\/span><\/i><span style=\"font-weight: 400\">(Centro de Gen\u00f3mica e Investigaci\u00f3n Oncol\u00f3gica, Granada), la cohorte GENEIDA tiene como principal objetivo contribuir a la protecci\u00f3n de la salud de las mujeres embarazadas y los ni\u00f1os y ni\u00f1as durante la infancia y la adolescencia a partir de la informaci\u00f3n generada por nuestras investigaciones. Para ello, promovemos el intercambio de informaci\u00f3n relevante para la salud con las madres y ni\u00f1os y ni\u00f1as que forman parte de ella, as\u00ed como con aquellas instituciones implicadas en el desarrollo de medidas para la promoci\u00f3n de la salud y la prevenci\u00f3n de las exposiciones en estas etapas.\u00a0\u00a0<\/span>[\/vc_column_text][\/vc_column][\/vc_row]<\/p>\n<\/section>","protected":false},"excerpt":{"rendered":"<p>[vc_row][vc_column][vc_column_text]La cohorte GENEIDA (Genetics, Early Life Environmental Exposures and Infant Development in Andaluc\u00eda) nace en 2014 en la comarca de Poniente (Almer\u00eda), una de las zonas de agricultura intensiva m\u00e1s [&hellip;]<\/p>\n","protected":false},"author":6,"featured_media":0,"parent":28,"menu_order":1,"comment_status":"closed","ping_status":"closed","template":"","meta":{"footnotes":""},"class_list":["post-63","page","type-page","status-publish","hentry"],"_links":{"self":[{"href":"https:\/\/www.easp.es\/web\/geneida\/wp-json\/wp\/v2\/pages\/63","targetHints":{"allow":["GET"]}}],"collection":[{"href":"https:\/\/www.easp.es\/web\/geneida\/wp-json\/wp\/v2\/pages"}],"about":[{"href":"https:\/\/www.easp.es\/web\/geneida\/wp-json\/wp\/v2\/types\/page"}],"author":[{"embeddable":true,"href":"https:\/\/www.easp.es\/web\/geneida\/wp-json\/wp\/v2\/users\/6"}],"replies":[{"embeddable":true,"href":"https:\/\/www.easp.es\/web\/geneida\/wp-json\/wp\/v2\/comments?post=63"}],"version-history":[{"count":3,"href":"https:\/\/www.easp.es\/web\/geneida\/wp-json\/wp\/v2\/pages\/63\/revisions"}],"predecessor-version":[{"id":112,"href":"https:\/\/www.easp.es\/web\/geneida\/wp-json\/wp\/v2\/pages\/63\/revisions\/112"}],"up":[{"embeddable":true,"href":"https:\/\/www.easp.es\/web\/geneida\/wp-json\/wp\/v2\/pages\/28"}],"wp:attachment":[{"href":"https:\/\/www.easp.es\/web\/geneida\/wp-json\/wp\/v2\/media?parent=63"}],"curies":[{"name":"wp","href":"https:\/\/api.w.org\/{rel}","templated":true}]}}