{"id":65,"date":"2017-11-02T08:55:01","date_gmt":"2017-11-02T08:55:01","guid":{"rendered":"https:\/\/www.easp.es\/web\/geneida\/?page_id=65"},"modified":"2021-09-03T08:37:20","modified_gmt":"2021-09-03T08:37:20","slug":"justificacion","status":"publish","type":"page","link":"https:\/\/www.easp.es\/web\/geneida\/proyecto-geneida\/justificacion\/","title":{"rendered":"Justificaci\u00f3n"},"content":{"rendered":"<section class=\"wpb-content-wrapper\"><p>[vc_row][vc_column][vc_column_text]<b>\u00bfPor qu\u00e9 es importante tener informaci\u00f3n sobre las exposiciones prenatales y en las primeras etapas de la vida?<\/b><\/p>\n<p><span style=\"font-weight: 400\">A pesar de los importantes avances en el conocimiento cient\u00edfico, todav\u00eda estamos lejos de entender por completo c\u00f3mo la exposici\u00f3n prenatal y durante las primeras etapas de la vida a compuestos t\u00f3xicos ambientales, las enfermedades maternas, la nutrici\u00f3n, el estr\u00e9s psicosocial de la madre durante el embarazo, as\u00ed como los mecanismos o factores gen\u00e9ticos y epigen\u00e9ticos, pueden contribuir al desarrollo de enfermedades a lo largo de la infancia e incluso de la vida adulta. En humanos, estas exposiciones tempranas est\u00e1n asociadas principalmente con prematuridad y peso al nacer. Tanto la restricci\u00f3n en el crecimiento intrauterino, como el crecimiento excesivo durante la etapa fetal, se han asociado con un mayor riesgo de mortalidad y morbilidad infantil y de enfermedades cr\u00f3nicas en la vida adulta, como enfermedades coronarias, hipertensi\u00f3n, obesidad, diabetes, enfermedades metab\u00f3licas, trastornos neurol\u00f3gicos y algunos c\u00e1nceres. En este sentido la placenta realiza una serie de funciones necesarias para un adecuado crecimiento y desarrollo fetal, tales como el transporte de gases, nutrientes, eliminaci\u00f3n de productos de deshecho, producci\u00f3n de hormonas, protecci\u00f3n del feto frente al ataque del sistema inmunol\u00f3gico de la madre y la implantaci\u00f3n y anclaje del embri\u00f3n en el \u00fatero. Actualmente tambi\u00e9n existen evidencias de la importancia del papel de genes concretos caracterizados en humanos sobre el desarrollo placentario y fetal. Alteraciones en la funci\u00f3n de la placenta o de los patrones de expresi\u00f3n de estos genes como consecuencia de la exposici\u00f3n a contaminantes ambientales, podr\u00edan dar lugar a efectos adversos sobre el crecimiento y el desarrollo fetal, algo que podr\u00eda derivar en otros efectos adversos sobre la salud durante la infancia o la vida adulta.\u00a0\u00a0<\/span><\/p>\n<p><span style=\"font-weight: 400\">Para prevenir estos posibles efectos en salud es necesario conocer mejor c\u00f3mo y cu\u00e1ndo estos factores adversos interfieren en el desarrollo y crecimiento fetal. La cohorte GENEIDA tiene como finalidad ampliar estas evidencias a partir de las investigaciones que se llevan a cabo en ella.\u00a0<\/span><\/p>\n<p><b>\u00bfQu\u00e9 beneficios aportan los estudios de seguimiento como la cohorte GENEIDA?<\/b><\/p>\n<p><span style=\"font-weight: 400\">La cohorte GENEIDA es un estudio prospectivo de base poblacional, es decir, su desarrollo se basa en el seguimiento de una poblaci\u00f3n de estudio a lo largo del tiempo. En nuestro caso, este seguimiento consiste en la caracterizaci\u00f3n de las exposiciones y el estudio de sus posibles efectos sobre la salud durante etapas cr\u00edticas del embarazo, la infancia y la adolescencia.\u00a0 Disponer de informaci\u00f3n sobre factores que pueden afectar la salud de nuestra poblaci\u00f3n, como pueden ser los contaminantes ambientales, la dieta o el estilo de vida, junto con datos relativos a la salud de las mujeres embarazadas y sus hijos e hijas a lo largo del tiempo, nos ayuda a obtener resultados m\u00e1s precisos en nuestras investigaciones, as\u00ed como a identificar tendencias sobre los posibles efectos de las exposiciones en nuestra poblaci\u00f3n de estudio.\u00a0\u00a0\u00a0<\/span>[\/vc_column_text][\/vc_column][\/vc_row]<\/p>\n<\/section>","protected":false},"excerpt":{"rendered":"<p>[vc_row][vc_column][vc_column_text]\u00bfPor qu\u00e9 es importante tener informaci\u00f3n sobre las exposiciones prenatales y en las primeras etapas de la vida? A pesar de los importantes avances en el conocimiento cient\u00edfico, todav\u00eda estamos [&hellip;]<\/p>\n","protected":false},"author":6,"featured_media":0,"parent":28,"menu_order":2,"comment_status":"closed","ping_status":"closed","template":"","meta":{"footnotes":""},"class_list":["post-65","page","type-page","status-publish","hentry"],"_links":{"self":[{"href":"https:\/\/www.easp.es\/web\/geneida\/wp-json\/wp\/v2\/pages\/65","targetHints":{"allow":["GET"]}}],"collection":[{"href":"https:\/\/www.easp.es\/web\/geneida\/wp-json\/wp\/v2\/pages"}],"about":[{"href":"https:\/\/www.easp.es\/web\/geneida\/wp-json\/wp\/v2\/types\/page"}],"author":[{"embeddable":true,"href":"https:\/\/www.easp.es\/web\/geneida\/wp-json\/wp\/v2\/users\/6"}],"replies":[{"embeddable":true,"href":"https:\/\/www.easp.es\/web\/geneida\/wp-json\/wp\/v2\/comments?post=65"}],"version-history":[{"count":5,"href":"https:\/\/www.easp.es\/web\/geneida\/wp-json\/wp\/v2\/pages\/65\/revisions"}],"predecessor-version":[{"id":121,"href":"https:\/\/www.easp.es\/web\/geneida\/wp-json\/wp\/v2\/pages\/65\/revisions\/121"}],"up":[{"embeddable":true,"href":"https:\/\/www.easp.es\/web\/geneida\/wp-json\/wp\/v2\/pages\/28"}],"wp:attachment":[{"href":"https:\/\/www.easp.es\/web\/geneida\/wp-json\/wp\/v2\/media?parent=65"}],"curies":[{"name":"wp","href":"https:\/\/api.w.org\/{rel}","templated":true}]}}