{"id":67,"date":"2017-11-02T08:55:24","date_gmt":"2017-11-02T08:55:24","guid":{"rendered":"https:\/\/www.easp.es\/web\/geneida\/?page_id=67"},"modified":"2021-09-02T12:55:23","modified_gmt":"2021-09-02T12:55:23","slug":"marco-geografico","status":"publish","type":"page","link":"https:\/\/www.easp.es\/web\/geneida\/proyecto-geneida\/marco-geografico\/","title":{"rendered":"Marco geogr\u00e1fico"},"content":{"rendered":"<section class=\"wpb-content-wrapper\"><p>[vc_row][vc_column][vc_column_text]<b>\u00bfQu\u00e9 caracter\u00edsticas presenta la poblaci\u00f3n de estudio de la cohorte GENEIDA?<\/b><\/p>\n<p><span style=\"font-weight: 400\">La cohorte GENEIDA se desarrolla en la comarca de Poniente (Almer\u00eda), en el sureste espa\u00f1ol. Se trata de una de las zonas con agricultura intensiva m\u00e1s importantes a nivel nacional e internacional, que cuenta con una elevada superficie destinada al cultivo de productos hortofrut\u00edcolas en invernaderos, as\u00ed como numerosas industrias relacionadas con el envasado y la distribuci\u00f3n de estos productos. Esta importante actividad agr\u00edcola ha supuesto durante mucho tiempo el uso de plaguicidas, principalmente plaguicidas no persistentes, para controlar las plagas y obtener un mejor rendimiento de las cosechas. Aunque en los \u00faltimos a\u00f1os el uso de t\u00e9cnicas de control integrado de plagas ha permitido un uso m\u00e1s racional de los productos fitosanitarios, los plaguicidas siguen estando presentes en nuestra poblaci\u00f3n de estudio. Este hecho, junto con una poblaci\u00f3n de gran diversidad \u00e9tnica, hacen de esta zona un marco privilegiado para el desarrollo de estudios de estas caracter\u00edsticas.\u00a0 <\/span>[\/vc_column_text][\/vc_column][\/vc_row]<\/p>\n<\/section>","protected":false},"excerpt":{"rendered":"<p>[vc_row][vc_column][vc_column_text]\u00bfQu\u00e9 caracter\u00edsticas presenta la poblaci\u00f3n de estudio de la cohorte GENEIDA? La cohorte GENEIDA se desarrolla en la comarca de Poniente (Almer\u00eda), en el sureste espa\u00f1ol. Se trata de una [&hellip;]<\/p>\n","protected":false},"author":6,"featured_media":0,"parent":28,"menu_order":3,"comment_status":"closed","ping_status":"closed","template":"","meta":{"footnotes":""},"class_list":["post-67","page","type-page","status-publish","hentry"],"_links":{"self":[{"href":"https:\/\/www.easp.es\/web\/geneida\/wp-json\/wp\/v2\/pages\/67","targetHints":{"allow":["GET"]}}],"collection":[{"href":"https:\/\/www.easp.es\/web\/geneida\/wp-json\/wp\/v2\/pages"}],"about":[{"href":"https:\/\/www.easp.es\/web\/geneida\/wp-json\/wp\/v2\/types\/page"}],"author":[{"embeddable":true,"href":"https:\/\/www.easp.es\/web\/geneida\/wp-json\/wp\/v2\/users\/6"}],"replies":[{"embeddable":true,"href":"https:\/\/www.easp.es\/web\/geneida\/wp-json\/wp\/v2\/comments?post=67"}],"version-history":[{"count":2,"href":"https:\/\/www.easp.es\/web\/geneida\/wp-json\/wp\/v2\/pages\/67\/revisions"}],"predecessor-version":[{"id":87,"href":"https:\/\/www.easp.es\/web\/geneida\/wp-json\/wp\/v2\/pages\/67\/revisions\/87"}],"up":[{"embeddable":true,"href":"https:\/\/www.easp.es\/web\/geneida\/wp-json\/wp\/v2\/pages\/28"}],"wp:attachment":[{"href":"https:\/\/www.easp.es\/web\/geneida\/wp-json\/wp\/v2\/media?parent=67"}],"curies":[{"name":"wp","href":"https:\/\/api.w.org\/{rel}","templated":true}]}}