{"id":69,"date":"2017-11-02T08:55:48","date_gmt":"2017-11-02T08:55:48","guid":{"rendered":"https:\/\/www.easp.es\/web\/geneida\/?page_id=69"},"modified":"2021-09-02T12:51:49","modified_gmt":"2021-09-02T12:51:49","slug":"participacion","status":"publish","type":"page","link":"https:\/\/www.easp.es\/web\/geneida\/proyecto-geneida\/participacion\/","title":{"rendered":"Participaci\u00f3n"},"content":{"rendered":"<section class=\"wpb-content-wrapper\"><p>[vc_row][vc_column][vc_column_text]<b>\u00bfQu\u00e9 beneficios pueden obtener los y las participantes en la cohorte GENEIDA?\u00a0<\/b><\/p>\n<p><span style=\"font-weight: 400\">Los investigadores del estudio informar\u00e1n a aquellas mujeres en las que se detecten resultados fuera del rango de valores normales que pudieran afectar a su salud o a la de su hijo o hija.\u00a0\u00a0<\/span><\/p>\n<p><span style=\"font-weight: 400\">Aunque la mayor\u00eda de madres y ni\u00f1os y ni\u00f1as participantes no obtenga un beneficio directo de este estudio por no detectarse valores an\u00f3malos o que afectan a su salud, la informaci\u00f3n obtenida de nuestras investigaciones podr\u00e1 beneficiar a otros ni\u00f1os y ni\u00f1as en el futuro, ya que nos permitir\u00e1 tener un mejor conocimiento del efecto de la exposici\u00f3n a contaminantes ambientales sobre el desarrollo fetal e infantil, lo que permitir\u00e1 tomar medidas para proteger su salud.<\/span>[\/vc_column_text][\/vc_column][\/vc_row]<\/p>\n<\/section>","protected":false},"excerpt":{"rendered":"<p>[vc_row][vc_column][vc_column_text]\u00bfQu\u00e9 beneficios pueden obtener los y las participantes en la cohorte GENEIDA?\u00a0 Los investigadores del estudio informar\u00e1n a aquellas mujeres en las que se detecten resultados fuera del rango de [&hellip;]<\/p>\n","protected":false},"author":6,"featured_media":0,"parent":28,"menu_order":4,"comment_status":"closed","ping_status":"closed","template":"","meta":{"footnotes":""},"class_list":["post-69","page","type-page","status-publish","hentry"],"_links":{"self":[{"href":"https:\/\/www.easp.es\/web\/geneida\/wp-json\/wp\/v2\/pages\/69","targetHints":{"allow":["GET"]}}],"collection":[{"href":"https:\/\/www.easp.es\/web\/geneida\/wp-json\/wp\/v2\/pages"}],"about":[{"href":"https:\/\/www.easp.es\/web\/geneida\/wp-json\/wp\/v2\/types\/page"}],"author":[{"embeddable":true,"href":"https:\/\/www.easp.es\/web\/geneida\/wp-json\/wp\/v2\/users\/6"}],"replies":[{"embeddable":true,"href":"https:\/\/www.easp.es\/web\/geneida\/wp-json\/wp\/v2\/comments?post=69"}],"version-history":[{"count":5,"href":"https:\/\/www.easp.es\/web\/geneida\/wp-json\/wp\/v2\/pages\/69\/revisions"}],"predecessor-version":[{"id":109,"href":"https:\/\/www.easp.es\/web\/geneida\/wp-json\/wp\/v2\/pages\/69\/revisions\/109"}],"up":[{"embeddable":true,"href":"https:\/\/www.easp.es\/web\/geneida\/wp-json\/wp\/v2\/pages\/28"}],"wp:attachment":[{"href":"https:\/\/www.easp.es\/web\/geneida\/wp-json\/wp\/v2\/media?parent=69"}],"curies":[{"name":"wp","href":"https:\/\/api.w.org\/{rel}","templated":true}]}}