{"id":90,"date":"2021-09-02T12:10:46","date_gmt":"2021-09-02T12:10:46","guid":{"rendered":"https:\/\/www.easp.es\/web\/geneida\/?page_id=90"},"modified":"2022-10-19T16:15:56","modified_gmt":"2022-10-19T14:15:56","slug":"diseno","status":"publish","type":"page","link":"https:\/\/www.easp.es\/web\/geneida\/descripcion-general\/diseno\/","title":{"rendered":"Dise\u00f1o"},"content":{"rendered":"<section class=\"wpb-content-wrapper\"><p>[vc_row][vc_column][vc_column_text]<b>\u00bfC\u00f3mo obtenemos la informaci\u00f3n necesaria para desarrollar los estudios que se desarrollan en la cohorte GENEIDA?<\/b><\/p>\n<p>La informaci\u00f3n necesaria para poder cumplir los objetivos de nuestros estudios proviene principalmente de dos fuentes. Por una parte, el an\u00e1lisis de biomarcadores de exposici\u00f3n y efecto en muestras biol\u00f3gicas recogidas durante las diferentes etapas del seguimiento. Esto significa cuantificar aquellos par\u00e1metros que nos aportan informaci\u00f3n sobre la exposici\u00f3n a contaminantes ambientales, por ejemplo, grupos de plaguicidas, o sobre los efectos en salud, por ejemplo, factores gen\u00e9ticos o epigen\u00e9ticos. Por otra parte, con el uso de cuestionarios recogemos informaci\u00f3n relevante para nuestros estudios, como caracter\u00edsticas sociodemogr\u00e1ficas, exposiciones ambientales y ocupacionales, dieta, estilo de vida, antecedentes m\u00e9dicos, entre otros. El uso integrado de estos datos nos permite identificar c\u00f3mo las exposiciones estudiadas afectan a la salud de las madres y sus hijos e hijas a lo largo del tiempo.[\/vc_column_text][\/vc_column][\/vc_row]<\/p>\n<\/section>","protected":false},"excerpt":{"rendered":"<p>[vc_row][vc_column][vc_column_text]\u00bfC\u00f3mo obtenemos la informaci\u00f3n necesaria para desarrollar los estudios que se desarrollan en la cohorte GENEIDA? La informaci\u00f3n necesaria para poder cumplir los objetivos de nuestros estudios proviene principalmente de [&hellip;]<\/p>\n","protected":false},"author":135,"featured_media":0,"parent":30,"menu_order":4,"comment_status":"closed","ping_status":"closed","template":"","meta":{"footnotes":""},"class_list":["post-90","page","type-page","status-publish","hentry"],"_links":{"self":[{"href":"https:\/\/www.easp.es\/web\/geneida\/wp-json\/wp\/v2\/pages\/90","targetHints":{"allow":["GET"]}}],"collection":[{"href":"https:\/\/www.easp.es\/web\/geneida\/wp-json\/wp\/v2\/pages"}],"about":[{"href":"https:\/\/www.easp.es\/web\/geneida\/wp-json\/wp\/v2\/types\/page"}],"author":[{"embeddable":true,"href":"https:\/\/www.easp.es\/web\/geneida\/wp-json\/wp\/v2\/users\/135"}],"replies":[{"embeddable":true,"href":"https:\/\/www.easp.es\/web\/geneida\/wp-json\/wp\/v2\/comments?post=90"}],"version-history":[{"count":2,"href":"https:\/\/www.easp.es\/web\/geneida\/wp-json\/wp\/v2\/pages\/90\/revisions"}],"predecessor-version":[{"id":120,"href":"https:\/\/www.easp.es\/web\/geneida\/wp-json\/wp\/v2\/pages\/90\/revisions\/120"}],"up":[{"embeddable":true,"href":"https:\/\/www.easp.es\/web\/geneida\/wp-json\/wp\/v2\/pages\/30"}],"wp:attachment":[{"href":"https:\/\/www.easp.es\/web\/geneida\/wp-json\/wp\/v2\/media?parent=90"}],"curies":[{"name":"wp","href":"https:\/\/api.w.org\/{rel}","templated":true}]}}