{"id":92,"date":"2021-09-02T12:14:15","date_gmt":"2021-09-02T12:14:15","guid":{"rendered":"https:\/\/www.easp.es\/web\/geneida\/?page_id=92"},"modified":"2022-10-19T16:19:01","modified_gmt":"2022-10-19T14:19:01","slug":"criterios-inclusion","status":"publish","type":"page","link":"https:\/\/www.easp.es\/web\/geneida\/descripcion-general\/criterios-inclusion\/","title":{"rendered":"Criterios inclusi\u00f3n"},"content":{"rendered":"<section class=\"wpb-content-wrapper\"><p>[vc_row][vc_column][vc_column_text]<b>\u00bfQui\u00e9nes pueden formar parte de la cohorte GENEIDA?<\/b><\/p>\n<p><span style=\"font-weight: 400\">Aquellas mujeres embarazadas que acuden al Hospital de Poniente para el programa de control del embarazo entre la semana 12 y 14 de gestaci\u00f3n, mayores de 16 a\u00f1os, con embarazo \u00fanico y sin uso de t\u00e9cnicas de reproducci\u00f3n asistida. No obstante, aquellas mujeres que tengan <\/span><span style=\"font-weight: 400\">dificultad en la comprensi\u00f3n del idioma castellano y que hayan sido diagnosticadas cl\u00ednicamente de una enfermedad cr\u00f3nica con car\u00e1cter previo al embarazo y que est\u00e9n bajo tratamiento m\u00e9dico (c\u00e1ncer, diabetes, enfermedades pulmonares, renales y hep\u00e1ticas, cardiopat\u00edas\u2026) no podr\u00e1n ser seleccionadas para el estudio.\u00a0<\/span>[\/vc_column_text][\/vc_column][\/vc_row]<\/p>\n<\/section>","protected":false},"excerpt":{"rendered":"<p>[vc_row][vc_column][vc_column_text]\u00bfQui\u00e9nes pueden formar parte de la cohorte GENEIDA? Aquellas mujeres embarazadas que acuden al Hospital de Poniente para el programa de control del embarazo entre la semana 12 y 14 [&hellip;]<\/p>\n","protected":false},"author":135,"featured_media":0,"parent":30,"menu_order":3,"comment_status":"closed","ping_status":"closed","template":"","meta":{"footnotes":""},"class_list":["post-92","page","type-page","status-publish","hentry"],"_links":{"self":[{"href":"https:\/\/www.easp.es\/web\/geneida\/wp-json\/wp\/v2\/pages\/92","targetHints":{"allow":["GET"]}}],"collection":[{"href":"https:\/\/www.easp.es\/web\/geneida\/wp-json\/wp\/v2\/pages"}],"about":[{"href":"https:\/\/www.easp.es\/web\/geneida\/wp-json\/wp\/v2\/types\/page"}],"author":[{"embeddable":true,"href":"https:\/\/www.easp.es\/web\/geneida\/wp-json\/wp\/v2\/users\/135"}],"replies":[{"embeddable":true,"href":"https:\/\/www.easp.es\/web\/geneida\/wp-json\/wp\/v2\/comments?post=92"}],"version-history":[{"count":3,"href":"https:\/\/www.easp.es\/web\/geneida\/wp-json\/wp\/v2\/pages\/92\/revisions"}],"predecessor-version":[{"id":108,"href":"https:\/\/www.easp.es\/web\/geneida\/wp-json\/wp\/v2\/pages\/92\/revisions\/108"}],"up":[{"embeddable":true,"href":"https:\/\/www.easp.es\/web\/geneida\/wp-json\/wp\/v2\/pages\/30"}],"wp:attachment":[{"href":"https:\/\/www.easp.es\/web\/geneida\/wp-json\/wp\/v2\/media?parent=92"}],"curies":[{"name":"wp","href":"https:\/\/api.w.org\/{rel}","templated":true}]}}