{"id":122,"date":"2011-07-20T10:24:28","date_gmt":"2011-07-20T08:24:28","guid":{"rendered":"http:\/\/bimbela.wordpress.com\/?page_id=122"},"modified":"2011-07-20T10:24:28","modified_gmt":"2011-07-20T08:24:28","slug":"contacto","status":"publish","type":"page","link":"https:\/\/www.easp.es\/web\/contacto\/","title":{"rendered":"Contacto"},"content":{"rendered":"<p align=\"justify\"><span style=\"font-size:large\"><strong>Jos\u00e9 Luis Bimbela Pedrola<\/strong><\/span><\/p>\n<p align=\"justify\"><span style=\"font-size:medium\">Doctor en Psicolog\u00eda. <\/span><\/p>\n<p align=\"justify\"><span style=\"font-size:medium\">Master en Salud P\u00fablica. Master en Drogodependencias.<\/span><\/p>\n<p align=\"justify\"><span style=\"font-size:medium\">Profesor-investigador, escritor y conferenciante.<\/span><\/p>\n<p align=\"justify\"><span style=\"font-size:medium\">Escuela Andaluza de Salud P\u00fablica<br \/>\nCampus Universitario de Cartuja<br \/>\nCuesta del Observatorio, 4<\/span><\/p>\n<p align=\"justify\"><span style=\"font-size:medium\">18011 Granada &#8211; Espa\u00f1a<\/span><\/p>\n<p>Telf:\u00a0 +34 958 027 436 \u00a0&#8211;\u00a0m\u00f3vil: +34 671 593 048<\/p>\n<p>Fax:\u00a0 +34 958 027 503<br \/>\ne-mails:<br \/>\n<a href=\"mailto:joseluis.bimbela.easp@juntadeandalucia.es\">joseluis.bimbela.easp@juntadeandalucia.es<\/a><br \/>\n<a href=\"mailto:joseluisbimbela.counselling@hotmail.es\">joseluisbimbela.counselling@hotmail.es<\/a><\/p>\n<p><a href=\"https:\/\/www.easp.es\/web\/wp-content\/uploads\/2015\/07\/blog-primavera-2014-1.jpg\"><img loading=\"lazy\" decoding=\"async\" class=\"alignnone size-medium wp-image-629\" src=\"https:\/\/www.easp.es\/web\/wp-content\/uploads\/2015\/07\/blog-primavera-2014-1.jpg?w=300\" alt=\"Blog primavera 2014-1\" width=\"300\" height=\"169\" srcset=\"https:\/\/www.easp.es\/web\/wp-content\/uploads\/2015\/07\/blog-primavera-2014-1.jpg 954w, https:\/\/www.easp.es\/web\/wp-content\/uploads\/2015\/07\/blog-primavera-2014-1-300x169.jpg 300w, https:\/\/www.easp.es\/web\/wp-content\/uploads\/2015\/07\/blog-primavera-2014-1-768x432.jpg 768w\" sizes=\"auto, (max-width: 300px) 100vw, 300px\" \/><\/a><\/p>\n","protected":false},"excerpt":{"rendered":"<p>Jos\u00e9 Luis Bimbela Pedrola Doctor en Psicolog\u00eda. Master en Salud P\u00fablica. Master en Drogodependencias. Profesor-investigador, escritor y conferenciante. Escuela Andaluza de Salud P\u00fablica Campus Universitario de Cartuja Cuesta del Observatorio, 4 18011 Granada &#8211; Espa\u00f1a Telf:\u00a0 +34 958 027 436 \u00a0&#8211;\u00a0m\u00f3vil: +34 671 593 048 Fax:\u00a0 +34 958 027 503 e-mails: joseluis.bimbela.easp@juntadeandalucia.es joseluisbimbela.counselling@hotmail.es<\/p>\n","protected":false},"author":2,"featured_media":0,"parent":0,"menu_order":13,"comment_status":"closed","ping_status":"closed","template":"","meta":{"footnotes":""},"class_list":["post-122","page","type-page","status-publish","hentry"],"_links":{"self":[{"href":"https:\/\/www.easp.es\/web\/wp-json\/wp\/v2\/pages\/122","targetHints":{"allow":["GET"]}}],"collection":[{"href":"https:\/\/www.easp.es\/web\/wp-json\/wp\/v2\/pages"}],"about":[{"href":"https:\/\/www.easp.es\/web\/wp-json\/wp\/v2\/types\/page"}],"author":[{"embeddable":true,"href":"https:\/\/www.easp.es\/web\/wp-json\/wp\/v2\/users\/2"}],"replies":[{"embeddable":true,"href":"https:\/\/www.easp.es\/web\/wp-json\/wp\/v2\/comments?post=122"}],"version-history":[{"count":0,"href":"https:\/\/www.easp.es\/web\/wp-json\/wp\/v2\/pages\/122\/revisions"}],"wp:attachment":[{"href":"https:\/\/www.easp.es\/web\/wp-json\/wp\/v2\/media?parent=122"}],"curies":[{"name":"wp","href":"https:\/\/api.w.org\/{rel}","templated":true}]}}