{"id":433,"date":"2013-09-24T13:39:28","date_gmt":"2013-09-24T11:39:28","guid":{"rendered":"http:\/\/bimbela.wordpress.com\/?page_id=433"},"modified":"2013-09-24T13:39:28","modified_gmt":"2013-09-24T11:39:28","slug":"cartera-de-servicios-2","status":"publish","type":"page","link":"https:\/\/www.easp.es\/web\/cartera-de-servicios-2\/","title":{"rendered":"Cartera de servicios"},"content":{"rendered":"<p><strong>CURSOS DE FORMACI\u00d3N<\/strong><\/p>\n<p>&#8211; <strong><em>3 modalidades<\/em><\/strong>: PRESENCIAL, SEMI-PRESENCIAL, VIRTUAL.<\/p>\n<p>&#8211; <strong><em>20 tem\u00e1tic<\/em><em>a<\/em>s<\/strong>:<\/p>\n<p>1 . Counselling y Self Counselling<\/p>\n<p>2. Cuidando al coach<\/p>\n<p>3. Cuidando al directivo<\/p>\n<p>4. Cuidando al cuidador<\/p>\n<p>5. Liderazgo (emocional, \u00e9tico, inteligente, con alma)<\/p>\n<p>6. Formaci\u00f3n de Formadores<\/p>\n<p>7. Calidad en la atenci\u00f3n al cliente externo e interno<\/p>\n<p>8. Atenci\u00f3n Farmac\u00e9utica<\/p>\n<p>9. Adherencia terap\u00e9utica<\/p>\n<p>10. Salud emocional \/ Inteligencia emocional \/ Gimnasia emocional<\/p>\n<p>11. Salud social \/ Inteligencia social \/ Gimnasia social<\/p>\n<p>12. Salud espiritual<\/p>\n<p>13. Habilidades de comunicaci\u00f3n interpersonal<\/p>\n<p>14. Habilidades para motivar cambios comportamentales (diagn\u00f3stico e intervenci\u00f3n)<\/p>\n<p>15. Gesti\u00f3n de conflictos<\/p>\n<p>16. Humanizaci\u00f3n del parto<\/p>\n<p>17. J\u00f3venes y adolescentes<\/p>\n<p>18. Sexualidad<\/p>\n<p>19. Drogas<\/p>\n<p>20. Uso inteligente de las TIC (Tecnolog\u00edas de la Informaci\u00f3n y la Comunicaci\u00f3n): internet, m\u00f3vil, TV, videojuegos.<\/p>\n<figure id=\"attachment_476\" aria-describedby=\"caption-attachment-476\" style=\"width: 300px\" class=\"wp-caption alignleft\"><a href=\"https:\/\/www.easp.es\/web\/wp-content\/uploads\/2013\/09\/b-en-clase-2.jpg\"><img loading=\"lazy\" decoding=\"async\" class=\"size-medium wp-image-476\" src=\"https:\/\/www.easp.es\/web\/wp-content\/uploads\/2013\/09\/b-en-clase-2.jpg?w=300\" alt=\"Bimbela en clase\" width=\"300\" height=\"225\" srcset=\"https:\/\/www.easp.es\/web\/wp-content\/uploads\/2013\/09\/b-en-clase-2.jpg 3648w, https:\/\/www.easp.es\/web\/wp-content\/uploads\/2013\/09\/b-en-clase-2-300x225.jpg 300w, https:\/\/www.easp.es\/web\/wp-content\/uploads\/2013\/09\/b-en-clase-2-768x576.jpg 768w, https:\/\/www.easp.es\/web\/wp-content\/uploads\/2013\/09\/b-en-clase-2-1024x768.jpg 1024w\" sizes=\"auto, (max-width: 300px) 100vw, 300px\" \/><\/a><figcaption id=\"caption-attachment-476\" class=\"wp-caption-text\">Bimbela en clase<\/figcaption><\/figure>\n","protected":false},"excerpt":{"rendered":"<p>CURSOS DE FORMACI\u00d3N &#8211; 3 modalidades: PRESENCIAL, SEMI-PRESENCIAL, VIRTUAL. &#8211; 20 tem\u00e1ticas: 1 . Counselling y Self Counselling 2. Cuidando al coach 3. Cuidando al directivo 4. Cuidando al cuidador 5. Liderazgo (emocional, \u00e9tico, inteligente, con alma) 6. Formaci\u00f3n de Formadores 7. Calidad en la atenci\u00f3n al cliente externo e interno 8. Atenci\u00f3n Farmac\u00e9utica 9. &hellip; <\/p>\n<p class=\"link-more\"><a href=\"https:\/\/www.easp.es\/web\/cartera-de-servicios-2\/\" class=\"more-link\">Continuar leyendo<span class=\"screen-reader-text\"> \u00abCartera de servicios\u00bb<\/span><\/a><\/p>\n","protected":false},"author":1,"featured_media":0,"parent":0,"menu_order":0,"comment_status":"open","ping_status":"open","template":"","meta":{"footnotes":""},"class_list":["post-433","page","type-page","status-publish","hentry"],"_links":{"self":[{"href":"https:\/\/www.easp.es\/web\/wp-json\/wp\/v2\/pages\/433","targetHints":{"allow":["GET"]}}],"collection":[{"href":"https:\/\/www.easp.es\/web\/wp-json\/wp\/v2\/pages"}],"about":[{"href":"https:\/\/www.easp.es\/web\/wp-json\/wp\/v2\/types\/page"}],"author":[{"embeddable":true,"href":"https:\/\/www.easp.es\/web\/wp-json\/wp\/v2\/users\/1"}],"replies":[{"embeddable":true,"href":"https:\/\/www.easp.es\/web\/wp-json\/wp\/v2\/comments?post=433"}],"version-history":[{"count":0,"href":"https:\/\/www.easp.es\/web\/wp-json\/wp\/v2\/pages\/433\/revisions"}],"wp:attachment":[{"href":"https:\/\/www.easp.es\/web\/wp-json\/wp\/v2\/media?parent=433"}],"curies":[{"name":"wp","href":"https:\/\/api.w.org\/{rel}","templated":true}]}}